{"id":1473,"date":"2025-11-07T18:40:38","date_gmt":"2025-11-07T18:40:38","guid":{"rendered":"https:\/\/help.unhcr.org\/colombia\/?page_id=1473"},"modified":"2025-11-07T18:40:39","modified_gmt":"2025-11-07T18:40:39","slug":"violencias-basadas-en-genero-vbg","status":"publish","type":"page","link":"https:\/\/help.unhcr.org\/colombia\/proteccion-en-colombia\/violencias-basadas-en-genero-vbg\/","title":{"rendered":"Violencias\u00a0Basadas en\u00a0G\u00e9nero (VBG)\u202f\u00a0"},"content":{"rendered":"\n<p>Toda persona&nbsp;tiene derecho a vivir&nbsp;una&nbsp;vida&nbsp;libre de violencias. Esto significa vivir tranquila, con dignidad, sin agresiones f\u00edsicas, psicol\u00f3gicas o sexuales.&nbsp;<\/p>\n\n\n\n<p>Tambi\u00e9n&nbsp;tiene derecho&nbsp;a la igualdad&nbsp;(real y efectiva)&nbsp;y a no ser discriminada de ninguna manera.&nbsp;<\/p>\n\n\n\n<p><\/p>\n","protected":false},"excerpt":{"rendered":"<p>Toda persona&nbsp;tiene derecho a vivir&nbsp;una&nbsp;vida&nbsp;libre de violencias. Esto significa vivir tranquila, con dignidad, sin agresiones f\u00edsicas, psicol\u00f3gicas o sexuales.&nbsp; Tambi\u00e9n&nbsp;tiene derecho&nbsp;a la igualdad&nbsp;(real y efectiva)&nbsp;y a no ser discriminada de ninguna manera.&nbsp;<\/p>\n","protected":false},"author":570,"featured_media":0,"parent":1468,"menu_order":3,"comment_status":"closed","ping_status":"closed","template":"page-templates\/sectioned.php","meta":{"_acf_changed":false,"footnotes":""},"class_list":["post-1473","page","type-page","status-publish","hentry"],"acf":[],"_links":{"self":[{"href":"https:\/\/help.unhcr.org\/colombia\/wp-json\/wp\/v2\/pages\/1473","targetHints":{"allow":["GET"]}}],"collection":[{"href":"https:\/\/help.unhcr.org\/colombia\/wp-json\/wp\/v2\/pages"}],"about":[{"href":"https:\/\/help.unhcr.org\/colombia\/wp-json\/wp\/v2\/types\/page"}],"author":[{"embeddable":true,"href":"https:\/\/help.unhcr.org\/colombia\/wp-json\/wp\/v2\/users\/570"}],"replies":[{"embeddable":true,"href":"https:\/\/help.unhcr.org\/colombia\/wp-json\/wp\/v2\/comments?post=1473"}],"version-history":[{"count":3,"href":"https:\/\/help.unhcr.org\/colombia\/wp-json\/wp\/v2\/pages\/1473\/revisions"}],"predecessor-version":[{"id":1476,"href":"https:\/\/help.unhcr.org\/colombia\/wp-json\/wp\/v2\/pages\/1473\/revisions\/1476"}],"up":[{"embeddable":true,"href":"https:\/\/help.unhcr.org\/colombia\/wp-json\/wp\/v2\/pages\/1468"}],"wp:attachment":[{"href":"https:\/\/help.unhcr.org\/colombia\/wp-json\/wp\/v2\/media?parent=1473"}],"curies":[{"name":"wp","href":"https:\/\/api.w.org\/{rel}","templated":true}]}}