{"id":1468,"date":"2025-11-07T18:31:28","date_gmt":"2025-11-07T18:31:28","guid":{"rendered":"https:\/\/help.unhcr.org\/colombia\/?page_id=1468"},"modified":"2025-11-18T16:37:53","modified_gmt":"2025-11-18T16:37:53","slug":"proteccion-en-colombia","status":"publish","type":"page","link":"https:\/\/help.unhcr.org\/colombia\/proteccion-en-colombia\/","title":{"rendered":"Protecci\u00f3n en Colombia"},"content":{"rendered":"\n<p>Si usted est\u00e1 en Colombia y necesita protecci\u00f3n, en esta p\u00e1gina encontrar\u00e1 informaci\u00f3n sobre sus derechos y las rutas de atenci\u00f3n para:<\/p>\n\n\n\n<p><\/p>\n","protected":false},"excerpt":{"rendered":"<p>Si usted est\u00e1 en Colombia y necesita protecci\u00f3n, en esta p\u00e1gina encontrar\u00e1 informaci\u00f3n sobre sus derechos y las rutas de atenci\u00f3n para:<\/p>\n","protected":false},"author":441,"featured_media":0,"parent":0,"menu_order":4,"comment_status":"closed","ping_status":"closed","template":"page-templates\/listing_page.php","meta":{"_acf_changed":false,"footnotes":""},"class_list":["post-1468","page","type-page","status-publish","hentry"],"acf":[],"_links":{"self":[{"href":"https:\/\/help.unhcr.org\/colombia\/wp-json\/wp\/v2\/pages\/1468","targetHints":{"allow":["GET"]}}],"collection":[{"href":"https:\/\/help.unhcr.org\/colombia\/wp-json\/wp\/v2\/pages"}],"about":[{"href":"https:\/\/help.unhcr.org\/colombia\/wp-json\/wp\/v2\/types\/page"}],"author":[{"embeddable":true,"href":"https:\/\/help.unhcr.org\/colombia\/wp-json\/wp\/v2\/users\/441"}],"replies":[{"embeddable":true,"href":"https:\/\/help.unhcr.org\/colombia\/wp-json\/wp\/v2\/comments?post=1468"}],"version-history":[{"count":1,"href":"https:\/\/help.unhcr.org\/colombia\/wp-json\/wp\/v2\/pages\/1468\/revisions"}],"predecessor-version":[{"id":1469,"href":"https:\/\/help.unhcr.org\/colombia\/wp-json\/wp\/v2\/pages\/1468\/revisions\/1469"}],"wp:attachment":[{"href":"https:\/\/help.unhcr.org\/colombia\/wp-json\/wp\/v2\/media?parent=1468"}],"curies":[{"name":"wp","href":"https:\/\/api.w.org\/{rel}","templated":true}]}}