{"id":1436,"date":"2025-11-07T17:57:07","date_gmt":"2025-11-07T17:57:07","guid":{"rendered":"https:\/\/help.unhcr.org\/colombia\/?page_id=1436"},"modified":"2025-11-07T18:15:08","modified_gmt":"2025-11-07T18:15:08","slug":"documentacion-para-personas-refugiadas","status":"publish","type":"page","link":"https:\/\/help.unhcr.org\/colombia\/solicitando-la-condicion-de-refugiado\/documentacion-para-personas-refugiadas\/","title":{"rendered":"Documentaci\u00f3n para personas refugiadas\u00a0"},"content":{"rendered":"\n<p>Si\u00a0usted\u00a0es una persona refugiada en Colombia,\u00a0consulte aqu\u00ed informaci\u00f3n sobre c\u00f3mo obtener o renovar su Documento de Viaje, la Visa M de Refugiado y la C\u00e9dula de Extranjer\u00eda. Tambi\u00e9n encuentre\u00a0orientaci\u00f3n sobre otros tr\u00e1mites como la Visa R de Residente y el SC2 de \u201ctr\u00e1mite de visa\u201d.\u00a0<\/p>\n\n\n\n<p><strong>Tenga\u00a0en\u00a0cuenta:\u00a0<\/strong><\/p>\n\n\n\n<ul class=\"wp-block-list\">\n<li>Cuando el\u00a0Grupo Interno de Trabajo-Refugio (GIT Refugio)\u00a0le reconoci\u00f3 como refugiado, le envi\u00f3 un correo\u00a0desde\u00a0<a href=\"mailto:notificacionesrefugio@cancilleria.gov.co\" target=\"_blank\" rel=\"noreferrer noopener\">notificacionesrefugio@cancilleria.gov.co<\/a>,\u00a0con la resoluci\u00f3n\u00a0y 2 gu\u00edas para solicitar la expedici\u00f3n del documento de viaje y de la visa M de refugiado.\u00a0Lea la informaci\u00f3n que le enviaron y\u00a0guarde\u00a0bien\u00a0la resoluci\u00f3n, la\u00a0necesitar\u00e1 para sus tr\u00e1mites\u00a0de documentaci\u00f3n.\u00a0<\/li>\n<\/ul>\n\n\n\n<ul class=\"wp-block-list\">\n<li>El titular de la solicitud\u00a0de refugiado\u00a0debe hacer primero su tr\u00e1mite y luego el de sus beneficiarios (si los hay).\u00a0<\/li>\n<\/ul>\n\n\n\n<ul class=\"wp-block-list\">\n<li>El orden de los tr\u00e1mites es: primero el Documento de Viaje, luego la\u00a0Visa\u00a0M de Refugiado\u00a0y, por \u00faltimo, la\u00a0C\u00e9dula de\u00a0Extranjer\u00eda.\u00a0<\/li>\n<\/ul>\n\n\n\n<ul class=\"wp-block-list\">\n<li>Es su responsabilidad mantener sus documentos vigentes. Inicie los tr\u00e1mites al menos 30 d\u00edas h\u00e1biles antes del vencimiento.\u00a0Su protecci\u00f3n y regularidad en Colombia dependen de\u00a0ello.\u00a0<\/li>\n<\/ul>\n\n\n\n<ul class=\"wp-block-list\">\n<li>Si tiene dudas, consulte\u00a0a las autoridades competentes:\u00a0<\/li>\n<\/ul>\n\n\n\n<ul class=\"wp-block-list\">\n<li>GIT-Refugio: le env\u00eda la resoluci\u00f3n de reconocimiento\u00a0desde el correo\u00a0<a href=\"mailto:notificacionesrefugio@cancilleria.gov.co\" target=\"_blank\" rel=\"noreferrer noopener\">notificacionesrefugio@cancilleria.gov.co<\/a>.\u00a0<strong>El correo de\u00a0<\/strong><a href=\"mailto:notificacionesentramite@cancilleria.gov.co\" target=\"_blank\" rel=\"noreferrer noopener\"><strong>notificacionesentramite@cancilleria.gov.co<\/strong><\/a><strong>\u00a0es una cuenta para enviar comunicaciones\u00a0\u00fanicamente. No recibir\u00e1\u00a0respuesta de ese correo electr\u00f3nico.\u00a0<\/strong>Si tiene alguna duda escriba al correo\u00a0<a href=\"mailto:solicitudesentramite@cancilleria.gov.co\" target=\"_blank\" rel=\"noreferrer noopener\">solicitudesentramite@cancilleria.gov.co<\/a>.\u00a0\u00a0<\/li>\n<\/ul>\n\n\n\n<ul class=\"wp-block-list\">\n<li>Ministerio de Relaciones\u00a0Exteriores\u00a0tramita\u00a0el documento de viaje y\u00a0la\u00a0Visa M de Refugiado.\u00a0<\/li>\n<\/ul>\n\n\n\n<ul class=\"wp-block-list\">\n<li>Migraci\u00f3n Colombia (<a href=\"https:\/\/www.migracioncolombia.gov.co\/\" target=\"_blank\" rel=\"noreferrer noopener\">https:\/\/www.migracioncolombia.gov.co\/<\/a>): tramita el SC2 de \u201ctr\u00e1mite de visa\u201d (si lo necesita) y la C\u00e9dula de Extranjer\u00eda.\u00a0<\/li>\n<\/ul>\n\n\n\n<p><strong>ATENCI\u00d3N:<\/strong>&nbsp;<\/p>\n\n\n\n<p><strong>Como refugiado, no se esperar\u00eda que usted vuelva al pa\u00eds donde enfrenta un peligro, sin embargo, si existe una circunstancia excepcional por la que tenga que&nbsp;regresar, debe considerar lo siguiente:<\/strong>&nbsp;<\/p>\n\n\n\n<p>Debe pedir autorizaci\u00f3n a la Comisi\u00f3n Asesora para la Determinaci\u00f3n de la Condici\u00f3n de Refugiado (CONARE).\u00a0\u00a0<\/p>\n\n\n\n<p>Escriba a&nbsp;<a href=\"mailto:solicitudesentramite@cancilleria.gov.co\" target=\"_blank\" rel=\"noreferrer noopener\">solicitudesentramite@cancilleria.gov.co<\/a>&nbsp;explicando&nbsp;los motivos por los cuales tiene que viajar a su pa\u00eds de origen y solicite&nbsp;autorizaci\u00f3n de la CONARE.&nbsp;&nbsp;<\/p>\n\n\n\n<p>Espere la respuesta antes de viajar.&nbsp;<strong>Si&nbsp;viaja&nbsp;sin permiso, la CONARE le quitar\u00e1 la condici\u00f3n de refugiado y cancelar\u00e1 su documentaci\u00f3n y la de sus beneficiarios<\/strong>.&nbsp;<\/p>\n","protected":false},"excerpt":{"rendered":"<p>Si\u00a0usted\u00a0es una persona refugiada en Colombia,\u00a0consulte aqu\u00ed informaci\u00f3n sobre c\u00f3mo obtener o renovar su Documento de Viaje, la Visa M de Refugiado y la C\u00e9dula de Extranjer\u00eda. Tambi\u00e9n encuentre\u00a0orientaci\u00f3n sobre otros tr\u00e1mites como la Visa R de Residente y el SC2 de \u201ctr\u00e1mite de visa\u201d.\u00a0 Tenga\u00a0en\u00a0cuenta:\u00a0 ATENCI\u00d3N:&nbsp; Como refugiado, no se esperar\u00eda que usted vuelva [&hellip;]<\/p>\n","protected":false},"author":570,"featured_media":0,"parent":106,"menu_order":3,"comment_status":"closed","ping_status":"closed","template":"page-templates\/sectioned.php","meta":{"_acf_changed":false,"footnotes":""},"class_list":["post-1436","page","type-page","status-publish","hentry"],"acf":[],"_links":{"self":[{"href":"https:\/\/help.unhcr.org\/colombia\/wp-json\/wp\/v2\/pages\/1436","targetHints":{"allow":["GET"]}}],"collection":[{"href":"https:\/\/help.unhcr.org\/colombia\/wp-json\/wp\/v2\/pages"}],"about":[{"href":"https:\/\/help.unhcr.org\/colombia\/wp-json\/wp\/v2\/types\/page"}],"author":[{"embeddable":true,"href":"https:\/\/help.unhcr.org\/colombia\/wp-json\/wp\/v2\/users\/570"}],"replies":[{"embeddable":true,"href":"https:\/\/help.unhcr.org\/colombia\/wp-json\/wp\/v2\/comments?post=1436"}],"version-history":[{"count":8,"href":"https:\/\/help.unhcr.org\/colombia\/wp-json\/wp\/v2\/pages\/1436\/revisions"}],"predecessor-version":[{"id":1504,"href":"https:\/\/help.unhcr.org\/colombia\/wp-json\/wp\/v2\/pages\/1436\/revisions\/1504"}],"up":[{"embeddable":true,"href":"https:\/\/help.unhcr.org\/colombia\/wp-json\/wp\/v2\/pages\/106"}],"wp:attachment":[{"href":"https:\/\/help.unhcr.org\/colombia\/wp-json\/wp\/v2\/media?parent=1436"}],"curies":[{"name":"wp","href":"https:\/\/api.w.org\/{rel}","templated":true}]}}