{"id":1429,"date":"2025-11-07T17:56:06","date_gmt":"2025-11-07T17:56:06","guid":{"rendered":"https:\/\/help.unhcr.org\/colombia\/?page_id=1429"},"modified":"2025-11-18T16:29:35","modified_gmt":"2025-11-18T16:29:35","slug":"como-llenar-el-formato-para-solicitar-la-condicion-de-refugiado-en-colombia","status":"publish","type":"page","link":"https:\/\/help.unhcr.org\/colombia\/solicitando-la-condicion-de-refugiado\/como-llenar-el-formato-para-solicitar-la-condicion-de-refugiado-en-colombia\/","title":{"rendered":"\u00bfC\u00f3mo llenar el formato para solicitar la condici\u00f3n de refugiado en Colombia?\u00a0"},"content":{"rendered":"\n<p>Si necesita protecci\u00f3n internacional, puede solicitar el reconocimiento de la condici\u00f3n de refugiado&nbsp;o \u201crefugio\u201d&nbsp;ante&nbsp;el Grupo Interno de Trabajo de Determinaci\u00f3n de la Condici\u00f3n de Refugiado (GIT Refugio)&nbsp;del Ministerio de Relaciones Exteriores de Colombia&nbsp;(MRE-Canciller\u00eda).&nbsp;&nbsp;<\/p>\n\n\n\n<p>Aqu\u00ed le explicamos c\u00f3mo\u00a0hacerlo\u00a0y qu\u00e9 debe tener en cuenta.\u00a0<\/p>\n\n\n\n<p><strong>Antes de&nbsp;empezar<\/strong>&nbsp;<\/p>\n\n\n\n<ul class=\"wp-block-list\">\n<li>Analice las razones por las que sali\u00f3 de su pa\u00eds. Verifique si se ajustan a la definici\u00f3n de refugiado seg\u00fan los instrumentos internacionales y\u00a0el Decreto\u00a01067 de 2015, consultando en:\u00a0\u00bfQui\u00e9n es una persona refugiada?\u00a0Esto le ayudar\u00e1 a saber si necesita protecci\u00f3n internacional o si debe solicitar otro tipo de tr\u00e1mite migratorio.\u00a0<\/li>\n<\/ul>\n\n\n\n<ul class=\"wp-block-list\">\n<li>Aseg\u00farese de estar en territorio colombiano.\u00a0<\/li>\n<\/ul>\n\n\n\n<ul class=\"wp-block-list\">\n<li>Tiene hasta\u202f<strong>2 meses<\/strong>\u202fdesde su ingreso\u00a0a Colombia\u00a0para presentar la solicitud. Si ya pas\u00f3 ese tiempo,\u00a0debe\u00a0explicar los motivos del retraso en el formato\u00a0de solicitud.\u00a0Si no lo hace, su\u00a0caso\u00a0podr\u00eda ser rechazado.\u00a0<\/li>\n<\/ul>\n\n\n\n<p><\/p>\n","protected":false},"excerpt":{"rendered":"<p>Si necesita protecci\u00f3n internacional, puede solicitar el reconocimiento de la condici\u00f3n de refugiado&nbsp;o \u201crefugio\u201d&nbsp;ante&nbsp;el Grupo Interno de Trabajo de Determinaci\u00f3n de la Condici\u00f3n de Refugiado (GIT Refugio)&nbsp;del Ministerio de Relaciones Exteriores de Colombia&nbsp;(MRE-Canciller\u00eda).&nbsp;&nbsp; Aqu\u00ed le explicamos c\u00f3mo\u00a0hacerlo\u00a0y qu\u00e9 debe tener en cuenta.\u00a0 Antes de&nbsp;empezar&nbsp;<\/p>\n","protected":false},"author":570,"featured_media":0,"parent":106,"menu_order":1,"comment_status":"closed","ping_status":"closed","template":"page-templates\/sectioned.php","meta":{"_acf_changed":false,"footnotes":""},"class_list":["post-1429","page","type-page","status-publish","hentry"],"acf":[],"_links":{"self":[{"href":"https:\/\/help.unhcr.org\/colombia\/wp-json\/wp\/v2\/pages\/1429","targetHints":{"allow":["GET"]}}],"collection":[{"href":"https:\/\/help.unhcr.org\/colombia\/wp-json\/wp\/v2\/pages"}],"about":[{"href":"https:\/\/help.unhcr.org\/colombia\/wp-json\/wp\/v2\/types\/page"}],"author":[{"embeddable":true,"href":"https:\/\/help.unhcr.org\/colombia\/wp-json\/wp\/v2\/users\/570"}],"replies":[{"embeddable":true,"href":"https:\/\/help.unhcr.org\/colombia\/wp-json\/wp\/v2\/comments?post=1429"}],"version-history":[{"count":6,"href":"https:\/\/help.unhcr.org\/colombia\/wp-json\/wp\/v2\/pages\/1429\/revisions"}],"predecessor-version":[{"id":1435,"href":"https:\/\/help.unhcr.org\/colombia\/wp-json\/wp\/v2\/pages\/1429\/revisions\/1435"}],"up":[{"embeddable":true,"href":"https:\/\/help.unhcr.org\/colombia\/wp-json\/wp\/v2\/pages\/106"}],"wp:attachment":[{"href":"https:\/\/help.unhcr.org\/colombia\/wp-json\/wp\/v2\/media?parent=1429"}],"curies":[{"name":"wp","href":"https:\/\/api.w.org\/{rel}","templated":true}]}}