{"id":140,"date":"2018-08-29T12:36:05","date_gmt":"2018-08-29T12:36:05","guid":{"rendered":"http:\/\/help.unhcr.org\/colombia\/?page_id=140"},"modified":"2026-01-22T17:21:08","modified_gmt":"2026-01-22T17:21:08","slug":"secretariado-nacional-de-pastoral-social","status":"publish","type":"page","link":"https:\/\/help.unhcr.org\/colombia\/bienvenido-a\/donde-encontrar-ayuda\/secretariado-nacional-de-pastoral-social\/","title":{"rendered":"Secretariado Nacional de Pastoral Social"},"content":{"rendered":"<div data-olk-copy-source=\"MessageBody\">El secretariado Nacional de Pastoral Social\u00a0C\u00e1ritas Colombiana (SNPS-CC) es un organismo eclesial, sin \u00e1nimo de lucro, dependiente de la Conferencia Episcopal de Colombia (CEC) que busca la verdad, la reconciliaci\u00f3n, la justicia y la caridad en las relaciones y estructuras fundamentales de nuestra sociedad.<\/div>\n<div>\u00a0<\/div>\n<div>El SNPS-CC apoya los programas del ACNUR en Colombia, brindando orientaci\u00f3n legal, acompa\u00f1amiento en la protecci\u00f3n de sus derechos, asistencia humanitaria e integraci\u00f3n local para las personas refugiadas.<\/div>\n<div>\u00a0<\/div>\n<div>Si usted es una persona refugiada, migrante, desplazada o retornada,\u00a0puede solicitar acompa\u00f1amiento a SNPS-CC sobre todos los temas relacionados con la b\u00fasqueda de protecci\u00f3n internacional y soluciones duraderas en el pa\u00eds.<\/div>\n<div>\u00a0<\/div>\n<div><b>Tel:\u00a0<\/b>3115273693<br \/><b>E-mail:\u00a0<\/b><u><a id=\"OWA4233ed77-b2a0-b775-8d1c-f0dd919cf159\" title=\"mailto:snpsrefugiados@cec.org.co\" href=\"mailto:snpsrefugiados@cec.org.co\" data-linkindex=\"8\">snpsrefugiados@cec.org.co<\/a><\/u><br \/><b>Horario:<\/b>\u00a0de lunes a viernes 8:00-12:00, 14:00-17:00<\/div>\n\n\n<p><\/p>\n","protected":false},"excerpt":{"rendered":"<p>El secretariado Nacional de Pastoral Social\u00a0C\u00e1ritas Colombiana (SNPS-CC) es un organismo eclesial, sin \u00e1nimo de lucro, dependiente de la Conferencia Episcopal de Colombia (CEC) que busca la verdad, la reconciliaci\u00f3n, la justicia y la caridad en las relaciones y estructuras fundamentales de nuestra sociedad. \u00a0 El SNPS-CC apoya los programas del ACNUR en Colombia, brindando [&hellip;]<\/p>\n","protected":false},"author":1,"featured_media":0,"parent":91,"menu_order":5,"comment_status":"closed","ping_status":"closed","template":"","meta":{"_acf_changed":false,"footnotes":""},"class_list":["post-140","page","type-page","status-publish","hentry"],"acf":[],"_links":{"self":[{"href":"https:\/\/help.unhcr.org\/colombia\/wp-json\/wp\/v2\/pages\/140","targetHints":{"allow":["GET"]}}],"collection":[{"href":"https:\/\/help.unhcr.org\/colombia\/wp-json\/wp\/v2\/pages"}],"about":[{"href":"https:\/\/help.unhcr.org\/colombia\/wp-json\/wp\/v2\/types\/page"}],"author":[{"embeddable":true,"href":"https:\/\/help.unhcr.org\/colombia\/wp-json\/wp\/v2\/users\/1"}],"replies":[{"embeddable":true,"href":"https:\/\/help.unhcr.org\/colombia\/wp-json\/wp\/v2\/comments?post=140"}],"version-history":[{"count":7,"href":"https:\/\/help.unhcr.org\/colombia\/wp-json\/wp\/v2\/pages\/140\/revisions"}],"predecessor-version":[{"id":1517,"href":"https:\/\/help.unhcr.org\/colombia\/wp-json\/wp\/v2\/pages\/140\/revisions\/1517"}],"up":[{"embeddable":true,"href":"https:\/\/help.unhcr.org\/colombia\/wp-json\/wp\/v2\/pages\/91"}],"wp:attachment":[{"href":"https:\/\/help.unhcr.org\/colombia\/wp-json\/wp\/v2\/media?parent=140"}],"curies":[{"name":"wp","href":"https:\/\/api.w.org\/{rel}","templated":true}]}}