{"id":1330,"date":"2025-10-01T21:07:28","date_gmt":"2025-10-01T21:07:28","guid":{"rendered":"https:\/\/help.unhcr.org\/colombia\/?page_id=1330"},"modified":"2025-12-11T16:35:26","modified_gmt":"2025-12-11T16:35:26","slug":"convocatorias","status":"publish","type":"page","link":"https:\/\/help.unhcr.org\/colombia\/vias-complementarias\/convocatorias\/","title":{"rendered":"Convocatorias"},"content":{"rendered":"\n<p><strong>\u00a1Estudia un M\u00e1ster en Francia con el programa UNIV\u2019R!<\/strong><\/p>\n\n\n\n<p>El programa <strong>UNIV\u2019R<\/strong>, impulsado por la <strong>Agencia de la ONU para los Refugiados (ACNUR),<\/strong> y la <strong>Agencia Universitaria de la Francofon\u00eda (AUF)<\/strong>, abre su convocatoria para refugiados que residan en un primer pa\u00eds de asilo y hayan sido admitidos previamente en un <strong>M\u00e1ster de dos a\u00f1os en Sciences Po<\/strong> (excepto dobles t\u00edtulos y m\u00e1steres de un a\u00f1o).<\/p>\n\n\n\n<p>Este programa busca <strong>facilitar el acceso a la educaci\u00f3n superior en Francia<\/strong> y ofrece un acompa\u00f1amiento completo:<\/p>\n\n\n\n<p>\u2714 <strong>Apoyo administrativo, social y financiero<\/strong><br>\u2714 <strong>Exenci\u00f3n de tasas de visado<\/strong><br>\u2714 <strong>Beca que cubre gastos de viaje y seguro social<\/strong><\/p>\n\n\n\n<p>Los beneficiarios llegar\u00e1n a Francia con un <strong>visado de estudiante (VLS-TS)<\/strong>. Al finalizar sus estudios, podr\u00e1n solicitar un permiso de residencia de un a\u00f1o para la b\u00fasqueda de empleo (no garantiza estancia permanente).<\/p>\n\n\n\n<p><strong>Importante:<\/strong> El visado es individual y no permite reagrupaci\u00f3n familiar.<\/p>\n\n\n\n<p><strong>\u00bfPor qu\u00e9 elegir Sciences Po?<\/strong><\/p>\n\n\n\n<p>Sciences Po es una universidad selectiva que ofrece <strong>30 programas de M\u00e1ster en ciencias humanas y sociales<\/strong>, basados en la excelencia acad\u00e9mica, la apertura internacional y el desarrollo profesional.<\/p>\n\n\n\n<ul class=\"wp-block-list\">\n<li>Programas impartidos en ingl\u00e9s o franc\u00e9s<\/li>\n\n\n\n<li>Campus en Par\u00eds<\/li>\n\n\n\n<li>Inicio: <strong>septiembre de 2026<\/strong><\/li>\n\n\n\n<li>Requisito: t\u00edtulo equivalente a <strong>licenciatura<\/strong><\/li>\n<\/ul>\n\n\n\n<p><strong>\u00a1Postula ahora y haz realidad tu proyecto acad\u00e9mico!<\/strong><br>?<a href=\"https:\/\/eur02.safelinks.protection.outlook.com\/?url=https%3A%2F%2Fenketo.unhcr.org%2Fx%2FSs7fgBgz&amp;data=05%7C02%7Carreaza%40unhcr.org%7C119e81838be043a1f4f508de30df1940%7Ce5c37981666441348a0c6543d2af80be%7C0%7C0%7C639001931971540850%7CUnknown%7CTWFpbGZsb3d8eyJFbXB0eU1hcGkiOnRydWUsIlYiOiIwLjAuMDAwMCIsIlAiOiJXaW4zMiIsIkFOIjoiTWFpbCIsIldUIjoyfQ%3D%3D%7C0%7C%7C%7C&amp;sdata=oMI%2FFLUvSp2o7hevkWCp1Mv9%2BPr9GSEPqzrWh6g25as%3D&amp;reserved=0\">UNIV&#8217;R \u2013 Candidature Master Sciences Po 2026<\/a><\/p>\n","protected":false},"excerpt":{"rendered":"<p>\u00a1Estudia un M\u00e1ster en Francia con el programa UNIV\u2019R! El programa UNIV\u2019R, impulsado por la Agencia de la ONU para los Refugiados (ACNUR), y la Agencia Universitaria de la Francofon\u00eda (AUF), abre su convocatoria para refugiados que residan en un primer pa\u00eds de asilo y hayan sido admitidos previamente en un M\u00e1ster de dos a\u00f1os [&hellip;]<\/p>\n","protected":false},"author":570,"featured_media":0,"parent":1227,"menu_order":7,"comment_status":"closed","ping_status":"closed","template":"page-templates\/listing_page.php","meta":{"_acf_changed":false,"footnotes":""},"class_list":["post-1330","page","type-page","status-publish","hentry"],"acf":[],"_links":{"self":[{"href":"https:\/\/help.unhcr.org\/colombia\/wp-json\/wp\/v2\/pages\/1330","targetHints":{"allow":["GET"]}}],"collection":[{"href":"https:\/\/help.unhcr.org\/colombia\/wp-json\/wp\/v2\/pages"}],"about":[{"href":"https:\/\/help.unhcr.org\/colombia\/wp-json\/wp\/v2\/types\/page"}],"author":[{"embeddable":true,"href":"https:\/\/help.unhcr.org\/colombia\/wp-json\/wp\/v2\/users\/570"}],"replies":[{"embeddable":true,"href":"https:\/\/help.unhcr.org\/colombia\/wp-json\/wp\/v2\/comments?post=1330"}],"version-history":[{"count":3,"href":"https:\/\/help.unhcr.org\/colombia\/wp-json\/wp\/v2\/pages\/1330\/revisions"}],"predecessor-version":[{"id":1508,"href":"https:\/\/help.unhcr.org\/colombia\/wp-json\/wp\/v2\/pages\/1330\/revisions\/1508"}],"up":[{"embeddable":true,"href":"https:\/\/help.unhcr.org\/colombia\/wp-json\/wp\/v2\/pages\/1227"}],"wp:attachment":[{"href":"https:\/\/help.unhcr.org\/colombia\/wp-json\/wp\/v2\/media?parent=1330"}],"curies":[{"name":"wp","href":"https:\/\/api.w.org\/{rel}","templated":true}]}}