{"id":1242,"date":"2025-07-15T21:34:27","date_gmt":"2025-07-15T21:34:27","guid":{"rendered":"https:\/\/help.unhcr.org\/colombia\/?page_id=1242"},"modified":"2025-07-15T21:34:28","modified_gmt":"2025-07-15T21:34:28","slug":"reunificacion-familiar","status":"publish","type":"page","link":"https:\/\/help.unhcr.org\/colombia\/vias-complementarias\/reunificacion-familiar\/","title":{"rendered":"Reunificaci\u00f3n familiar\u00a0"},"content":{"rendered":"\n<p>La reunificaci\u00f3n familiar <strong>es un derecho humano fundamental<\/strong>, que le permite reunirse con sus familiares inmediatos en otro pa\u00eds.&nbsp;<\/p>\n\n\n\n<p>A diferencia de otras v\u00edas complementarias, <strong>los estados tienen la obligaci\u00f3n de facilitar este proceso<\/strong> y, por tanto, de crear los marcos legales necesarios. Muchos pa\u00edses ya tienen procedimientos legales para hacer posible la reunificaci\u00f3n familiar.&nbsp;<\/p>\n\n\n\n<p>Le recomendamos visitar la p\u00e1gina de ACNUR del pa\u00eds en donde desea reunirse con su familia, consultando en: <a href=\"https:\/\/help.unhcr.org\/\" target=\"_blank\" rel=\"noreferrer noopener\">Information for Refugees, Asylum-seekers and Stateless People | UNHCR<\/a>. <a href=\"https:\/\/help.unhcr.org\/\" target=\"_blank\" rel=\"noreferrer noopener\">https:\/\/help.unhcr.org\/<\/a>&nbsp;<\/p>\n\n\n\n<p><\/p>\n","protected":false},"excerpt":{"rendered":"<p>La reunificaci\u00f3n familiar es un derecho humano fundamental, que le permite reunirse con sus familiares inmediatos en otro pa\u00eds.&nbsp; A diferencia de otras v\u00edas complementarias, los estados tienen la obligaci\u00f3n de facilitar este proceso y, por tanto, de crear los marcos legales necesarios. Muchos pa\u00edses ya tienen procedimientos legales para hacer posible la reunificaci\u00f3n familiar.&nbsp; [&hellip;]<\/p>\n","protected":false},"author":441,"featured_media":0,"parent":1227,"menu_order":0,"comment_status":"closed","ping_status":"closed","template":"page-templates\/listing_page.php","meta":{"_acf_changed":false,"footnotes":""},"class_list":["post-1242","page","type-page","status-publish","hentry"],"acf":[],"_links":{"self":[{"href":"https:\/\/help.unhcr.org\/colombia\/wp-json\/wp\/v2\/pages\/1242","targetHints":{"allow":["GET"]}}],"collection":[{"href":"https:\/\/help.unhcr.org\/colombia\/wp-json\/wp\/v2\/pages"}],"about":[{"href":"https:\/\/help.unhcr.org\/colombia\/wp-json\/wp\/v2\/types\/page"}],"author":[{"embeddable":true,"href":"https:\/\/help.unhcr.org\/colombia\/wp-json\/wp\/v2\/users\/441"}],"replies":[{"embeddable":true,"href":"https:\/\/help.unhcr.org\/colombia\/wp-json\/wp\/v2\/comments?post=1242"}],"version-history":[{"count":1,"href":"https:\/\/help.unhcr.org\/colombia\/wp-json\/wp\/v2\/pages\/1242\/revisions"}],"predecessor-version":[{"id":1244,"href":"https:\/\/help.unhcr.org\/colombia\/wp-json\/wp\/v2\/pages\/1242\/revisions\/1244"}],"up":[{"embeddable":true,"href":"https:\/\/help.unhcr.org\/colombia\/wp-json\/wp\/v2\/pages\/1227"}],"wp:attachment":[{"href":"https:\/\/help.unhcr.org\/colombia\/wp-json\/wp\/v2\/media?parent=1242"}],"curies":[{"name":"wp","href":"https:\/\/api.w.org\/{rel}","templated":true}]}}