{"id":1238,"date":"2025-07-15T21:00:02","date_gmt":"2025-07-15T21:00:02","guid":{"rendered":"https:\/\/help.unhcr.org\/colombia\/?page_id=1238"},"modified":"2025-07-15T21:00:02","modified_gmt":"2025-07-15T21:00:02","slug":"empleo","status":"publish","type":"page","link":"https:\/\/help.unhcr.org\/colombia\/vias-complementarias\/empleo\/","title":{"rendered":"Empleo"},"content":{"rendered":"\n<p>Las v\u00edas complementarias de empleo ofrecen a los refugiados y migrantes la oportunidad de trasladarse a otro pa\u00eds para trabajar.\u202fActualmente, ACNUR colabora con <strong>Talent Beyond Boundaries<\/strong><em> <\/em>para conectar empresas en el extranjero con personas refugiadas y migrantes en Colombia.&nbsp;<\/p>\n\n\n\n<p><strong>\u00bfQu\u00e9 es Talent Beyond Boundaries (TBB)?<\/strong>&nbsp;<\/p>\n\n\n\n<p>Es una de las organizaciones que apoya el registro de candidatos y facilita la b\u00fasqueda de empleo y movilidad a trav\u00e9s de v\u00edas de migraci\u00f3n laboral en diferentes niveles salariales y pa\u00edses de destino, como<s>:<\/s> Australia, B\u00e9lgica, Irlanda, Canad\u00e1, Estados Unidos, Portugal y Reino Unido.&nbsp;<\/p>\n\n\n\n<p><strong>\u00bfDe qu\u00e9 manera conecta Talent Beyond Boundaries (TBB) a refugiados y migrantes con empresas en el extranjero?<\/strong>&nbsp;<\/p>\n\n\n\n<ul class=\"wp-block-list\">\n<li>Las personas refugiadas y migrantes pueden registrarse en un cat\u00e1logo de talentos en l\u00ednea, a trav\u00e9s del siguiente enlace: <a href=\"https:\/\/www.talentbeyondboundaries.org\/talentcatalog\/\" target=\"_blank\" rel=\"noreferrer noopener\"><strong>Cat\u00e1logo de Talentos &#8211; Talento m\u00e1s all\u00e1 de las Fronteras<\/strong><\/a><strong>.<\/strong>\u00a0\u00a0<\/li>\n<\/ul>\n\n\n\n<ul class=\"wp-block-list\">\n<li>El cat\u00e1logo de talentos es una base de datos donde empleadores pueden buscar candidatos.\u00a0<\/li>\n<\/ul>\n\n\n\n<ul class=\"wp-block-list\">\n<li>Si una empresa se interesa en su perfil, TBB lo contactar\u00e1.\u00a0<\/li>\n<\/ul>\n\n\n\n<p>Importante:\u202f<strong>Registrarse no garantiza una oferta de trabajo. Solo ser\u00e1 contactado si una empresa muestra inter\u00e9s por su perfil.<\/strong>&nbsp;<\/p>\n\n\n\n<p><strong>\u00bfQu\u00e9 necesita para obtener una visa de trabajo calificado en un tercer pa\u00eds?<\/strong>&nbsp;<\/p>\n\n\n\n<ul class=\"wp-block-list\">\n<li>Cumplir con los requisitos del empleo.\u00a0<\/li>\n<\/ul>\n\n\n\n<ul class=\"wp-block-list\">\n<li>Tener un nivel funcional del idioma requerido por el pa\u00eds.\u00a0<\/li>\n<\/ul>\n\n\n\n<p>&nbsp;Mejorar sus habilidades en otro idioma es una de las mejores cosas que puede hacer para optimizar sus posibilidades de recibir una oferta de trabajo en el extranjero. Para este fin, consulte recursos de aprendizaje en la p\u00e1gina de TBB: <a href=\"https:\/\/www.talentbeyondboundaries.org\/talentcatalog\/english-language-resources\" target=\"_blank\" rel=\"noreferrer noopener\">Recursos para el aprendizaje de idiomas &#8211; Talento sin fronteras<\/a>&nbsp;<\/p>\n","protected":false},"excerpt":{"rendered":"<p>Las v\u00edas complementarias de empleo ofrecen a los refugiados y migrantes la oportunidad de trasladarse a otro pa\u00eds para trabajar.\u202fActualmente, ACNUR colabora con Talent Beyond Boundaries para conectar empresas en el extranjero con personas refugiadas y migrantes en Colombia.&nbsp; \u00bfQu\u00e9 es Talent Beyond Boundaries (TBB)?&nbsp; Es una de las organizaciones que apoya el registro de [&hellip;]<\/p>\n","protected":false},"author":441,"featured_media":0,"parent":1227,"menu_order":0,"comment_status":"closed","ping_status":"closed","template":"","meta":{"_acf_changed":false,"footnotes":""},"class_list":["post-1238","page","type-page","status-publish","hentry"],"acf":[],"_links":{"self":[{"href":"https:\/\/help.unhcr.org\/colombia\/wp-json\/wp\/v2\/pages\/1238","targetHints":{"allow":["GET"]}}],"collection":[{"href":"https:\/\/help.unhcr.org\/colombia\/wp-json\/wp\/v2\/pages"}],"about":[{"href":"https:\/\/help.unhcr.org\/colombia\/wp-json\/wp\/v2\/types\/page"}],"author":[{"embeddable":true,"href":"https:\/\/help.unhcr.org\/colombia\/wp-json\/wp\/v2\/users\/441"}],"replies":[{"embeddable":true,"href":"https:\/\/help.unhcr.org\/colombia\/wp-json\/wp\/v2\/comments?post=1238"}],"version-history":[{"count":1,"href":"https:\/\/help.unhcr.org\/colombia\/wp-json\/wp\/v2\/pages\/1238\/revisions"}],"predecessor-version":[{"id":1239,"href":"https:\/\/help.unhcr.org\/colombia\/wp-json\/wp\/v2\/pages\/1238\/revisions\/1239"}],"up":[{"embeddable":true,"href":"https:\/\/help.unhcr.org\/colombia\/wp-json\/wp\/v2\/pages\/1227"}],"wp:attachment":[{"href":"https:\/\/help.unhcr.org\/colombia\/wp-json\/wp\/v2\/media?parent=1238"}],"curies":[{"name":"wp","href":"https:\/\/api.w.org\/{rel}","templated":true}]}}