{"id":1234,"date":"2025-07-15T20:53:46","date_gmt":"2025-07-15T20:53:46","guid":{"rendered":"https:\/\/help.unhcr.org\/colombia\/?page_id=1234"},"modified":"2025-07-15T21:00:32","modified_gmt":"2025-07-15T21:00:32","slug":"oportunidades-de-educacion","status":"publish","type":"page","link":"https:\/\/help.unhcr.org\/colombia\/vias-complementarias\/oportunidades-de-educacion\/","title":{"rendered":"Educaci\u00f3n"},"content":{"rendered":"\n<p>Las v\u00edas complementarias de educaci\u00f3n son oportunidades de educaci\u00f3n superior mediante las cuales se admiten personas refugiadas y migrantes en un tercer pa\u00eds. A trav\u00e9s del portal <a href=\"https:\/\/services.unhcr.org\/opportunities\/search\" target=\"_blank\" rel=\"noreferrer noopener\">https:\/\/services.unhcr.org\/opportunities\/search<\/a> se ofrecen diferentes opciones, como becas universitarias, para continuar estudios en un lugar seguro.&nbsp;<\/p>\n\n\n\n<p>Si usted es refugiado o migrante y desea postularse, necesitar\u00e1:&nbsp;<\/p>\n\n\n\n<ul class=\"wp-block-list\">\n<li>Tener estudios previos relacionados con el programa.\u00a0<\/li>\n<\/ul>\n\n\n\n<ul class=\"wp-block-list\">\n<li>Manejar el idioma en el que se dicta el programa.\u00a0<\/li>\n<\/ul>\n\n\n\n<p>Consulte becas verificadas por ACNUR y sus requisitos en <a href=\"https:\/\/services.unhcr.org\/opportunities\/search\" target=\"_blank\" rel=\"noreferrer noopener\">Search | UNHCR Opportunities<\/a>. En esta p\u00e1gina encontrar\u00e1 programas de educaci\u00f3n superior y becas acreditadas.&nbsp;<\/p>\n\n\n\n<p><\/p>\n","protected":false},"excerpt":{"rendered":"<p>Las v\u00edas complementarias de educaci\u00f3n son oportunidades de educaci\u00f3n superior mediante las cuales se admiten personas refugiadas y migrantes en un tercer pa\u00eds. A trav\u00e9s del portal https:\/\/services.unhcr.org\/opportunities\/search se ofrecen diferentes opciones, como becas universitarias, para continuar estudios en un lugar seguro.&nbsp; Si usted es refugiado o migrante y desea postularse, necesitar\u00e1:&nbsp; Consulte becas verificadas [&hellip;]<\/p>\n","protected":false},"author":441,"featured_media":0,"parent":1227,"menu_order":0,"comment_status":"closed","ping_status":"closed","template":"page-templates\/listing_page.php","meta":{"_acf_changed":false,"footnotes":""},"class_list":["post-1234","page","type-page","status-publish","hentry"],"acf":[],"_links":{"self":[{"href":"https:\/\/help.unhcr.org\/colombia\/wp-json\/wp\/v2\/pages\/1234","targetHints":{"allow":["GET"]}}],"collection":[{"href":"https:\/\/help.unhcr.org\/colombia\/wp-json\/wp\/v2\/pages"}],"about":[{"href":"https:\/\/help.unhcr.org\/colombia\/wp-json\/wp\/v2\/types\/page"}],"author":[{"embeddable":true,"href":"https:\/\/help.unhcr.org\/colombia\/wp-json\/wp\/v2\/users\/441"}],"replies":[{"embeddable":true,"href":"https:\/\/help.unhcr.org\/colombia\/wp-json\/wp\/v2\/comments?post=1234"}],"version-history":[{"count":2,"href":"https:\/\/help.unhcr.org\/colombia\/wp-json\/wp\/v2\/pages\/1234\/revisions"}],"predecessor-version":[{"id":1240,"href":"https:\/\/help.unhcr.org\/colombia\/wp-json\/wp\/v2\/pages\/1234\/revisions\/1240"}],"up":[{"embeddable":true,"href":"https:\/\/help.unhcr.org\/colombia\/wp-json\/wp\/v2\/pages\/1227"}],"wp:attachment":[{"href":"https:\/\/help.unhcr.org\/colombia\/wp-json\/wp\/v2\/media?parent=1234"}],"curies":[{"name":"wp","href":"https:\/\/api.w.org\/{rel}","templated":true}]}}