{"id":1227,"date":"2025-07-15T20:43:22","date_gmt":"2025-07-15T20:43:22","guid":{"rendered":"https:\/\/help.unhcr.org\/colombia\/?page_id=1227"},"modified":"2026-02-23T14:24:12","modified_gmt":"2026-02-23T14:24:12","slug":"vias-complementarias","status":"publish","type":"page","link":"https:\/\/help.unhcr.org\/colombia\/vias-complementarias\/","title":{"rendered":"V\u00edas complementarias"},"content":{"rendered":"\n<p>Las v\u00edas complementarias son alternativas seguras y legales que permiten a personas refugiadas y migrantes vivir en un pa\u00eds diferente a Colombia y a su pa\u00eds de origen. Por ejemplo, una v\u00eda complementaria puede ser:&nbsp;<\/p>\n\n\n\n<ul class=\"wp-block-list\">\n<li>Una beca para estudiar un posgrado en otro pa\u00eds.&nbsp;<\/li>\n<\/ul>\n\n\n\n<ul class=\"wp-block-list\">\n<li>Una oferta de trabajo en el extranjero, con requisitos adaptados para facilitar su postulaci\u00f3n.&nbsp;<\/li>\n<\/ul>\n\n\n\n<p class=\"has-vivid-cyan-blue-color has-text-color has-link-color has-large-font-size wp-elements-640ad7e53c6dd04558e814ca4f288569\"><strong>\u00bfCu\u00e1les son las principales v\u00edas complementarias?<\/strong>\u202f&nbsp;<\/p>\n\n\n\n<p><\/p>\n","protected":false},"excerpt":{"rendered":"<p>Las v\u00edas complementarias son alternativas seguras y legales que permiten a personas refugiadas y migrantes vivir en un pa\u00eds diferente a Colombia y a su pa\u00eds de origen. Por ejemplo, una v\u00eda complementaria puede ser:&nbsp; \u00bfCu\u00e1les son las principales v\u00edas complementarias?\u202f&nbsp;<\/p>\n","protected":false},"author":441,"featured_media":0,"parent":0,"menu_order":6,"comment_status":"closed","ping_status":"closed","template":"page-templates\/listing_page.php","meta":{"_acf_changed":false,"footnotes":""},"class_list":["post-1227","page","type-page","status-publish","hentry"],"acf":[],"_links":{"self":[{"href":"https:\/\/help.unhcr.org\/colombia\/wp-json\/wp\/v2\/pages\/1227","targetHints":{"allow":["GET"]}}],"collection":[{"href":"https:\/\/help.unhcr.org\/colombia\/wp-json\/wp\/v2\/pages"}],"about":[{"href":"https:\/\/help.unhcr.org\/colombia\/wp-json\/wp\/v2\/types\/page"}],"author":[{"embeddable":true,"href":"https:\/\/help.unhcr.org\/colombia\/wp-json\/wp\/v2\/users\/441"}],"replies":[{"embeddable":true,"href":"https:\/\/help.unhcr.org\/colombia\/wp-json\/wp\/v2\/comments?post=1227"}],"version-history":[{"count":11,"href":"https:\/\/help.unhcr.org\/colombia\/wp-json\/wp\/v2\/pages\/1227\/revisions"}],"predecessor-version":[{"id":1415,"href":"https:\/\/help.unhcr.org\/colombia\/wp-json\/wp\/v2\/pages\/1227\/revisions\/1415"}],"wp:attachment":[{"href":"https:\/\/help.unhcr.org\/colombia\/wp-json\/wp\/v2\/media?parent=1227"}],"curies":[{"name":"wp","href":"https:\/\/api.w.org\/{rel}","templated":true}]}}