{"id":1208,"date":"2025-07-15T16:54:14","date_gmt":"2025-07-15T16:54:14","guid":{"rendered":"https:\/\/help.unhcr.org\/colombia\/?page_id=1208"},"modified":"2026-02-23T14:25:16","modified_gmt":"2026-02-23T14:25:16","slug":"prevencion-del-fraude","status":"publish","type":"page","link":"https:\/\/help.unhcr.org\/colombia\/prevencion-del-fraude\/","title":{"rendered":"Prevenci\u00f3n del fraude"},"content":{"rendered":"\n<p>Todos los servicios de ACNUR y sus socios son\u202f<strong>gratuitos.<\/strong> Nadie debe cobrarle dinero, ni pedir algo a cambio por ello.\u202f&nbsp;<\/p>\n\n\n\n<p>Verifique la informaci\u00f3n acerca de nuestros servicios y trabajo a trav\u00e9s de canales oficiales (<a href=\"https:\/\/help.unhcr.org\/colombia\/\" target=\"_blank\" rel=\"noreferrer noopener\">ACNUR Colombia \u2013 Ayuda)<\/a>.&nbsp;<\/p>\n\n\n\n<p>Si conoce alguna situaci\u00f3n irregular, por favor, escr\u00edbanos a trav\u00e9s de los \u202f<a href=\"https:\/\/help.unhcr.org\/colombia\/pqrs\/\" target=\"_blank\" rel=\"noreferrer noopener\">canales de comunicaci\u00f3n de ACNUR Colombia.<\/a> La informaci\u00f3n compartida ser\u00e1 manejada confidencialmente.&nbsp;<\/p>\n\n\n\n<p>A continuaci\u00f3n, compartimos conceptos clave y consejos para evitar ser v\u00edctimas de fraude y desinformaci\u00f3n.&nbsp;&nbsp;<\/p>\n\n\n\n<figure class=\"wp-block-image size-full is-resized\"><img loading=\"lazy\" decoding=\"async\" width=\"596\" height=\"526\" src=\"https:\/\/help.unhcr.org\/colombia\/wp-content\/uploads\/sites\/37\/2025\/07\/image.png\" alt=\"\" class=\"wp-image-1210\" style=\"width:420px;height:auto\" srcset=\"https:\/\/help.unhcr.org\/colombia\/wp-content\/uploads\/sites\/37\/2025\/07\/image.png 596w, https:\/\/help.unhcr.org\/colombia\/wp-content\/uploads\/sites\/37\/2025\/07\/image-300x265.png 300w\" sizes=\"auto, (max-width: 596px) 100vw, 596px\" \/><\/figure>\n","protected":false},"excerpt":{"rendered":"<p>Todos los servicios de ACNUR y sus socios son\u202fgratuitos. Nadie debe cobrarle dinero, ni pedir algo a cambio por ello.\u202f&nbsp; Verifique la informaci\u00f3n acerca de nuestros servicios y trabajo a trav\u00e9s de canales oficiales (ACNUR Colombia \u2013 Ayuda).&nbsp; Si conoce alguna situaci\u00f3n irregular, por favor, escr\u00edbanos a trav\u00e9s de los \u202fcanales de comunicaci\u00f3n de ACNUR [&hellip;]<\/p>\n","protected":false},"author":441,"featured_media":0,"parent":0,"menu_order":7,"comment_status":"closed","ping_status":"closed","template":"faq_page.php","meta":{"_acf_changed":false,"footnotes":""},"class_list":["post-1208","page","type-page","status-publish","hentry"],"acf":[],"_links":{"self":[{"href":"https:\/\/help.unhcr.org\/colombia\/wp-json\/wp\/v2\/pages\/1208","targetHints":{"allow":["GET"]}}],"collection":[{"href":"https:\/\/help.unhcr.org\/colombia\/wp-json\/wp\/v2\/pages"}],"about":[{"href":"https:\/\/help.unhcr.org\/colombia\/wp-json\/wp\/v2\/types\/page"}],"author":[{"embeddable":true,"href":"https:\/\/help.unhcr.org\/colombia\/wp-json\/wp\/v2\/users\/441"}],"replies":[{"embeddable":true,"href":"https:\/\/help.unhcr.org\/colombia\/wp-json\/wp\/v2\/comments?post=1208"}],"version-history":[{"count":5,"href":"https:\/\/help.unhcr.org\/colombia\/wp-json\/wp\/v2\/pages\/1208\/revisions"}],"predecessor-version":[{"id":1272,"href":"https:\/\/help.unhcr.org\/colombia\/wp-json\/wp\/v2\/pages\/1208\/revisions\/1272"}],"wp:attachment":[{"href":"https:\/\/help.unhcr.org\/colombia\/wp-json\/wp\/v2\/media?parent=1208"}],"curies":[{"name":"wp","href":"https:\/\/api.w.org\/{rel}","templated":true}]}}