{"id":1163,"date":"2025-02-21T20:24:11","date_gmt":"2025-02-21T20:24:11","guid":{"rendered":"https:\/\/help.unhcr.org\/colombia\/?page_id=1163"},"modified":"2025-07-30T19:48:32","modified_gmt":"2025-07-30T19:48:32","slug":"regularizacion-para-personas-venezolanas","status":"publish","type":"page","link":"https:\/\/help.unhcr.org\/colombia\/regularizacion-para-personas-venezolanas\/","title":{"rendered":"Regularizaci\u00f3n para personas venezolanas"},"content":{"rendered":"\n<p>Las personas venezolanas en Colombia cuentan con diferentes opciones para regularizar su situaci\u00f3n migratoria. Esto significa acceder a un documento que les permita permanecer legalmente y circular libremente en el pa\u00eds, as\u00ed como acceder a servicios de salud, educaci\u00f3n, empleo, entre otros. A continuaci\u00f3n, los principales mecanismos disponibles para la regularizaci\u00f3n.<\/p>\n\n\n\n<p><\/p>\n","protected":false},"excerpt":{"rendered":"<p>Las personas venezolanas en Colombia cuentan con diferentes opciones para regularizar su situaci\u00f3n migratoria. Esto significa acceder a un documento que les permita permanecer legalmente y circular libremente en el pa\u00eds, as\u00ed como acceder a servicios de salud, educaci\u00f3n, empleo, entre otros. A continuaci\u00f3n, los principales mecanismos disponibles para la regularizaci\u00f3n.<\/p>\n","protected":false},"author":441,"featured_media":0,"parent":0,"menu_order":4,"comment_status":"closed","ping_status":"closed","template":"page-templates\/sectioned.php","meta":{"_acf_changed":false,"footnotes":""},"class_list":["post-1163","page","type-page","status-publish","hentry"],"acf":[],"_links":{"self":[{"href":"https:\/\/help.unhcr.org\/colombia\/wp-json\/wp\/v2\/pages\/1163","targetHints":{"allow":["GET"]}}],"collection":[{"href":"https:\/\/help.unhcr.org\/colombia\/wp-json\/wp\/v2\/pages"}],"about":[{"href":"https:\/\/help.unhcr.org\/colombia\/wp-json\/wp\/v2\/types\/page"}],"author":[{"embeddable":true,"href":"https:\/\/help.unhcr.org\/colombia\/wp-json\/wp\/v2\/users\/441"}],"replies":[{"embeddable":true,"href":"https:\/\/help.unhcr.org\/colombia\/wp-json\/wp\/v2\/comments?post=1163"}],"version-history":[{"count":10,"href":"https:\/\/help.unhcr.org\/colombia\/wp-json\/wp\/v2\/pages\/1163\/revisions"}],"predecessor-version":[{"id":1283,"href":"https:\/\/help.unhcr.org\/colombia\/wp-json\/wp\/v2\/pages\/1163\/revisions\/1283"}],"wp:attachment":[{"href":"https:\/\/help.unhcr.org\/colombia\/wp-json\/wp\/v2\/media?parent=1163"}],"curies":[{"name":"wp","href":"https:\/\/api.w.org\/{rel}","templated":true}]}}