{"id":1112,"date":"2025-01-31T05:28:18","date_gmt":"2025-01-31T05:28:18","guid":{"rendered":"https:\/\/help.unhcr.org\/colombia\/?page_id=1112"},"modified":"2025-11-18T16:39:13","modified_gmt":"2025-11-18T16:39:13","slug":"reasentamiento","status":"publish","type":"page","link":"https:\/\/help.unhcr.org\/colombia\/reasentamiento\/","title":{"rendered":"Reasentamiento"},"content":{"rendered":"\n<p>El reasentamiento es el proceso que permite el traslado de personas refugiadas o solicitantes de refugio desde Colombia a un tercer pa\u00eds que ha aceptado acogerlas.<\/p>\n\n\n\n<p>No existe ning\u00fan programa al que una persona pueda inscribirse para solicitar reasentamiento.<\/p>\n\n\n\n<p>El reasentamiento es una de las soluciones duraderas que ACNUR facilita en colaboraci\u00f3n con pa\u00edses terceros, pero no constituye un derecho para las personas refugiadas. Cada pa\u00eds de reasentamiento tiene sus propias normas y procedimientos y los Estados no tienen la obligaci\u00f3n de aceptar a las personas refugiadas a trav\u00e9s del reasentamiento.<\/p>\n\n\n\n<p>La decisi\u00f3n final es tomada por el gobierno que cuenta con programas de reasentamiento, si le notificaron que no ser\u00e1 reasentado o reasentada no podr\u00e1 apelar dicha decisi\u00f3n.&nbsp;Tenga presente que <strong>ni ACNUR ni otra organizaci\u00f3n humanitaria toman la decisi\u00f3n final.<\/strong><\/p>\n\n\n\n<p class=\"has-medium-font-size\"><strong>Preguntas frecuentes:<\/strong><\/p>\n\n\n\n<p><\/p>\n","protected":false},"excerpt":{"rendered":"<p>El reasentamiento es el proceso que permite el traslado de personas refugiadas o solicitantes de refugio desde Colombia a un tercer pa\u00eds que ha aceptado acogerlas. No existe ning\u00fan programa al que una persona pueda inscribirse para solicitar reasentamiento. El reasentamiento es una de las soluciones duraderas que ACNUR facilita en colaboraci\u00f3n con pa\u00edses terceros, [&hellip;]<\/p>\n","protected":false},"author":441,"featured_media":0,"parent":0,"menu_order":6,"comment_status":"closed","ping_status":"closed","template":"faq_page.php","meta":{"_acf_changed":false,"footnotes":""},"class_list":["post-1112","page","type-page","status-publish","hentry"],"acf":[],"_links":{"self":[{"href":"https:\/\/help.unhcr.org\/colombia\/wp-json\/wp\/v2\/pages\/1112","targetHints":{"allow":["GET"]}}],"collection":[{"href":"https:\/\/help.unhcr.org\/colombia\/wp-json\/wp\/v2\/pages"}],"about":[{"href":"https:\/\/help.unhcr.org\/colombia\/wp-json\/wp\/v2\/types\/page"}],"author":[{"embeddable":true,"href":"https:\/\/help.unhcr.org\/colombia\/wp-json\/wp\/v2\/users\/441"}],"replies":[{"embeddable":true,"href":"https:\/\/help.unhcr.org\/colombia\/wp-json\/wp\/v2\/comments?post=1112"}],"version-history":[{"count":9,"href":"https:\/\/help.unhcr.org\/colombia\/wp-json\/wp\/v2\/pages\/1112\/revisions"}],"predecessor-version":[{"id":1254,"href":"https:\/\/help.unhcr.org\/colombia\/wp-json\/wp\/v2\/pages\/1112\/revisions\/1254"}],"wp:attachment":[{"href":"https:\/\/help.unhcr.org\/colombia\/wp-json\/wp\/v2\/media?parent=1112"}],"curies":[{"name":"wp","href":"https:\/\/api.w.org\/{rel}","templated":true}]}}