{"id":1108,"date":"2025-01-31T05:25:44","date_gmt":"2025-01-31T05:25:44","guid":{"rendered":"https:\/\/help.unhcr.org\/colombia\/?page_id=1108"},"modified":"2025-07-30T22:28:53","modified_gmt":"2025-07-30T22:28:53","slug":"servicios-gifmm","status":"publish","type":"page","link":"https:\/\/help.unhcr.org\/colombia\/bienvenido-a\/donde-encontrar-ayuda\/servicios-gifmm\/","title":{"rendered":"Servicios GIFMM"},"content":{"rendered":"\n<p>El Grupo Interagencial sobre Flujos Migratorios Mixtos (GIFMM) fue creado a finales del 2016 y es co-liderado por la Organizaci\u00f3n Internacional para las Migraciones (OIM) y la Agencia de la ONU para los Refugiados (ACNUR). Este grupo re\u00fane a varias organizaciones que trabajan juntas para apoyar a personas refugiadas, migrantes, retornadas y comunidades de acogida en Colombia.&nbsp;<\/p>\n\n\n\n<p>El GIFMM coordina la respuesta &nbsp;humanitaria en diferentes \u00e1reas como salud, educaci\u00f3n, apoyo legal, medios de vida, protecci\u00f3n, alojamiento, alimentaci\u00f3n y m\u00e1s.&nbsp;<\/p>\n\n\n\n<p><\/p>\n","protected":false},"excerpt":{"rendered":"<p>El Grupo Interagencial sobre Flujos Migratorios Mixtos (GIFMM) fue creado a finales del 2016 y es co-liderado por la Organizaci\u00f3n Internacional para las Migraciones (OIM) y la Agencia de la ONU para los Refugiados (ACNUR). Este grupo re\u00fane a varias organizaciones que trabajan juntas para apoyar a personas refugiadas, migrantes, retornadas y comunidades de acogida [&hellip;]<\/p>\n","protected":false},"author":441,"featured_media":0,"parent":91,"menu_order":3,"comment_status":"closed","ping_status":"closed","template":"faq_page.php","meta":{"_acf_changed":false,"footnotes":""},"class_list":["post-1108","page","type-page","status-publish","hentry"],"acf":[],"_links":{"self":[{"href":"https:\/\/help.unhcr.org\/colombia\/wp-json\/wp\/v2\/pages\/1108","targetHints":{"allow":["GET"]}}],"collection":[{"href":"https:\/\/help.unhcr.org\/colombia\/wp-json\/wp\/v2\/pages"}],"about":[{"href":"https:\/\/help.unhcr.org\/colombia\/wp-json\/wp\/v2\/types\/page"}],"author":[{"embeddable":true,"href":"https:\/\/help.unhcr.org\/colombia\/wp-json\/wp\/v2\/users\/441"}],"replies":[{"embeddable":true,"href":"https:\/\/help.unhcr.org\/colombia\/wp-json\/wp\/v2\/comments?post=1108"}],"version-history":[{"count":3,"href":"https:\/\/help.unhcr.org\/colombia\/wp-json\/wp\/v2\/pages\/1108\/revisions"}],"predecessor-version":[{"id":1257,"href":"https:\/\/help.unhcr.org\/colombia\/wp-json\/wp\/v2\/pages\/1108\/revisions\/1257"}],"up":[{"embeddable":true,"href":"https:\/\/help.unhcr.org\/colombia\/wp-json\/wp\/v2\/pages\/91"}],"wp:attachment":[{"href":"https:\/\/help.unhcr.org\/colombia\/wp-json\/wp\/v2\/media?parent=1108"}],"curies":[{"name":"wp","href":"https:\/\/api.w.org\/{rel}","templated":true}]}}