{"id":854,"date":"2024-07-30T19:08:41","date_gmt":"2024-07-30T19:08:41","guid":{"rendered":"https:\/\/help.unhcr.org\/chile\/?page_id=854"},"modified":"2024-07-30T20:06:02","modified_gmt":"2024-07-30T20:06:02","slug":"violencia-contra-la-mujer-y-poblacion-lgtbiq","status":"publish","type":"page","link":"https:\/\/help.unhcr.org\/chile\/violencia-contra-la-mujer-y-poblacion-lgtbiq\/","title":{"rendered":"Violencia contra la Mujer y Poblaci\u00f3n LGTBIQ+"},"content":{"rendered":"\n<p><strong><strong><mark class=\"has-inline-color has-vivid-red-color\">\u00bfQu\u00e9 es la violencia de g\u00e9nero?<\/mark><\/strong><\/strong><\/p>\n\n\n\n<p>Cualquier acci\u00f3n o conducta que cause da\u00f1o, muerte o sufrimiento f\u00edsico, sexual o psicol\u00f3gico a una persona por motivo de su identidad de g\u00e9nero, orientaci\u00f3n sexual y\/o expresi\u00f3n de g\u00e9nero. Este tipo de violencia es una forma extrema de discriminaci\u00f3n y vulneraci\u00f3n de derechos, producto del machismo en nuestra cultura, que impone roles de g\u00e9nero a mujeres y a varones, y busca disciplinar a las personas para obligarlas a comportarse del modo en que, seg\u00fan las convenciones sociales, se cree que deben hacerlo por su edad, el sexo asignado al nacer, su clase social, su etnia, entre otras variables.<\/p>\n\n\n\n<ul class=\"wp-block-list\">\n<li><strong>Formas de violencia de g\u00e9nero<\/strong><\/li>\n\n\n\n<li>La violencia de g\u00e9nero se expresa de distintas formas. Puede ser <strong>violencia sexual, f\u00edsica, psicol\u00f3gica, econ\u00f3mica, entre otras<\/strong>.<\/li>\n\n\n\n<li>Puede ocurrir en el <strong>espacio p\u00fablico<\/strong> o en un <strong>espacio privado<\/strong>; tambi\u00e9n puede ocurrir de <strong>manera presencial<\/strong> o a trav\u00e9s de <strong>internet<\/strong>, usando redes sociales o correo electr\u00f3nico.<\/li>\n<\/ul>\n\n\n\n<p>La lista es larga pero algunos ejemplos de c\u00f3mo se manifiesta la violencia de g\u00e9nero son: los insultos, las descalificaciones (por ejemplo, que te digan que no sabes hacer nada; o que eres una persona in\u00fatil), el chantaje emocional (cuando usa tus emociones como herramienta para controlarte: te hace sentir vulnerable al conocer tus miedos e inseguridades; o cuando te hace creer que necesita tu protecci\u00f3n permanente para estar bien; o cuando te responsabiliza porque las cosas no le funcionan), la manipulaci\u00f3n. Tambi\u00e9n es violencia de g\u00e9nero cuando te obligan a conceder favores sexuales a cambio de tr\u00e1mites migratorios o acceso a otros servicios, o cuando te fuerzan a tener relaciones sexuales. Los golpes, empujones o tirones de pelo, las amenazas expl\u00edcitas o impl\u00edcitas, el control de tu dinero o el acoso en redes sociales, tambi\u00e9n son formas de violencia. Tambi\u00e9n ocurre cuando se busca controlar el acceso a alimentos, cuando te proh\u00edbe que pidas asistencia o ayuda a servicios sociales; cuando se queda con tus documentos, o te obliga a estar encerrada, cuando amenaza a tus hijxs y otros familiares. Otras violencias pueden ocurrir en hospitales y centros de salud, cuando se hacen intervenciones sin contar con tu consentimiento (violencia gineco-obst\u00e9trica o esterilizaci\u00f3n forzada).<\/p>\n\n\n\n<p>Nada de lo anterior es aceptable ni se puede justificar. Si algo de esto est\u00e1 ocurriendo, pide ayuda. \u00a1Las personas que sufren violencia no est\u00e1n solas!<\/p>\n\n\n\n<ul class=\"wp-block-list\">\n<li>Si eres una persona en movilidad humana y has sufrido violencia de g\u00e9nero en tu pa\u00eds de origen, durante el trayecto hacia Chile o ya estando en el pa\u00eds, <strong>puedes pedir ayuda aqu\u00ed, <\/strong>independientemente de tu situaci\u00f3n legal (irregular o regular).Inf\u00f3rmate aqu\u00ed sobre los lugares en donde puedes recibir orientaci\u00f3n y apoyos.<\/li>\n<\/ul>\n\n\n\n<figure class=\"wp-block-table\"><table><tbody><tr><td colspan=\"2\"><strong>\u00bfD\u00f3nde pedir ayuda o denunciar?<\/strong><strong><\/strong><\/td><td><strong>Tel\u00e9fono<\/strong><\/td><\/tr><tr><td rowspan=\"4\">Polic\u00eda<\/td><td><strong>Fono Emergencias de Carabineros: <\/strong>funciona las&nbsp;<strong>24 horas al d\u00eda, todos los d\u00edas<\/strong><strong>.<\/strong><strong><\/strong> <strong>&nbsp;<\/strong> La polic\u00eda debe proporcionar una primera contenci\u00f3n, entregar informaci\u00f3n y activar el protocolo\/pauta de riesgo en violencia de g\u00e9nero y realizar las derivaciones correspondientes. &nbsp;<\/td><td>133<\/td><\/tr><tr><td><strong>Polic\u00eda de Investigaciones (PDI): <\/strong>funciona las&nbsp;<strong>24 horas al d\u00eda, todos los d\u00edas.<\/strong><strong><\/strong> <strong>&nbsp;<\/strong> La polic\u00eda debe proporcionar una primera contenci\u00f3n, entregar informaci\u00f3n y activar el protocolo\/pauta de riesgo en violencia de g\u00e9nero y realizar las derivaciones correspondientes. &nbsp;<\/td><td>134<\/td><\/tr><tr><td><strong>Fono Familia de Carabineros: <\/strong>funciona las&nbsp;<strong>24 horas al d\u00eda, todos los d\u00edas<\/strong><strong>.<\/strong><strong><\/strong> <strong>&nbsp;<\/strong> Servicio telef\u00f3nico <strong>gratuito y confidencial<\/strong> de Carabineros de Chile, de apoyo preventivo y de orientaci\u00f3n a quienes son o podr\u00edan ser v\u00edctimas de Violencia Intrafamiliar (VIF). <strong>&nbsp;<\/strong><\/td><td>149<\/td><\/tr><tr><td><strong>Fono Ni\u00f1os de Carabineros: <\/strong>funciona las&nbsp;<strong>24 horas al d\u00eda, todos los d\u00edas.<\/strong><strong><\/strong> <strong>&nbsp;<\/strong> Servicio telef\u00f3nico <strong>gratuito y confidencial<\/strong>, para orientar y apoyar a ni\u00f1os, ni\u00f1as y adolescentes (NNA) que sean v\u00edctimas de amenazas o vulneraci\u00f3n de sus derechos. Personal especializado acoger\u00e1 sus requerimientos, entreg\u00e1ndoles orientaci\u00f3n y acudiendo a su auxilio (cuando corresponda). <strong>&nbsp;<\/strong><\/td><td>147<\/td><\/tr><tr><td>Subsecretar\u00eda de prevenci\u00f3n del delito<\/td><td><strong>Fono Programa de Apoyo a V\u00edctimas<\/strong>: atenci\u00f3n telef\u00f3nica <strong>gratuita<\/strong> que entrega asesor\u00eda jur\u00eddica y psicol\u00f3gica a las v\u00edctimas de delitos. &nbsp; <strong>Fono Denuncia Seguro:<\/strong> Disponible todo el a\u00f1o, las 24 horas del d\u00eda, permite realizar una&nbsp;denuncia <strong>an\u00f3nima, gratuita y segura<\/strong>&nbsp;por tel\u00e9fono. &nbsp; <strong>Centros de Atenci\u00f3n a V\u00edctimas de Delitos Violentos: <\/strong>equipo de abogados\/as, psic\u00f3logos\/as y asistentes sociales que brindan representaci\u00f3n judicial, terapia reparatoria, acompa\u00f1amiento social y asesor\u00eda e informaci\u00f3n <strong>especializada y gratuita<\/strong> a personas v\u00edctimas de delitos violentos.<br>Atenci\u00f3n presencial s\u00f3lo en RM, Regi\u00f3n de O\u00b4Higgins, Maule y Magallanes de lunes a jueves de 08:00 a 18:30 hrs. y viernes de 08:00 a 17:30hrs. Ver direcciones: <a href=\"https:\/\/www.cajmetro.cl\/servicios\/BuscarCentro\/\">https:\/\/www.cajmetro.cl\/servicios\/BuscarCentro\/<\/a> <strong><\/strong> &nbsp;<\/td><td>6008181000 *4242<br><br>6008181000<\/td><\/tr><tr><td>Polic\u00eda<\/td><td><strong>Fono de Brigada Investigadora contra la Trata de Personas<\/strong> (BRITRAP-PDI). Correo electr\u00f3nico: <a href=\"mailto:denunciastratadepersonas@investigaciones.cl\">denunciastratadepersonas@investigaciones.cl<\/a><\/td><td>(+56) 2 27081055 27081042<\/td><\/tr><tr><td rowspan=\"2\">Salud<\/td><td><strong>Salud Responde: <\/strong>brinda atenci\u00f3n de salud integral (f\u00edsica y psicol\u00f3gica) a to<strong>da persona, independientemente de su condici\u00f3n legal, que haya sufrido una agresi\u00f3n sexual reciente (<u>hasta 72 horas despu\u00e9s de ocurrido el hecho<\/u>) <\/strong>para prevenir gestaciones, VIH y otras infecciones de transmisi\u00f3n sexual. Tambi\u00e9n se atienden casos ocurridos fuera de Chile, si se est\u00e1 dentro del plazo. &nbsp; Se realiza un seguimiento antes de los 35 d\u00edas desde que se realiza la 1era atenci\u00f3n de emergencia. &nbsp; De forma presencial: asistir a cualquier servicio de urgencia de salud p\u00fablico o privado cercano.<br><br><\/td><td>6003607777<\/td><\/tr><tr><td><strong>L\u00ednea Prevenci\u00f3n del Suicidio:<\/strong> disponible todo el a\u00f1o, las 24 horas del d\u00eda. A trav\u00e9s de esta, puedes contactarte con un\/a psic\u00f3logo\/a capacitado que te escuchar\u00e1 y ayudar\u00e1. <strong>&nbsp;<\/strong><\/td><td>*4141<\/td><\/tr><tr><td rowspan=\"2\">SernamEG<\/td><td><strong>Fono SernamEG te Orienta, servicio de orientaci\u00f3n en violencias de g\u00e9nero<\/strong>: de lunes a viernes de 08:00 a 00:00 horas (excepto festivos).\u00a0 \u00a0 Es <strong>gratuito y confidencial<\/strong>; brinda orientaci\u00f3n y contenci\u00f3n a las mujeres que sufren o son testigos de violencia. A trav\u00e9s de este contacto pueden derivarte a centros del Servicio Nacional de la Mujer y la Equidad de G\u00e9nero (SernamEG). \u00a0<\/td><td>1455<\/td><\/tr><tr><td colspan=\"2\">Puedes escribir\u00a0al <strong>WhatsApp SernamEG te Orienta<\/strong> <strong>+569\u00a09700 7000<\/strong><strong>. <\/strong>De lunes a viernes de 08:00 a 00:00 horas (excepto festivos). \u00a0 Recibir\u00e1s orientaci\u00f3n personalizada para saber c\u00f3mo abordar diversas situaciones de violencia de g\u00e9nero, y podr\u00e1s ser derivada, seg\u00fan lo que se necesite, a otros programas del SernamEG u otras instituciones.<\/td><\/tr><\/tbody><\/table><\/figure>\n\n\n\n<p><strong><br><strong><mark class=\"has-inline-color has-vivid-red-color\">Recuerda: si sufres violencia de g\u00e9nero, nunca es tu culpa. \u00a1No est\u00e1s sola\/o!<\/mark><\/strong><\/strong><\/p>\n\n\n\n<p>Desde 2021, Chile cuenta con una nueva <strong>Ley 21.325 de Migraci\u00f3n y Extranjer\u00eda<\/strong> y desde 2023 existe una <strong>Pol\u00edtica Nacional de Migraci\u00f3n y Extranjer\u00eda<\/strong>. All\u00ed se establecen los tipos de permisos de residencia o permanencia en el pa\u00eds a los que pueden optar las personas extranjeras, los requisitos que deben cumplir, la documentaci\u00f3n que deben presentar, los costos y tr\u00e1mites necesarios.&nbsp; Tambi\u00e9n existe <strong>la Ley 20.430 sobre la protecci\u00f3n de personas refugiadas<\/strong>. Para m\u00e1s informaci\u00f3n, ver <a href=\"http:\/\/www.serviciomigraciones.cl\">www.serviciomigraciones.cl<\/a><\/p>\n\n\n\n<p>Las personas extranjeras que se encuentran en Chile y que sean v\u00edctimas de violencia de g\u00e9nero o tengan una condici\u00f3n que amerite su especial protecci\u00f3n, podr\u00e1n solicitar un permiso temporal por razones humanitarias.<\/p>\n\n\n\n<p><strong><strong><mark class=\"has-inline-color has-vivid-red-color\">Permiso de residencia temporal por razones humanitarias<\/mark><\/strong><\/strong><\/p>\n\n\n\n<p>La Residencia Temporal por<strong>&nbsp;razones humanitarias<\/strong>&nbsp;es un permiso que puede otorgarse en&nbsp;<strong>5 casos<\/strong>, cada uno con distintos requisitos y procedimientos:<\/p>\n\n\n\n<ol class=\"wp-block-list\" start=\"1\">\n<li>Ni\u00f1os, ni\u00f1as y adolescentes<\/li>\n\n\n\n<li>Personas embarazadas<\/li>\n\n\n\n<li>V\u00edctimas de trata de personas<\/li>\n\n\n\n<li>V\u00edctimas de tr\u00e1fico il\u00edcito de personas migrantes<\/li>\n\n\n\n<li>V\u00edctima de violencia intrafamiliar o de g\u00e9nero<\/li>\n<\/ol>\n\n\n\n<p>En el caso de la residencia temporal <strong>por razones de violencia de g\u00e9nero o intrafamiliar<\/strong>, este permiso se otorgar\u00e1 a aquellas mujeres extranjeras que han sido v\u00edctimas de violencia intrafamiliar o de g\u00e9nero.<\/p>\n\n\n\n<p><strong>Para este tr\u00e1mite necesitar\u00e1s:<\/strong><\/p>\n\n\n\n<ol class=\"wp-block-list\">\n<li>Un documento de identidad, pasaporte o constancia del consulado indicando que el documento est\u00e1 en tr\u00e1mite;<\/li>\n\n\n\n<li>Certificado de antecedentes penales, apostillado o debidamente legalizado, correspondiente al pa\u00eds de origen o documento equivalente;<\/li>\n\n\n\n<li>Ficha informativa que emite el Tribunal o Ministerio P\u00fablico en Chile;<\/li>\n\n\n\n<li>Certificado de la causa emitido por el Tribunal de Justicia;<\/li>\n\n\n\n<li>Copia de la \u00faltima acta de audiencia, en caso de existir una causa judicial vigente.<\/li>\n<\/ol>\n\n\n\n<p>Para m\u00e1s informaci\u00f3n, visita: smig.cl\/razones-humanitarias o consulta presencialmente las oficinas del Servicio Nacional de Migraciones en cada regi\u00f3n: <a href=\"https:\/\/serviciomigraciones.cl\/oficinas-regionales\/\">https:\/\/serviciomigraciones.cl\/oficinas-regionales\/<\/a>&nbsp;<\/p>\n\n\n\n<p><strong><strong><strong><mark class=\"has-inline-color has-vivid-red-color\">\u00bfPuedo pedir el reconocimiento de la condici\u00f3n de refugiada\/o en Chile por ser v\u00edctima de violencia de g\u00e9nero en mi pa\u00eds?<\/mark><\/strong><\/strong><\/strong><\/p>\n\n\n\n<p>Una persona refugiada es alguien que ha sido forzada a salir de su pa\u00eds por temor fundado a ser perseguida por su raza, religi\u00f3n, nacionalidad, opini\u00f3n pol\u00edtica, o pertenencia a determinado grupo social y que no quiere o no puede acogerse a la protecci\u00f3n de su pa\u00eds por dicho temor.<\/p>\n\n\n\n<p>Las personas que han vivido hechos de violencia de g\u00e9nero en su pa\u00eds pueden solicitar el reconocimiento de la condici\u00f3n de refugiado\/a en Chile. Las solicitudes por motivos de g\u00e9nero abarcan, generalmente, hechos de violencia sexual, violencia dom\u00e9stica y familiar, mutilaci\u00f3n genital femenina, discriminaci\u00f3n y\/o actos violentos contra mujeres y personas LGBTIQA+.<\/p>\n\n\n\n<p>Para conocer los requisitos del proceso, has click <strong>aqu\u00ed<\/strong>: <a href=\"https:\/\/help.unhcr.org\/chile\/solicitando-la-condicion-de-refugiado\/como-solicitar-la-condicion-de-refugiado\/\">https:\/\/help.unhcr.org\/chile\/solicitando-la-condicion-de-refugiado\/como-solicitar-la-condicion-de-refugiado\/<\/a> &nbsp;&nbsp;<\/p>\n\n\n\n<p>Si requieres <strong>informaci\u00f3n sobre los servicios GRATUITOS de ACNUR para la poblaci\u00f3n refugiada, solicitante de asilo o en necesidad de protecci\u00f3n internacional<\/strong>, puedes hacer click <strong>aqu\u00ed:<\/strong> <a href=\"https:\/\/help.unhcr.org\/chile\/ayuda-y-orientacion\/\">https:\/\/help.unhcr.org\/chile\/ayuda-y-orientacion\/<\/a><\/p>\n\n\n\n<figure class=\"wp-block-table\"><table><tbody><tr><td><strong>LA IMPORTANCIA DE SER TESTIGO ACTIVO<\/strong>: Cada persona y cada comunidad tiene un rol que jugar para poner fin a la violencia de g\u00e9nero. Si somos testigos de violencia, podemos: <br><br>&#8211; No culpar a la v\u00edctima (\u201cSe lo busc\u00f3\u201d; \u201cEs que mira c\u00f3mo se viste\u201d; \u201cella sabe c\u00f3mo es \u00e9l e igual se queda\u201d) <br>&#8211; Apoyar: escuchar, acompa\u00f1ar, respetar tiempos, necesidades y decisiones de la v\u00edctima-sobreviviente.<br>&#8211; Evaluar el ambiente: si la situaci\u00f3n no parece segura para intervenir, puedes alejarte para pedir ayuda a otras personas o llamar a la polic\u00eda.<br>&#8211; No minimizar su importancia (\u201ces solo un chiste\u201d; \u201cno exageres\u201d).<br>&#8211; No negarlo (\u201cEso no me molestar\u00eda a m\u00ed, \u00bfpor qu\u00e9 le puede molestar a esa persona?\u201d; \u201ces su opini\u00f3n, su forma de ser\u201d)  <strong>\u00a0<\/strong><\/td><\/tr><\/tbody><\/table><\/figure>\n\n\n\n<p><strong><strong><strong><mark class=\"has-inline-color has-vivid-red-color\">Normas en Chile<\/mark><\/strong><\/strong><\/strong><\/p>\n\n\n\n<p>En Chile existen leyes que sancionan la violencia de g\u00e9nero y que buscan reparar las consecuencias:<\/p>\n\n\n\n<figure class=\"wp-block-table\"><table><tbody><tr><td><strong>Ley<\/strong><\/td><td><strong>\u00bfQu\u00e9 dice?<\/strong><\/td><\/tr><tr><td>Ley 20.507<\/td><td>Tipifica los delitos de <strong>tr\u00e1fico il\u00edcito de migrantes y trata de personas<\/strong> y establece normas para su prevenci\u00f3n y m\u00e1s efectiva persecuci\u00f3n criminal.<\/td><\/tr><tr><td>Ley 21.212<\/td><td>Tipifica el <strong>femicidio<\/strong>. Considera cualquier asesinato de una mujer con motivos de odio, menosprecio o abuso por causa de g\u00e9nero, sin importar la relaci\u00f3n o cercan\u00eda del asesino con su v\u00edctima.<\/td><\/tr><tr><td>Ley 21.565<\/td><td>R\u00e9gimen de <strong>protecci\u00f3n y reparaci\u00f3n integral<\/strong> en favor de las v\u00edctimas sobrevivientes de femicidio y suicidio femicida y sus familias.<\/td><\/tr><tr><td>Ley 21.153<\/td><td>Sanciona el <strong>acoso sexual<\/strong> en espacios p\u00fablicos.<\/td><\/tr><tr><td>Ley 20.607<\/td><td>Sanciona el <strong>acoso laboral<\/strong>.<\/td><\/tr><tr><td>Ley 20.066<\/td><td>Sobre <strong>violencia intrafamiliar<\/strong>.<\/td><\/tr><tr><td>Ley 21.030<\/td><td>Despenaliza la <strong>interrupci\u00f3n voluntaria del embarazo en tres causales<\/strong> (peligro para la vida de la persona gestante; <strong>inviabilidad del feto para sobrevivir fuera del \u00fatero<\/strong>; embarazo causado por violaci\u00f3n).<\/td><\/tr><tr><td>Ley 21.675<\/td><td>Ley Integral para <strong>prevenir, sancionar y erradicar la violencia de g\u00e9nero<\/strong> (2024). Establece&nbsp;<strong>los deberes del Estado en materia de prevenci\u00f3n, investigaci\u00f3n protecci\u00f3n, sanci\u00f3n y reparaci\u00f3n&nbsp;<\/strong>de violencia contra las mujeres.<\/td><\/tr><tr><td>Ley 21.643<\/td><td>Modifica el c\u00f3digo del trabajo y otros cuerpos legales, en materia de prevenci\u00f3n, investigaci\u00f3n y sanci\u00f3n del <strong>acoso laboral, sexual o de violencia en el trabajo.<\/strong><\/td><\/tr><tr><td>Ley 21.369<\/td><td>Esta ley regula el <strong>acoso sexual, la violencia y la discriminaci\u00f3n de g\u00e9nero en el \u00e1mbito de la educaci\u00f3n superior<\/strong> (Universidades, Institutos profesionales, Centros de formaci\u00f3n t\u00e9cnica, Escuelas y Academias de formaci\u00f3n).<\/td><\/tr><\/tbody><\/table><\/figure>\n\n\n\n<p><strong><br><\/strong><\/p>\n","protected":false},"excerpt":{"rendered":"<p>\u00bfQu\u00e9 es la violencia de g\u00e9nero? Cualquier acci\u00f3n o conducta que cause da\u00f1o, muerte o sufrimiento f\u00edsico, sexual o psicol\u00f3gico a una persona por motivo de su identidad de g\u00e9nero, orientaci\u00f3n sexual y\/o expresi\u00f3n de g\u00e9nero. Este tipo de violencia es una forma extrema de discriminaci\u00f3n y vulneraci\u00f3n de derechos, producto del machismo en nuestra [&hellip;]<\/p>\n","protected":false},"author":331,"featured_media":0,"parent":0,"menu_order":0,"comment_status":"closed","ping_status":"closed","template":"","meta":{"_acf_changed":false,"footnotes":""},"class_list":["post-854","page","type-page","status-publish","hentry"],"acf":[],"_links":{"self":[{"href":"https:\/\/help.unhcr.org\/chile\/wp-json\/wp\/v2\/pages\/854","targetHints":{"allow":["GET"]}}],"collection":[{"href":"https:\/\/help.unhcr.org\/chile\/wp-json\/wp\/v2\/pages"}],"about":[{"href":"https:\/\/help.unhcr.org\/chile\/wp-json\/wp\/v2\/types\/page"}],"author":[{"embeddable":true,"href":"https:\/\/help.unhcr.org\/chile\/wp-json\/wp\/v2\/users\/331"}],"replies":[{"embeddable":true,"href":"https:\/\/help.unhcr.org\/chile\/wp-json\/wp\/v2\/comments?post=854"}],"version-history":[{"count":4,"href":"https:\/\/help.unhcr.org\/chile\/wp-json\/wp\/v2\/pages\/854\/revisions"}],"predecessor-version":[{"id":868,"href":"https:\/\/help.unhcr.org\/chile\/wp-json\/wp\/v2\/pages\/854\/revisions\/868"}],"wp:attachment":[{"href":"https:\/\/help.unhcr.org\/chile\/wp-json\/wp\/v2\/media?parent=854"}],"curies":[{"name":"wp","href":"https:\/\/api.w.org\/{rel}","templated":true}]}}