{"id":844,"date":"2024-07-30T19:01:21","date_gmt":"2024-07-30T19:01:21","guid":{"rendered":"https:\/\/help.unhcr.org\/chile\/?page_id=844"},"modified":"2025-03-20T15:57:00","modified_gmt":"2025-03-20T15:57:00","slug":"explotacion-de-abuso-sexual-por-parte-de-trabajadores-humanitarios","status":"publish","type":"page","link":"https:\/\/help.unhcr.org\/chile\/explotacion-de-abuso-sexual-por-parte-de-trabajadores-humanitarios\/","title":{"rendered":"Explotaci\u00f3n y abuso sexual por parte de trabajadores humanitarios"},"content":{"rendered":"\n<p>La explotaci\u00f3n y el abuso sexual son situaciones donde los\/as trabajadores\/as humanitarios\/as abusan de su posici\u00f3n de poder o de la confianza de personas refugiadas, solicitantes de asilo o migrantes para obtener a cambio favores de naturaleza sexual.<\/p>\n\n\n\n<p><strong>Las personas trabajadoras humanitarias tienen&nbsp;PROHIBIDO:<\/strong><\/p>\n\n\n\n<p>? Tener relaciones sexuales con menores de 18 a\u00f1os, independientemente de si existe consentimiento.<\/p>\n\n\n\n<p>? Ofrecer dinero, empleo, bienes o servicios a cambio de relaciones sexuales<\/p>\n\n\n\n<p>? Ofrecer asistencia humanitaria (por ejemplo, comida, ropa o refugio) a cambio de favores sexuales.<\/p>\n\n\n\n<p>? Toda relaci\u00f3n sexual mantenida por la fuerza, mediante intimidaci\u00f3n, o a\u00fan cuando exista consentimiento, \u00e9ste se da aprovech\u00e1ndose de la condici\u00f3n de vulnerabilidad de la persona.<\/p>\n\n\n\n<p>? Toda relaci\u00f3n sexual con las personas a las que est\u00e1n brindando asistencia.<\/p>\n\n\n\n<p>? En general,&nbsp;<strong>todo acto o insinuaci\u00f3n de naturaleza sexual<\/strong>&nbsp;que sea solicitada por el o la trabajadora humanitaria a cambio de asistencia, provisi\u00f3n de servicios, o inclusi\u00f3n en programas de apoyo.<\/p>\n\n\n\n<p><strong>?<\/strong><strong> Todos estos actos est\u00e1n prohibidos, a\u00fan cuando se apele a la voluntad de la v\u00edctima.&nbsp;<\/strong><\/p>\n\n\n\n<p><strong>Si fuiste v\u00edctima de explotaci\u00f3n sexual o abuso sexual, o si conoces a alguien que lo fue, \u00a1den\u00fancialo!&nbsp;<\/strong>Escribe un mensaje a&nbsp;<a href=\"mailto:denuncias@unhcr.org\">denuncias@unhcr.org<\/a>&nbsp;o llama al tel\u00e9fono: +56 2 265 41063, Horario: martes a jueves de 9.00 a 13.00hrs.<\/p>\n\n\n\n<p><strong>Al hacer la denuncia:<\/strong><\/p>\n\n\n\n<p>\u2705 Siempre tendr\u00e1n en cuenta&nbsp;<strong>tu seguridad<\/strong>.<\/p>\n\n\n\n<p>\u2705 La persona a la cual has informado te asesorar\u00e1 y ayudar\u00e1 con cualquier&nbsp;<strong>necesidad inmediata de seguridad, protecci\u00f3n, salud y orientaci\u00f3n legal.<\/strong><\/p>\n\n\n\n<p>\u2705 Si la investigaci\u00f3n determina los hechos,&nbsp;<strong>se tomar\u00e1n medidas disciplinarias graves contra la persona agresora, incluida la terminaci\u00f3n de su contrato.<\/strong><\/p>\n\n\n\n<p>? \u00a1<strong>Recuerda!&nbsp;<\/strong><\/p>\n\n\n\n<ul class=\"wp-block-list\">\n<li>Los actos de explotaci\u00f3n sexual y abusos cometidos contra ti NUNCA son tu culpa.<\/li>\n\n\n\n<li>Tu denuncia ser\u00e1 CONFIDENCIAL.<\/li>\n\n\n\n<li>Reportar un incidente no impedir\u00e1 que recibas asistencia de las organizaciones humanitarias.<\/li>\n<\/ul>\n","protected":false},"excerpt":{"rendered":"<p>La explotaci\u00f3n y el abuso sexual son situaciones donde los\/as trabajadores\/as humanitarios\/as abusan de su posici\u00f3n de poder o de la confianza de personas refugiadas, solicitantes de asilo o migrantes para obtener a cambio favores de naturaleza sexual. Las personas trabajadoras humanitarias tienen&nbsp;PROHIBIDO: ? Tener relaciones sexuales con menores de 18 a\u00f1os, independientemente de si [&hellip;]<\/p>\n","protected":false},"author":331,"featured_media":0,"parent":0,"menu_order":9,"comment_status":"closed","ping_status":"closed","template":"","meta":{"_acf_changed":false,"footnotes":""},"class_list":["post-844","page","type-page","status-publish","hentry"],"acf":[],"_links":{"self":[{"href":"https:\/\/help.unhcr.org\/chile\/wp-json\/wp\/v2\/pages\/844","targetHints":{"allow":["GET"]}}],"collection":[{"href":"https:\/\/help.unhcr.org\/chile\/wp-json\/wp\/v2\/pages"}],"about":[{"href":"https:\/\/help.unhcr.org\/chile\/wp-json\/wp\/v2\/types\/page"}],"author":[{"embeddable":true,"href":"https:\/\/help.unhcr.org\/chile\/wp-json\/wp\/v2\/users\/331"}],"replies":[{"embeddable":true,"href":"https:\/\/help.unhcr.org\/chile\/wp-json\/wp\/v2\/comments?post=844"}],"version-history":[{"count":7,"href":"https:\/\/help.unhcr.org\/chile\/wp-json\/wp\/v2\/pages\/844\/revisions"}],"predecessor-version":[{"id":902,"href":"https:\/\/help.unhcr.org\/chile\/wp-json\/wp\/v2\/pages\/844\/revisions\/902"}],"wp:attachment":[{"href":"https:\/\/help.unhcr.org\/chile\/wp-json\/wp\/v2\/media?parent=844"}],"curies":[{"name":"wp","href":"https:\/\/api.w.org\/{rel}","templated":true}]}}