{"id":692,"date":"2023-09-25T19:11:39","date_gmt":"2023-09-25T19:11:39","guid":{"rendered":"https:\/\/help.unhcr.org\/chile\/?page_id=692"},"modified":"2024-07-30T18:59:37","modified_gmt":"2024-07-30T18:59:37","slug":"acceso-a-derechos-en-chile","status":"publish","type":"page","link":"https:\/\/help.unhcr.org\/chile\/acceso-a-derechos-en-chile\/","title":{"rendered":"Acceso a derechos en Chile"},"content":{"rendered":"\n<p><strong><strong><mark class=\"has-inline-color has-vivid-red-color\">Educaci\u00f3n<\/mark><\/strong><\/strong><\/p>\n\n\n\n<p>Para poder acceder al sistema educacional chileno siendo extranjero se necesita tener un RUT. Si no tienes RUT, necesitas un <strong>Identificador Provisorio Escolar (IPE)<\/strong> que entrega el Ministerio de Educaci\u00f3n a los ni\u00f1os, ni\u00f1as, j\u00f3venes y adultos extranjeros que deseen incorporarse al sistema escolar chileno. El IPE para menores de edad debe ser solicitado por el\/la apoderado\/a, madre, padre o tutor legal. El IPE para mayores de edad puede ser solicitado por la persona interesada.&nbsp;<\/p>\n\n\n\n<p><strong>Para tramitar el IPE, depender\u00e1 si la persona es:<\/strong><\/p>\n\n\n\n<ol class=\"wp-block-list\">\n<li>Ni\u00f1os\/as y adolescentes: con el documento de identidad del apoderado, madre, padre o tutor legal y un documento de identidad del ni\u00f1o\/a, y completar el formulario en la p\u00e1gina web: <a href=\"https:\/\/solicitud-ipe.mineduc.cl\/solicitud-identificador-provisorio\/\">https:\/\/solicitud-ipe.mineduc.cl\/solicitud-identificador-provisorio\/<\/a><\/li>\n\n\n\n<li>Personas adultas: enviar un correo electr\u00f3nico a la Oficina Ayuda MINEDUC correspondiente a tu comuna de residencia, adjuntando una foto de un documento de identidad. Para ver la informaci\u00f3n de la oficina correspondiente puede visitar la p\u00e1gina web: <a href=\"https:\/\/www.ayudamineduc.cl\/oficina-regional\">https:\/\/www.ayudamineduc.cl\/oficina-regional<\/a>.<\/li>\n<\/ol>\n\n\n\n<h4 class=\"wp-block-heading\"><strong><strong><strong><mark class=\"has-inline-color has-vivid-red-color\">Salud<\/mark><\/strong><\/strong><\/strong><\/h4>\n\n\n\n<p><\/p>\n\n\n\n<p>El sistema de salud chileno cuenta con servicios p\u00fablicos (Fondo Nacional de Salud \u201cFONASA\u201d) y servicios privados (Instituciones de Salud Previsional \u201cISAPRES\u201d). FONASA tiene dos modalidades de atenci\u00f3n: Modalidad de Atenci\u00f3n Institucional (MAI) y Modalidad Libre Elecci\u00f3n (MLE).&nbsp;<\/p>\n\n\n\n<p>En la MAI, las prestaciones m\u00e9dicas se otorgan en los establecimientos p\u00fablicos de la red asistencial: CESFAM (Centros de Salud Familiar), SAPU (Servicio de Atenci\u00f3n Primaria de Urgencia), C.R.S. (Centros de Referencia de Salud), C.D.T. (Centros de Diagn\u00f3stico Terap\u00e9utico) y Hospitales P\u00fablicos. Para acceder a esta modalidad de atenci\u00f3n es necesario estar afiliado a FONASA, para ello, debes inscribirte en el consultorio m\u00e1s cercano a tu domicilio.<\/p>\n\n\n\n<p>Los consultorios o Centros de Salud Familiar (CESFAM) entregan atenci\u00f3n m\u00e9dica, odontol\u00f3gica, obst\u00e9trica (matrona), kinesiol\u00f3gica, nutricional, psicol\u00f3gica, entre otras. Tambi\u00e9n entregan medicamentos y leche a las personas que cumplen los requisitos, realizan la toma de ex\u00e1menes generales y cuentan con vacunatorios.<\/p>\n\n\n\n<p><strong>Para inscribirse en el consultorio, va a depender si tu situaci\u00f3n migratoria es:<\/strong><\/p>\n\n\n\n<ol class=\"wp-block-list\">\n<li><strong>Regular:<\/strong> ir al Servicio de Orientaci\u00f3n Medico Estad\u00edstico-SOME del consultorio m\u00e1s cercano a tu domicilio con tu c\u00e9dula de identidad, comprobante de domicilio y certificado nacimiento en el caso de los\/as ni\u00f1os\/as.<\/li>\n\n\n\n<li><strong>Irregular:<\/strong> ir al consultorio con tu n\u00famero de RUT Provisorio y se\u00f1alar que quieres ser inscrito\/a en el consultorio.\u00a0<\/li>\n<\/ol>\n\n\n\n<p><strong>Para afiliarse a FONASA, depender\u00e1 de la condici\u00f3n legal en la que te encuentres:<\/strong><\/p>\n\n\n\n<ol class=\"wp-block-list\">\n<li><strong>Condici\u00f3n irregular:<\/strong> acude a un Centro de Atenci\u00f3n Primaria de Salud en cualquier lugar del pa\u00eds. En estos centros puedes solicitar la creaci\u00f3n de un RUT (N\u00b0 de documento) provisorio, y con este, solicitar la afiliaci\u00f3n a FONASA como persona carente de recursos, completando el formulario respectivo.<br><\/li>\n\n\n\n<li><strong>Permiso de residencia en tr\u00e1mite y sin contrato de trabajo: <\/strong>solicitar RUT provisorio en el Centro de Atenci\u00f3n Primaria de Salud que corresponda a tu domicilio o en una de las sucursales de FONASA.<\/li>\n<\/ol>\n\n\n\n<p><strong>Para la solicitud vas a necesitar:<\/strong><br>\u25fe Pasaporte o c\u00e9dula de identidad<br>\u25fe Solicitud de permiso de residencia en tr\u00e1mite vigente<br>\u25fe Formulario que acredita la carencia de recursos.<br>\u25fe <strong>Permiso de residencia en tr\u00e1mite con contrato de trabajo: <\/strong>solicitar la afiliaci\u00f3n a FONASA en las sucursales.<\/p>\n\n\n\n<p><strong>Para esto debes adjuntar:<\/strong><br>\u25fe Pasaporte o c\u00e9dula de identidad<br>\u25fe Solicitud de permiso de residencia en tr\u00e1mite vigente<br>\u25fe Solicitud de incorporaci\u00f3n de trabajador dependiente nuevo, emitido por la AFP, con el RUT provisorio visible.<br>\u25fe Planilla de pago de Cotizaciones de FONASA<\/p>\n\n\n\n<p>Para m\u00e1s informaci\u00f3n, ingresar a la p\u00e1gina del Ministerio de Salud: <a href=\"http:\/\/minsal.cl\">Ministerio de Salud \u2013 Gobierno de Chile \u2013 (minsal.cl)<\/a><\/p>\n\n\n\n<h4 class=\"wp-block-heading\"><strong><strong><strong><mark class=\"has-inline-color has-vivid-red-color\">Trabajo y emprendimiento<\/mark><\/strong><\/strong><\/strong><\/h4>\n\n\n\n<p><\/p>\n\n\n\n<p><strong>Los\/as trabajadoras extranjeras tienen los mismos derechos laborales que los y las trabajadoras chilenas, a saber:<\/strong><\/p>\n\n\n\n<ol class=\"wp-block-list\">\n<li>Exigir la escrituraci\u00f3n de un contrato de trabajo que cumpla con la normativa laboral vigente.&nbsp;<\/li>\n\n\n\n<li>Prestar los servicios acordados y recibir a cambio una remuneraci\u00f3n determinada en los per\u00edodos que las partes han convenido, los que no pueden exceder de un mes.&nbsp;<\/li>\n\n\n\n<li>Una jornada de trabajo m\u00e1xima de 45 horas semanales y pago de las horas extraordinarias.&nbsp;<\/li>\n\n\n\n<li>Pago oportuno de las cotizaciones previsionales.&nbsp;<\/li>\n\n\n\n<li>Trabajar en condiciones adecuadas de salud, higiene y seguridad y a ser informado de los posibles riesgos laborales.&nbsp;<\/li>\n\n\n\n<li>Acceder a seguridad social, salud y derechos que derivan de la protecci\u00f3n a la maternidad.&nbsp;<\/li>\n\n\n\n<li>Acceder a un seguro en caso de accidentes del trabajo y\/o enfermedades profesionales.&nbsp;<\/li>\n\n\n\n<li>Formar y\/o participar en organizaciones sindicales de trabajadores y negociar colectivamente.<\/li>\n<\/ol>\n","protected":false},"excerpt":{"rendered":"<p>Educaci\u00f3n Para poder acceder al sistema educacional chileno siendo extranjero se necesita tener un RUT. Si no tienes RUT, necesitas un Identificador Provisorio Escolar (IPE) que entrega el Ministerio de Educaci\u00f3n a los ni\u00f1os, ni\u00f1as, j\u00f3venes y adultos extranjeros que deseen incorporarse al sistema escolar chileno. El IPE para menores de edad debe ser solicitado [&hellip;]<\/p>\n","protected":false},"author":331,"featured_media":0,"parent":0,"menu_order":8,"comment_status":"closed","ping_status":"closed","template":"","meta":{"_acf_changed":false,"footnotes":""},"class_list":["post-692","page","type-page","status-publish","hentry"],"acf":[],"_links":{"self":[{"href":"https:\/\/help.unhcr.org\/chile\/wp-json\/wp\/v2\/pages\/692","targetHints":{"allow":["GET"]}}],"collection":[{"href":"https:\/\/help.unhcr.org\/chile\/wp-json\/wp\/v2\/pages"}],"about":[{"href":"https:\/\/help.unhcr.org\/chile\/wp-json\/wp\/v2\/types\/page"}],"author":[{"embeddable":true,"href":"https:\/\/help.unhcr.org\/chile\/wp-json\/wp\/v2\/users\/331"}],"replies":[{"embeddable":true,"href":"https:\/\/help.unhcr.org\/chile\/wp-json\/wp\/v2\/comments?post=692"}],"version-history":[{"count":10,"href":"https:\/\/help.unhcr.org\/chile\/wp-json\/wp\/v2\/pages\/692\/revisions"}],"predecessor-version":[{"id":843,"href":"https:\/\/help.unhcr.org\/chile\/wp-json\/wp\/v2\/pages\/692\/revisions\/843"}],"wp:attachment":[{"href":"https:\/\/help.unhcr.org\/chile\/wp-json\/wp\/v2\/media?parent=692"}],"curies":[{"name":"wp","href":"https:\/\/api.w.org\/{rel}","templated":true}]}}