{"id":685,"date":"2023-09-25T17:58:27","date_gmt":"2023-09-25T17:58:27","guid":{"rendered":"https:\/\/help.unhcr.org\/chile\/?page_id=685"},"modified":"2024-07-30T18:49:14","modified_gmt":"2024-07-30T18:49:14","slug":"egreso","status":"publish","type":"page","link":"https:\/\/help.unhcr.org\/chile\/egreso\/","title":{"rendered":"Salir de Chile"},"content":{"rendered":"\n<p>Para salir del territorio nacional debes hacerlo siempre por pasos habilitados. Para una salida sin problemas, es necesario contar con documento de identidad y permiso de residencia (temporal o definitiva) o permanencia transitoria vigente.&nbsp;<\/p>\n\n\n\n<p>En caso del vencimiento de tu permiso de residencia tendr\u00e1s 30 d\u00edas a partir del t\u00e9rmino de su vigencia para salir del pa\u00eds sin consecuencias administrativas.&nbsp;<\/p>\n\n\n\n<p><strong><mark class=\"has-inline-color has-vivid-red-color\">Salida de Chile con condici\u00f3n jur\u00eddica irregular<\/mark><\/strong><\/p>\n\n\n\n<p>Para salir del pa\u00eds con condici\u00f3n jur\u00eddica irregular, siempre es necesario hacerlo por paso habilitado y portando la autorizaci\u00f3n para ello.&nbsp;<\/p>\n\n\n\n<p>El tipo de autorizaci\u00f3n de salida depender\u00e1 de la causa de la irregularidad de la condici\u00f3n legal en Chile:<\/p>\n\n\n\n<p><strong><mark class=\"has-inline-color has-vivid-red-color\">Permiso de permanencia o residencia vencido<\/mark><\/strong><\/p>\n\n\n\n<p>Para aquellos casos en que las personas se encuentren irregulares por el vencimiento de su permanencia transitoria (ex visa de turismo) o Residencia temporal, debe realizarse el pago de la multa correspondiente a la infracci\u00f3n cometida.&nbsp;<\/p>\n\n\n\n<p>Los pasos para realizar el c\u00e1lculo de multa son los siguientes:&nbsp;<\/p>\n\n\n\n<ol class=\"wp-block-list\">\n<li>Ingresar al <a href=\"https:\/\/tramites.extranjeria.gob.cl\/\">Portal de Tr\u00e1mites Digitales<\/a> del Servicio Nacional de Migraciones<\/li>\n\n\n\n<li>Ingresar al tr\u00e1mite \u201c<a href=\"https:\/\/ayuda.serviciomigraciones.cl\/es\/support\/solutions\/articles\/60000714212-gu%C3%ADa-paso-a-paso-c%C3%A1lculo-de-multa-extranjero\">C\u00e1lculo de multa<\/a>\u201d <a href=\"https:\/\/ayuda.serviciomigraciones.cl\/en\/support\/solutions\/articles\/60000714212-guide-step-by-step-calculation-of-foreigner-s-fine\">(english version)<\/a> con cuenta de usuario o Clave \u00danica. Sigue los pasos y paga la multa correspondiente.<\/li>\n\n\n\n<li>Una vez obtenido el certificado de pago, podr\u00e1s salir del pa\u00eds en un plazo de 10 d\u00edas. Este certificado debes presentarlo junto a tu documento de identidad y\/o de viaje vigente a las autoridades fronterizas en el aeropuerto o en los pasos fronterizos establecidos.<\/li>\n<\/ol>\n\n\n\n<p><strong><strong><mark class=\"has-inline-color has-vivid-red-color\">Ingreso por paso no habilitado<\/mark><\/strong><\/strong><\/p>\n\n\n\n<p>Si ingresaste a Chile por paso no habilitado o eludiendo el control migratorio en frontera, la autoridad podr\u00e1 autorizar tu salida del pa\u00eds por paso habilitado, sin embargo, se te aplicar\u00e1 una prohibici\u00f3n de ingreso por el tiempo que la autoridad determine.<\/p>\n\n\n\n<p><strong>1. Si est\u00e1s en Santiago o quieres salir por el aeropuerto internacional de Santiago:<\/strong><strong><\/strong><\/p>\n\n\n\n<p>El permiso de salida debe solicitarse en dependencias del Servicio Nacional de Migraciones o en el Departamento de Extranjer\u00eda y Polic\u00eda internacional de la Polic\u00eda de Investigaciones (PDI) con el pasaje ya comprado, al menos 15 d\u00edas antes de la fecha de viaje.&nbsp;<\/p>\n\n\n\n<p><strong>Servicio Nacional de Migraciones&nbsp; <\/strong><strong><\/strong><\/p>\n\n\n\n<ul class=\"wp-block-list\">\n<li>Direcci\u00f3n: San Antonio #580&nbsp;<\/li>\n\n\n\n<li>Horario: Lunes a Viernes de 9.00 a 12.00 hrs.&nbsp;<\/li>\n<\/ul>\n\n\n\n<p><strong>Departamento de Extranjer\u00eda y Polic\u00eda Internacional PDI&nbsp; <\/strong><strong><\/strong><\/p>\n\n\n\n<ul class=\"wp-block-list\">\n<li>Direcci\u00f3n: San Francisco #253<\/li>\n\n\n\n<li>Horario: Lunes a Viernes de 09.00 a 11.00 hrs.<\/li>\n<\/ul>\n\n\n\n<p><strong>2. Si est\u00e1s en Arica o quieres salir por la frontera de Chacalluta o Chugar\u00e1:<\/strong><strong><\/strong><\/p>\n\n\n\n<p>La autorizaci\u00f3n de tu salida debe otorgarla la Direcci\u00f3n Regional del Servicio Nacional de Migraciones de Arica y Parinacota.<\/p>\n\n\n\n<ul class=\"wp-block-list\">\n<li>Direcci\u00f3n:&nbsp; Emilio Castro S\/N, s\u00f3calo Edificio de Servicios P\u00fablicos, Arica&nbsp;<\/li>\n\n\n\n<li>Horario: Lunes a Viernes de 9.00 a 13.00 hrs.&nbsp;<\/li>\n<\/ul>\n\n\n\n<p>Si est\u00e1s en la frontera, puedes acercarte a PDI para solicitar el formulario de salida. La PDI proveer\u00e1 la informaci\u00f3n entregada al Servicio Nacional de Migraciones, junto con el parte policial respectivo.<\/p>\n\n\n\n<p> a PDI para solicitar el formulario de salida. La PDI proveer\u00e1 la informaci\u00f3n entregada al Servicio Nacional de Migraciones, junto con el parte policial respectivo.&nbsp;<\/p>\n","protected":false},"excerpt":{"rendered":"<p>Para salir del territorio nacional debes hacerlo siempre por pasos habilitados. Para una salida sin problemas, es necesario contar con documento de identidad y permiso de residencia (temporal o definitiva) o permanencia transitoria vigente.&nbsp; En caso del vencimiento de tu permiso de residencia tendr\u00e1s 30 d\u00edas a partir del t\u00e9rmino de su vigencia para salir [&hellip;]<\/p>\n","protected":false},"author":331,"featured_media":0,"parent":0,"menu_order":6,"comment_status":"closed","ping_status":"closed","template":"","meta":{"_acf_changed":false,"footnotes":""},"class_list":["post-685","page","type-page","status-publish","hentry"],"acf":[],"_links":{"self":[{"href":"https:\/\/help.unhcr.org\/chile\/wp-json\/wp\/v2\/pages\/685","targetHints":{"allow":["GET"]}}],"collection":[{"href":"https:\/\/help.unhcr.org\/chile\/wp-json\/wp\/v2\/pages"}],"about":[{"href":"https:\/\/help.unhcr.org\/chile\/wp-json\/wp\/v2\/types\/page"}],"author":[{"embeddable":true,"href":"https:\/\/help.unhcr.org\/chile\/wp-json\/wp\/v2\/users\/331"}],"replies":[{"embeddable":true,"href":"https:\/\/help.unhcr.org\/chile\/wp-json\/wp\/v2\/comments?post=685"}],"version-history":[{"count":3,"href":"https:\/\/help.unhcr.org\/chile\/wp-json\/wp\/v2\/pages\/685\/revisions"}],"predecessor-version":[{"id":834,"href":"https:\/\/help.unhcr.org\/chile\/wp-json\/wp\/v2\/pages\/685\/revisions\/834"}],"wp:attachment":[{"href":"https:\/\/help.unhcr.org\/chile\/wp-json\/wp\/v2\/media?parent=685"}],"curies":[{"name":"wp","href":"https:\/\/api.w.org\/{rel}","templated":true}]}}