{"id":612,"date":"2023-09-25T14:32:55","date_gmt":"2023-09-25T14:32:55","guid":{"rendered":"https:\/\/help.unhcr.org\/chile\/?page_id=612"},"modified":"2025-03-13T14:35:11","modified_gmt":"2025-03-13T14:35:11","slug":"ayuda-y-orientacion","status":"publish","type":"page","link":"https:\/\/help.unhcr.org\/chile\/ayuda-y-orientacion\/","title":{"rendered":"D\u00f3nde solicitar ayuda y orientaci\u00f3n en Chile"},"content":{"rendered":"\n<h4 class=\"wp-block-heading\"><mark class=\"has-inline-color has-vivid-red-color\"><strong>\u00bfA qui\u00e9nes puedo pedir orientaci\u00f3n y ayuda en Chile?<\/strong><\/mark><\/h4>\n\n\n\n<p><\/p>\n\n\n\n<p><a href=\"https:\/\/help.unhcr.org\/chile\/ayuda-y-orientacion\/donde-encontrar-ayuda\/\"><strong>En caso de requerir alg\u00fan tipo de ayuda, informaci\u00f3n u orientaci\u00f3n, puedes contactar al ACNUR o a alguno de sus socios directamente.<\/strong><\/a><\/p>\n\n\n\n<p><strong>Todos los servicios listados en este apartado son totalmente gratuitos y se rigen bajo el principio de confidencialidad.<\/strong><\/p>\n\n\n\n<p><mark class=\"has-inline-color has-vivid-red-color\"><strong>\u00bfQu\u00e9 puede hacer el ACNUR por m\u00ed?<\/strong><\/mark><\/p>\n\n\n\n<p>En Chile, el ACNUR coordina y trabaja junto a diversas organizaciones para brindar protecci\u00f3n y encontrar soluciones duraderas para las personas refugiadas y solicitantes de asilo que viven en el pa\u00eds, as\u00ed como tambi\u00e9n para las personas venezolanas que residen en Chile.<\/p>\n\n\n\n<ul class=\"wp-block-list\">\n<li>Brindamos orientaci\u00f3n sobre el proceso de reconocimiento de la condici\u00f3n de refugiado\/a en Chile.<\/li>\n\n\n\n<li>Brindamos asistencia humanitaria (alojamiento, apoyo para la integraci\u00f3n laboral, asesor\u00eda jur\u00eddica, entre otras), a trav\u00e9s de nuestras agencias socias en el pa\u00eds para casos en situaci\u00f3n de vulnerabilidad.<\/li>\n\n\n\n<li>Apoyamos la integraci\u00f3n de las personas refugiadas, mediante proyectos de integraci\u00f3n laboral y social.<\/li>\n\n\n\n<li>Llevamos a cabo proyectos de impacto r\u00e1pido para apoyar a las comunidades locales que han recibido a personas refugiadas en sus territorios, promoviendo la coexistencia pac\u00edfica y la inclusi\u00f3n entre las diversas personas que viven en las comunidades.<\/li>\n<\/ul>\n\n\n\n<p><strong>Todos los servicios ofrecidos tanto por ACNUR como por nuestras agencias socias son y ser\u00e1n siempre totalmente gratuitos y se regir\u00e1n bajo el principio de confidencialidad.<\/strong><br><br><mark class=\"has-inline-color has-vivid-red-color\"><strong>\u00bfQu\u00e9 servicios ofrecen los socios del ACNUR en Chile?<\/strong><\/mark><\/p>\n\n\n\n<p><strong>El ACNUR pone a disposici\u00f3n a trav\u00e9s de sus agencias socias en Chile, los siguientes servicios gratuitos de asistencia:<\/strong><\/p>\n\n\n\n<ul class=\"wp-block-list\">\n<li>Asistencia Jur\u00eddica, incluyendo orientaci\u00f3n, asesor\u00eda y representaci\u00f3n legal.<\/li>\n\n\n\n<li>Alojamiento de emergencia (actualmente solo en la regi\u00f3n metropolitana) y subsidios de arrendamiento.<\/li>\n\n\n\n<li>Apoyo para facilitar la autosuficiencia y la integraci\u00f3n en el pa\u00eds.<\/li>\n\n\n\n<li>Atenci\u00f3n psicol\u00f3gica y orientaci\u00f3n psicosocial.<\/li>\n\n\n\n<li>Proyectos que apoyan la integraci\u00f3n e inclusi\u00f3n en las comunidades de acogida.<\/li>\n<\/ul>\n\n\n\n<p><strong><u>Importante<\/u>: actualmente, nuestras agencias socias solo tienen cobertura en las regiones de Arica y Parinacota, Tarapac\u00e1 y Regi\u00f3n Metropolitana. La entrega de estos servicios est\u00e1 condicionada a la evaluaci\u00f3n de necesidades y disponibilidad presupuestaria de los socios.<\/strong><\/p>\n\n\n\n<p>Nuestras agencias socias en Chile cuentan con vasta trayectoria y experiencia en el pa\u00eds. <\/p>\n\n\n\n<p><strong>En la actualidad, tenemos acuerdos vigentes con las siguientes instituciones:<\/strong><\/p>\n\n\n\n<ul class=\"wp-block-list\">\n<li><a href=\"https:\/\/www.worldvision.cl\/\">World Vision International (Visi\u00f3n Mundial Internacional)<\/a><\/li>\n\n\n\n<li><a href=\"https:\/\/sjmchile.org\/\">Servicio Jesuita a Migrantes<\/a><\/li>\n\n\n\n<li><a href=\"https:\/\/www.vicaria.cl\/\">Vicar\u00eda Pastoral Social C\u00e1ritas<\/a><\/li>\n\n\n\n<li><a href=\"https:\/\/derecho.uahurtado.cl\/vinculacion-con-el-medio\/clinica-juridica\/consultorio-inmigrantes\/\">Cl\u00ednica Jur\u00eddica para Migrantes de la Universidad Alberto Hurtado<\/a><\/li>\n<\/ul>\n\n\n\n<p><a href=\"https:\/\/help.unhcr.org\/chile\/wp-content\/uploads\/sites\/20\/2024\/08\/folleto-acnur-2024-web.pdf\"><strong>Descargue aqu\u00ed el folleto sobre el trabajo y atenci\u00f3n de ACNUR en Chile<\/strong><\/a><\/p>\n","protected":false},"excerpt":{"rendered":"<p>\u00bfA qui\u00e9nes puedo pedir orientaci\u00f3n y ayuda en Chile? En caso de requerir alg\u00fan tipo de ayuda, informaci\u00f3n u orientaci\u00f3n, puedes contactar al ACNUR o a alguno de sus socios directamente. Todos los servicios listados en este apartado son totalmente gratuitos y se rigen bajo el principio de confidencialidad. \u00bfQu\u00e9 puede hacer el ACNUR por [&hellip;]<\/p>\n","protected":false},"author":1,"featured_media":0,"parent":0,"menu_order":3,"comment_status":"closed","ping_status":"closed","template":"","meta":{"_acf_changed":false,"footnotes":""},"class_list":["post-612","page","type-page","status-publish","hentry"],"acf":[],"_links":{"self":[{"href":"https:\/\/help.unhcr.org\/chile\/wp-json\/wp\/v2\/pages\/612","targetHints":{"allow":["GET"]}}],"collection":[{"href":"https:\/\/help.unhcr.org\/chile\/wp-json\/wp\/v2\/pages"}],"about":[{"href":"https:\/\/help.unhcr.org\/chile\/wp-json\/wp\/v2\/types\/page"}],"author":[{"embeddable":true,"href":"https:\/\/help.unhcr.org\/chile\/wp-json\/wp\/v2\/users\/1"}],"replies":[{"embeddable":true,"href":"https:\/\/help.unhcr.org\/chile\/wp-json\/wp\/v2\/comments?post=612"}],"version-history":[{"count":14,"href":"https:\/\/help.unhcr.org\/chile\/wp-json\/wp\/v2\/pages\/612\/revisions"}],"predecessor-version":[{"id":899,"href":"https:\/\/help.unhcr.org\/chile\/wp-json\/wp\/v2\/pages\/612\/revisions\/899"}],"wp:attachment":[{"href":"https:\/\/help.unhcr.org\/chile\/wp-json\/wp\/v2\/media?parent=612"}],"curies":[{"name":"wp","href":"https:\/\/api.w.org\/{rel}","templated":true}]}}