{"id":608,"date":"2023-09-25T14:17:19","date_gmt":"2023-09-25T14:17:19","guid":{"rendered":"https:\/\/help.unhcr.org\/chile\/?page_id=608"},"modified":"2026-03-26T20:05:24","modified_gmt":"2026-03-26T20:05:24","slug":"derechos-y-obligaciones-de-las-personas-refugiadas-y-solicitantes-del-reconocimiento-de-su-condicion-de-refugiadas","status":"publish","type":"page","link":"https:\/\/help.unhcr.org\/chile\/solicitando-la-condicion-de-refugiado\/derechos-y-obligaciones-de-las-personas-refugiadas-y-solicitantes-del-reconocimiento-de-su-condicion-de-refugiadas\/","title":{"rendered":"Derechos y obligaciones de las personas refugiadas y solicitantes del reconocimiento de su condici\u00f3n de refugiadas"},"content":{"rendered":"\n<h4 class=\"wp-block-heading\"><strong><strong><mark class=\"has-inline-color has-vivid-red-color\">Derechos de las personas refugiadas<\/mark><\/strong><\/strong><\/h4>\n\n\n\n<p><\/p>\n\n\n\n<ul class=\"wp-block-list\">\n<li>No ser rechazados en la frontera, ni ser devueltos, expulsados o extraditados al pa\u00eds donde su vida, integridad, libertad o seguridad est\u00e9n en peligro.<\/li>\n\n\n\n<li>Permanecer y transitar libremente en el pa\u00eds.<\/li>\n\n\n\n<li>Acceder a los sistemas p\u00fablicos de salud, educaci\u00f3n, y a trabajar legalmente.<\/li>\n\n\n\n<li>No ser discriminados por ninguna raz\u00f3n (color de piel, situaci\u00f3n social, creencias religiosas, g\u00e9nero u orientaci\u00f3n sexual, nacionalidad, opiniones pol\u00edticas, etc.).<\/li>\n\n\n\n<li>La persona reconocida como refugiada tiene derecho a reunificarse con sus familiares (pareja, ascendientes, descendientes y menores de edad que se encuentran legalmente bajo su cuidado).<\/li>\n<\/ul>\n\n\n\n<p><strong><mark style=\"background-color:#8ed1fc\" class=\"has-inline-color\">IMPORTANTE:<\/mark><\/strong> Las personas reconocidas como refugiadas tienen derecho a un <em><strong>Documento de viaje para refugiados<\/strong><\/em>, que servir\u00e1 para viajes hacia y desde el extranjero. Este documento es tanto para el solicitante principal, como para sus familiares que le acompa\u00f1en en su solicitud de asilo (refugio). <\/p>\n\n\n\n<figure class=\"wp-block-image size-large\"><img loading=\"lazy\" decoding=\"async\" width=\"1024\" height=\"576\" src=\"https:\/\/help.unhcr.org\/chile\/wp-content\/uploads\/sites\/20\/2026\/03\/2-1024x576.png\" alt=\"\" class=\"wp-image-947\" srcset=\"https:\/\/help.unhcr.org\/chile\/wp-content\/uploads\/sites\/20\/2026\/03\/2-1024x576.png 1024w, https:\/\/help.unhcr.org\/chile\/wp-content\/uploads\/sites\/20\/2026\/03\/2-300x169.png 300w, https:\/\/help.unhcr.org\/chile\/wp-content\/uploads\/sites\/20\/2026\/03\/2-768x432.png 768w, https:\/\/help.unhcr.org\/chile\/wp-content\/uploads\/sites\/20\/2026\/03\/2-1536x864.png 1536w, https:\/\/help.unhcr.org\/chile\/wp-content\/uploads\/sites\/20\/2026\/03\/2.png 1920w\" sizes=\"auto, (max-width: 1024px) 100vw, 1024px\" \/><\/figure>\n\n\n\n<h3 class=\"wp-block-heading\"><\/h3>\n\n\n\n<p><strong><strong><mark class=\"has-inline-color has-vivid-red-color\">Obligaciones de las personas refugiadas y solicitantes de reconocimiento de esa condici\u00f3n<\/mark><\/strong><\/strong><\/p>\n\n\n\n<ul class=\"wp-block-list\">\n<li>Respetar la Constituci\u00f3n Pol\u00edtica y las leyes nacionales y locales; respetar a las personas, entidades, organismos p\u00fablicos y privados.<\/li>\n\n\n\n<li>Mantener su informaci\u00f3n de domicilio actualizada y renovar oportunamente su permiso de residencia y por consiguiente, su c\u00e9dula de identidad chilena para extranjeros.\u202f<\/li>\n\n\n\n<li>Informar al Departamento de Refugio sobre su intenci\u00f3n de viajar al exterior. Se recomienda pedir a la autoridad, m\u00e1s informaci\u00f3n sobre las eventuales implicancias de viajar a su pa\u00eds de origen.\u202f<\/li>\n\n\n\n<li>Decir la verdad, informar y cooperar activamente con la autoridad a fin de que puedan esclarecerse los hechos y razones en que se basa su solicitud.\u202f<\/li>\n\n\n\n<li>Aportar pruebas y dar explicaciones en caso de que falten o no sean suficientes.\u202f<\/li>\n\n\n\n<li>Dar informaci\u00f3n sobre su persona y experiencia, con los detalles necesarios para el an\u00e1lisis de su caso y contestar todas las preguntas que le sean formuladas.\u202f<\/li>\n<\/ul>\n\n\n\n<h3 class=\"wp-block-heading\"><\/h3>\n\n\n\n<p><strong><strong><mark class=\"has-inline-color has-vivid-red-color\">\u00bfQu\u00e9 pasa con las y los familiares de quien es reconocida como persona refugiada?<\/mark><\/strong><\/strong><\/p>\n\n\n\n<p>Tienen derecho a que se les reconozca el estatuto de refugiado por extensi\u00f3n a los siguientes familiares:<\/p>\n\n\n\n<ol class=\"wp-block-list\">\n<li>A el\/la c\u00f3nyuge o conviviente&nbsp;<\/li>\n\n\n\n<li>Ascendentes (por ejemplo: padres, madres, abuelos, bisabuelos, etc.).&nbsp;<\/li>\n\n\n\n<li>Descendientes (por ejemplo: hijos, nietos, bisnietos, etc.).<\/li>\n\n\n\n<li>Menores de edad que se encuentren bajo su cuidado&nbsp;<\/li>\n<\/ol>\n\n\n\n<p>Esos v\u00ednculos deben acreditarse con la persona reconocida como refugiada o solicitante de tal condici\u00f3n en nuestro pa\u00eds, podr\u00e1n adem\u00e1s formalizar su solicitud de forma independiente, pudiendo elegir entrevistadores e int\u00e9rpretes de su mismo sexo o g\u00e9nero.<\/p>\n","protected":false},"excerpt":{"rendered":"<p>Derechos de las personas refugiadas IMPORTANTE: Las personas reconocidas como refugiadas tienen derecho a un Documento de viaje para refugiados, que servir\u00e1 para viajes hacia y desde el extranjero. Este documento es tanto para el solicitante principal, como para sus familiares que le acompa\u00f1en en su solicitud de asilo (refugio). Obligaciones de las personas refugiadas [&hellip;]<\/p>\n","protected":false},"author":331,"featured_media":0,"parent":34,"menu_order":0,"comment_status":"closed","ping_status":"closed","template":"","meta":{"_acf_changed":false,"footnotes":""},"class_list":["post-608","page","type-page","status-publish","hentry"],"acf":[],"_links":{"self":[{"href":"https:\/\/help.unhcr.org\/chile\/wp-json\/wp\/v2\/pages\/608","targetHints":{"allow":["GET"]}}],"collection":[{"href":"https:\/\/help.unhcr.org\/chile\/wp-json\/wp\/v2\/pages"}],"about":[{"href":"https:\/\/help.unhcr.org\/chile\/wp-json\/wp\/v2\/types\/page"}],"author":[{"embeddable":true,"href":"https:\/\/help.unhcr.org\/chile\/wp-json\/wp\/v2\/users\/331"}],"replies":[{"embeddable":true,"href":"https:\/\/help.unhcr.org\/chile\/wp-json\/wp\/v2\/comments?post=608"}],"version-history":[{"count":9,"href":"https:\/\/help.unhcr.org\/chile\/wp-json\/wp\/v2\/pages\/608\/revisions"}],"predecessor-version":[{"id":948,"href":"https:\/\/help.unhcr.org\/chile\/wp-json\/wp\/v2\/pages\/608\/revisions\/948"}],"up":[{"embeddable":true,"href":"https:\/\/help.unhcr.org\/chile\/wp-json\/wp\/v2\/pages\/34"}],"wp:attachment":[{"href":"https:\/\/help.unhcr.org\/chile\/wp-json\/wp\/v2\/media?parent=608"}],"curies":[{"name":"wp","href":"https:\/\/api.w.org\/{rel}","templated":true}]}}