{"id":535,"date":"2022-07-07T01:47:54","date_gmt":"2022-07-07T01:47:54","guid":{"rendered":"https:\/\/help.unhcr.org\/chile\/?page_id=535"},"modified":"2024-07-30T18:45:47","modified_gmt":"2024-07-30T18:45:47","slug":"residencia","status":"publish","type":"page","link":"https:\/\/help.unhcr.org\/chile\/residencia\/","title":{"rendered":"Residir en Chile"},"content":{"rendered":"\n<h4 class=\"wp-block-heading\"><strong><strong><mark class=\"has-inline-color has-vivid-red-color\">Permisos de residencia<\/mark><\/strong><\/strong><\/h4>\n\n\n\n<p><\/p>\n\n\n\n<p>El permiso de residencia temporal permite residir en Chile hasta por 2 a\u00f1os, despu\u00e9s de los cuales el permiso puede prorrogarse o puede solicitarse la residencia definitiva.<\/p>\n\n\n\n<p><strong><mark class=\"has-inline-color has-vivid-red-color\">Requisitos generales para el permiso de residencia temporal<\/mark><\/strong><\/p>\n\n\n\n<p>Todas las solicitudes de residencia temporal deber\u00e1n acompa\u00f1ar los siguientes documentos, sin perjuicio de los requisitos espec\u00edficos de cada tipo de permiso de residencia temporal:<\/p>\n\n\n\n<ol class=\"wp-block-list\">\n<li>Copia de pasaporte con una vigencia que no sea inferior a un a\u00f1o a la fecha de la solicitud.<\/li>\n\n\n\n<li>Certificado de antecedentes penales del pa\u00eds de origen o del pa\u00eds de \u00faltima residencia durante los \u00faltimos 5 a\u00f1os.&nbsp;<\/li>\n\n\n\n<li>Expresi\u00f3n de nombres y apellidos, correo electr\u00f3nico y exposici\u00f3n de los hechos, razones y peticiones de la solicitud.<\/li>\n<\/ol>\n\n\n\n<p><strong><mark class=\"has-inline-color has-vivid-red-color\">Formalidades de la documentaci\u00f3n a presentar<\/mark><\/strong><\/p>\n\n\n\n<p>Los documentos presentados deber\u00e1n cumplir con las siguientes formalidades para ser considerados v\u00e1lidos y vigentes:<\/p>\n\n\n\n<ol class=\"wp-block-list\">\n<li><strong>Documentos emitidos por instituciones p\u00fablicas:&nbsp;<\/strong><br>&#8211; Apostilla o legalizaci\u00f3n seg\u00fan corresponda.<br>&#8211; Emitido dentro de los 60 d\u00edas corridos antes de la presentaci\u00f3n.<br><br><\/li>\n\n\n\n<li><strong>Documentos emitidos por instituciones privadas:<\/strong><br>&#8211; Emitidos dentro de los 30 d\u00edas corridos antes de la presentaci\u00f3n.<\/li>\n<\/ol>\n\n\n\n<p>En ambos casos, si los documentos est\u00e1n en un idioma distinto al ingl\u00e9s, deber\u00e1n acompa\u00f1ar su respectiva traducci\u00f3n.<\/p>\n\n\n\n<p><strong><mark class=\"has-inline-color has-vivid-red-color\">Subcategor\u00edas de residencia temporal<\/mark><\/strong><\/p>\n\n\n\n<p>Por regla general, los permisos de residencia temporal deben solicitarse desde el pa\u00eds de origen de la persona extranjera que lo requiera, sin embargo, existen excepciones tales como el permiso de reunificaci\u00f3n familiar o el permiso por razones humanitarias en algunos casos.<\/p>\n\n\n\n<p>Para revisar los requisitos y restricciones de cada una de las subcategor\u00edas de residencia temporal definidas en el Decreto Supremo 177 haz click en el siguiente link para m\u00e1s informaci\u00f3n: <a href=\"https:\/\/serviciomigraciones.cl\/residencia-temporal\/\">https:\/\/serviciomigraciones.cl\/residencia-temporal\/<\/a><\/p>\n\n\n\n<p><strong><mark class=\"has-inline-color has-vivid-red-color\">Situaci\u00f3n de ni\u00f1as, ni\u00f1os y adolescentes<\/mark><\/strong><\/p>\n\n\n\n<p><strong>Permiso de residencia temporal especial para ni\u00f1os, ni\u00f1as o adolescentes<\/strong><\/p>\n\n\n\n<p>En Chile, esta visa es gratuita, y se otorga a ni\u00f1os, ni\u00f1as y adolescentes que se encuentren en el territorio nacional, con independencia de la forma de ingreso o estatus del padre, madre, guardador o persona encargada de su cuidado.<\/p>\n\n\n\n<ul class=\"wp-block-list\">\n<li>Esta visa tiene tr\u00e1mite preferente por sobre otras categor\u00edas.<\/li>\n\n\n\n<li>La solicitud debe ser realizada por el padre, madre, guardador o persona encargada de cuidado personal, pero a trav\u00e9s de una cuenta creada a nombre del ni\u00f1o o ni\u00f1a. El beneficio no es extensible a los miembros del grupo familiar<\/li>\n<\/ul>\n\n\n\n<p><strong>NOTA:<\/strong> Para saber m\u00e1s sobre c\u00f3mo crear una cuenta en el portal del Servicio Nacional de Migraciones <a href=\"https:\/\/ayuda.serviciomigraciones.cl\/en\/support\/solutions\/articles\/60000714194-how-to-create-an-account-on-the-servicio-nacional-de-migraciones-website\">haga click aqu\u00ed<\/a>.<\/p>\n\n\n\n<ul class=\"wp-block-list\">\n<li>Se deber\u00e1 acreditar: i) la filiaci\u00f3n mediante el correspondiente certificado de nacimiento, y ii) el cuidado personal o curadur\u00eda deber\u00e1n presentar los documentos otorgados por la entidad competente seg\u00fan la normativa vigente del Estado que otorg\u00f3 el cuidado personal o curadur\u00eda.<\/li>\n\n\n\n<li>En ning\u00fan caso se exigir\u00e1 a los NNA un certificado de antecedentes penales, tarjeta de extranjero infractor o autodenuncia y tampoco podr\u00e1n ser sancionados por haber ingresado al pa\u00eds por paso no habilitado.<\/li>\n\n\n\n<li>El tr\u00e1mite es a trav\u00e9s de la p\u00e1gina web <a href=\"https:\/\/tramites.extranjeria.gob.cl\/\">https:\/\/tramites.extranjeria.gob.cl\/<\/a><\/li>\n<\/ul>\n\n\n\n<p><strong>Ni\u00f1os, ni\u00f1as y adolescentes inscritos como \u201chijo de extranjero transe\u00fante\u201d en Chile<\/strong><\/p>\n\n\n\n<p>Si vives en Chile, en situaci\u00f3n migratoria regular o irregular, y tienes un\/a hijo\/a que naci\u00f3 aqu\u00ed, debe ser inscrito como chileno\/a. Si tu hijo\/a fue inscrito como <em>hijo de extranjero transe\u00fante<\/em>, comun\u00edcate con la Cl\u00ednica Jur\u00eddica para Migrantes de la Universidad Alberto Hurtado (UAH<em>)<\/em><strong>,<\/strong> a trav\u00e9s del correo <a href=\"mailto:clinicajuridica@uahurtado.cl\">clinicajuridica@uahurtado.cl<\/a>&nbsp;o al tel\u00e9fono +56 9 2066 7141.<\/p>\n\n\n\n<p><strong>Ni\u00f1os, ni\u00f1as y adolescentes no inscritos en el pa\u00eds de nacimiento<\/strong><\/p>\n\n\n\n<p>Si tu hijo\/a no fue inscrito al nacer, debes dirigirte al <strong>consulado del pa\u00eds donde haya nacido<\/strong> para obtener m\u00e1s informaci\u00f3n sobre c\u00f3mo inscribirle. En caso de no acceder a informaci\u00f3n satisfactoria, comun\u00edcate con la <strong>Cl\u00ednica Jur\u00eddica para Migrantes de la Universidad Alberto Hurtado<\/strong> (UAH), al correo <a href=\"mailto:clinicajuridica@uahurtado.cl\">clinicajuridica@uahurtado.cl<\/a>\u00a0o al tel\u00e9fono +569 20667141.<\/p>\n\n\n\n<p><strong><mark class=\"has-inline-color has-vivid-red-color\">Naturalizaci\u00f3n o nacionalizaci\u00f3n<\/mark><\/strong><\/p>\n\n\n\n<p>Puedes solicitarla mediante <strong>Carta de Nacionalizaci\u00f3n, para m\u00e1s informaci\u00f3n revisa el siguiente link: <\/strong><a href=\"https:\/\/serviciomigraciones.cl\/nacionalizacion\/\"><strong>https:\/\/serviciomigraciones.cl\/nacionalizacion\/<\/strong><\/a><strong>.<\/strong> Las solicitudes se realizan en el portal <a href=\"http:\/\/tramites.extranjeria.gob.cl\/\">tramites.extranjeria.gob.cl<\/a>, con <a href=\"https:\/\/claveunica.gob.cl\/\">Clave \u00danica<\/a>. No se aceptan solicitudes por correo postal. Requisitos a cumplir:&nbsp;<\/p>\n\n\n\n<ol class=\"wp-block-list\">\n<li>Mayor de 18 a\u00f1os.\u00a0\u00a0<\/li>\n\n\n\n<li>Tener 5 o m\u00e1s a\u00f1os de residencia en Chile (desde el estampado de la visa que dio origen a la <a href=\"https:\/\/serviciomigraciones.cl\/residencia-definitiva\/\">Residencia Definitiva<\/a>).\u00a0<\/li>\n\n\n\n<li>Ser titular de Permiso de Residencia Definitiva.\u00a0<\/li>\n<\/ol>\n\n\n\n<p>Pueden solicitar Carta de Nacionalizaci\u00f3n los hijos\/as de extranjeros\/as que hayan cumplido 14 a\u00f1os de edad, que:&nbsp;&nbsp;<\/p>\n\n\n\n<ol class=\"wp-block-list\">\n<li>Tengan cinco o m\u00e1s a\u00f1os de residencia en Chile\u00a0<\/li>\n\n\n\n<li>Sean titulares de <a href=\"https:\/\/serviciomigraciones.cl\/residencia-definitiva\/\">Permiso de Residencia Definitiva<\/a>.\u00a0<\/li>\n\n\n\n<li>Cuenten con una autorizaci\u00f3n notarial de padre, madre o qui\u00e9n est\u00e9 a cargo de su cuidado personal (con documento legal que otorgue tal cuidado).\u00a0<\/li>\n<\/ol>\n\n\n\n<p>Adem\u00e1s, los ni\u00f1os, ni\u00f1as y adolescentes <strong>cuya madre o padre haya obtenido la nacionalidad chilena luego de ser reconocido como refugiado en Chile<\/strong>, podr\u00e1n solicitar su nacionalizaci\u00f3n, sin otros requisitos ni distinci\u00f3n de edad.<\/p>\n\n\n\n<p><strong>Nacionalizaci\u00f3n calificada<\/strong><\/p>\n\n\n\n<p>Este tr\u00e1mite est\u00e1 dirigido a personas que tengan una residencia definitiva vigente, que acrediten 2 a\u00f1os de residencia continuada y que tengan alguno de los siguientes v\u00ednculos:<\/p>\n\n\n\n<ul class=\"wp-block-list\">\n<li>Los que sean c\u00f3nyuges de chileno\/a, a lo menos durante 2 a\u00f1os y cuyo matrimonio se encuentre inscrito en Chile, siempre que en el mismo periodo ambos viven en el mismo hogar, salvo que a alguno de ellos le asista razones graves para no hacerlo.<\/li>\n\n\n\n<li>Los parientes de chilenos\/as por consanguinidad hasta el segundo grado (abuelos\/as y nietos\/as) y los adoptados por chilenos\/as.<\/li>\n\n\n\n<li>El hijo\/a cuyo padre o madre, habiendo sido chileno, haya perdido la nacionalidad chilena con anterioridad al nacimiento del solicitante.<\/li>\n<\/ul>\n","protected":false},"excerpt":{"rendered":"<p>Permisos de residencia El permiso de residencia temporal permite residir en Chile hasta por 2 a\u00f1os, despu\u00e9s de los cuales el permiso puede prorrogarse o puede solicitarse la residencia definitiva. Requisitos generales para el permiso de residencia temporal Todas las solicitudes de residencia temporal deber\u00e1n acompa\u00f1ar los siguientes documentos, sin perjuicio de los requisitos espec\u00edficos [&hellip;]<\/p>\n","protected":false},"author":122,"featured_media":0,"parent":0,"menu_order":6,"comment_status":"closed","ping_status":"closed","template":"","meta":{"_acf_changed":false,"footnotes":""},"class_list":["post-535","page","type-page","status-publish","hentry"],"acf":[],"_links":{"self":[{"href":"https:\/\/help.unhcr.org\/chile\/wp-json\/wp\/v2\/pages\/535","targetHints":{"allow":["GET"]}}],"collection":[{"href":"https:\/\/help.unhcr.org\/chile\/wp-json\/wp\/v2\/pages"}],"about":[{"href":"https:\/\/help.unhcr.org\/chile\/wp-json\/wp\/v2\/types\/page"}],"author":[{"embeddable":true,"href":"https:\/\/help.unhcr.org\/chile\/wp-json\/wp\/v2\/users\/122"}],"replies":[{"embeddable":true,"href":"https:\/\/help.unhcr.org\/chile\/wp-json\/wp\/v2\/comments?post=535"}],"version-history":[{"count":10,"href":"https:\/\/help.unhcr.org\/chile\/wp-json\/wp\/v2\/pages\/535\/revisions"}],"predecessor-version":[{"id":831,"href":"https:\/\/help.unhcr.org\/chile\/wp-json\/wp\/v2\/pages\/535\/revisions\/831"}],"wp:attachment":[{"href":"https:\/\/help.unhcr.org\/chile\/wp-json\/wp\/v2\/media?parent=535"}],"curies":[{"name":"wp","href":"https:\/\/api.w.org\/{rel}","templated":true}]}}