{"id":522,"date":"2022-07-07T01:25:10","date_gmt":"2022-07-07T01:25:10","guid":{"rendered":"https:\/\/help.unhcr.org\/chile\/?page_id=522"},"modified":"2024-07-30T19:09:00","modified_gmt":"2024-07-30T19:09:00","slug":"ingreso","status":"publish","type":"page","link":"https:\/\/help.unhcr.org\/chile\/ingreso\/","title":{"rendered":"Ingreso a Chile"},"content":{"rendered":"\n<p>Para ingresar y salir del territorio chileno, deber\u00e1 ser siempre por pasos habilitados, con documentos de viaje y siempre que no existan prohibiciones legales.<\/p>\n\n\n\n<p><mark class=\"has-inline-color has-vivid-red-color\"><strong>Formas de ingreso regular a Chile<\/strong><\/mark><\/p>\n\n\n\n<p>El o la extranjera que quiera ingresar a Chile, deber\u00e1 hacerlo con un permiso de permanencia transitoria, un permiso de residencia o a trav\u00e9s del ingreso condicionado:<\/p>\n\n\n\n<p><strong>1. Permiso de permanencia transitoria (ex visado de turismo)<\/strong><br>Es aquel permiso otorgado a personas que ingresen al pa\u00eds sin la intenci\u00f3n de establecerse en \u00e9l, autorizadas para permanecer 90 d\u00edas, prorrogables por hasta otros 90 d\u00edas, por una sola vez, pagando 100 d\u00f3lares. En caso de permanecer en Chile por m\u00e1s de los 90 d\u00edas autorizados, sin un permiso para ello, la ley contempla como sanci\u00f3n la expulsi\u00f3n del territorio nacional.<br>Este permiso no permite a la persona trabajar en el pa\u00eds, salvo ciertas excepciones. M\u00e1s informaci\u00f3n aqu\u00ed.<\/p>\n\n\n\n<p><strong>2. Permiso de residencia temporal<\/strong><br>Por regla general, las personas que ingresen a Chile con intenciones de residir en el territorio deber\u00e1n ingresar al pa\u00eds con su permiso de residencia temporal aprobado y estampado, el cual iniciar\u00e1 su periodo de vigencia cuando su titular ingrese a Chile por paso habilitado.<br>Para m\u00e1s informaci\u00f3n sobre solicitudes de permisos de residencia temporal desde fuera de Chile ver: https:\/\/serviciomigraciones.cl\/residencia-temporal\/<\/p>\n\n\n\n<p><strong>3. Ingreso condicionado al territorio<\/strong><br>En situaciones excepcionales, las personas que se encuentren en la frontera chilena, pero no cumplan con los requisitos que establece la Ley de Migraci\u00f3n y Extranjer\u00eda 21.325 y su reglamento, podr\u00e1n ser autorizadas por la autoridad contralora de frontera para ingresar al territorio chileno, previa evaluaci\u00f3n de su caso.<\/p>\n\n\n\n<p><strong>Personas que tengan necesidades de protecci\u00f3n internacional<\/strong><br>Al momento de ingresar al pa\u00eds por paso habilitado, podr\u00e1 manifestarse en frontera la intenci\u00f3n de solicitar el reconocimiento de la condici\u00f3n de refugiado dentro del pa\u00eds, y la autoridad proporcionar\u00e1 la informaci\u00f3n necesaria para realizar la solicitud dentro de territorio nacional.<\/p>\n\n\n\n<h4 class=\"wp-block-heading\"><strong><mark class=\"has-inline-color has-vivid-red-color\"><strong>Ingresos de forma irregular a Chile<\/strong><\/mark><\/strong><\/h4>\n\n\n\n<p><\/p>\n\n\n\n<p>El ingreso irregular al territorio nacional es aquel que efect\u00faa una persona extranjera intentando ingresar o ingresando al territorio nacional:<\/p>\n\n\n\n<p>? Por un paso no habilitado<br>? Eludiendo el control migratorio<br>? Vali\u00e9ndose de documentos falsificados, adulterados o expedidos a nombre de otra persona (Art. 32 No. 3, Ley 21.325).<\/p>\n\n\n\n<p><strong>CONSECUENCIAS:<\/strong> Si bien la migraci\u00f3n irregular no es delito, el ingreso irregular al territorio nacional constituye una causal para la aplicaci\u00f3n de las siguientes medidas y\/o sanciones administrativas:<br>a. Prohibici\u00f3n de Ingreso al Territorio Nacional<br>b. Reconducci\u00f3n Inmediata del extranjero fuera del territorio nacional<br>c. Expulsi\u00f3n de la persona extranjera<\/p>\n\n\n\n<p><\/p>\n\n\n\n<h4 class=\"wp-block-heading\"><strong><strong><mark class=\"has-inline-color has-vivid-red-color\"><strong>Peligros en frontera<\/strong><\/mark><\/strong><\/strong><\/h4>\n\n\n\n<p><\/p>\n\n\n\n<p>Cuando las personas ingresan por paso no habilitado se exponen a los siguientes riesgos:<\/p>\n\n\n\n<ol class=\"wp-block-list\">\n<li>Ser v\u00edctima de grupos de trata y tr\u00e1fico de personas, robos, extorsiones, violencia f\u00edsica y\/o sexual.<\/li>\n\n\n\n<li>Producto de la altura de m\u00e1s de 3.500 m.s.n.m., el fr\u00edo extremo y las condiciones geogr\u00e1ficas de las fronteras del norte del pa\u00eds, las personas podr\u00edan sufrir mal de altura (dificultades para respirar, dolores de cabeza, mareos y nauseas), en 250 km. de una zona aislada, sin acceso a servicios y con existencia de bofedales.<\/li>\n\n\n\n<li>En la frontera entre Per\u00fa y Chile existen campos minados, en un terrero des\u00e9rtico aislado con 50 km. de distancia entre Tacna y Arica.<\/li>\n\n\n\n<li>Las personas que ingresan irregularmente quedan expuestas a las sanciones de la legislaci\u00f3n vigente, como la reconducci\u00f3n, la prohibici\u00f3n de ingreso al pa\u00eds, la expulsi\u00f3n y sufrir impedimentos para regularizar su condici\u00f3n legal en Chile.<\/li>\n<\/ol>\n\n\n\n<p><\/p>\n\n\n\n<h4 class=\"wp-block-heading\"><strong><strong><strong><mark class=\"has-inline-color has-vivid-red-color\"><strong>Militarizaci\u00f3n de fronteras en Chile<\/strong><\/mark><\/strong><\/strong><\/strong><\/h4>\n\n\n\n<p><\/p>\n\n\n\n<p>Desde fines de febrero de 2023, est\u00e1 vigente el <a href=\"https:\/\/www.bcn.cl\/leychile\/navegar?idNorma=1189669\">Decreto N\u00b078 de 2023<\/a> que delimita las \u00e1reas de zonas fronterizas a resguardar por parte de las Fuerzas Armadas y de Orden y Seguridad P\u00fablica.<\/p>\n\n\n\n<p>Dentro de sus facultades, los funcionarios de Fuerzas Armadas pueden:&nbsp;<\/p>\n\n\n\n<ul class=\"wp-block-list\">\n<li>Realizar controles de identidad<\/li>\n\n\n\n<li>Registro de vestimentas y equipaje y retenci\u00f3n de personas que se encuentren cometiendo actos il\u00edcitos o que ingresen a Chile por pasos no habilitados.&nbsp;<\/li>\n<\/ul>\n\n\n\n<p>En estas circunstancias, el uso de la fuerza es de \u00faltima instancia, debiendo privilegiarse el empleo de m\u00e9todos disuasivos razonables.&nbsp;<\/p>\n\n\n\n<h4 class=\"wp-block-heading\"><strong><strong><mark class=\"has-inline-color has-vivid-red-color\"><strong>Declaraci\u00f3n voluntaria de ingreso por paso clandestino<\/strong><\/mark><\/strong><\/strong><\/h4>\n\n\n\n<p><\/p>\n\n\n\n<p>Es un tr\u00e1mite para informar a la polic\u00eda de investigaciones sobre un ingreso por paso no habilitado y da lugar a la llamada \u201ctarjeta de extranjero infractor\u201d. Este tr\u00e1mite se conoce com\u00fanmente como \u201cautodenuncia\u201d y puedes acceder a \u00e9l <a href=\"https:\/\/pdivirtual.cerofilas.gob.cl\/etapas\/ejecutar\/35982661\">aqu\u00ed<\/a>.&nbsp;<\/p>\n\n\n\n<p><strong>El tr\u00e1mite est\u00e1 dividido en dos fases:&nbsp;<\/strong><\/p>\n\n\n\n<p><strong>Fase 1.<\/strong> La primera consiste en una fase virtual en que se ingresa a <a href=\"https:\/\/www.pdichile.cl\/tr%C3%A1mites-online\/denuncia-por-ingreso-clandestino\">https:\/\/www.pdichile.cl\/tr\u00e1mites-online\/denuncia-por-ingreso-clandestino<\/a>, y se realiza la declaraci\u00f3n voluntaria por ingreso clandestino, completando un formulario;&nbsp;<\/p>\n\n\n\n<p><strong>Fase 2. <\/strong>La segunda etapa es presencial, en que lo\/a citar\u00e1n a dependencias de PDI y le entregan la tarjeta de extranjero infractor. Adem\u00e1s, al momento de concurrir a PDI, puede o no, que le impongan una medida de control consistente en ir a firmar cada cierto tiempo a dicha dependencia.<\/p>\n\n\n\n<p><\/p>\n\n\n\n<h4 class=\"wp-block-heading\"><strong><strong><strong><mark class=\"has-inline-color has-vivid-red-color\"><strong>Empadronamiento<\/strong><\/mark><\/strong><\/strong><\/strong><\/h4>\n\n\n\n<p><\/p>\n\n\n\n<p>El empadronamiento es un registro nacional de personas extranjeras mayores de 18 a\u00f1os que residan en el pa\u00eds habiendo hecho ingreso por paso no habilitado hasta el 30 de mayo de 2023. Su finalidad es tener registro de las personas que habitan nuestro pa\u00eds, por lo <strong>que no implica una regularizaci\u00f3n de la situaci\u00f3n jur\u00eddica de las personas empadronadas<\/strong>.&nbsp;<\/p>\n\n\n\n<p>Actualmente, el proceso de empadronamiento se encuentra cerrado. La etapa de registro biom\u00e9trico presencial finaliz\u00f3 el 31 de diciembre de 2023 en todo el pa\u00eds, y el 31 de enero de 2024 en las Regiones Metropolitana, Coquimbo, O\u00b4Higgins y Valpara\u00edso.<\/p>\n","protected":false},"excerpt":{"rendered":"<p>Para ingresar y salir del territorio chileno, deber\u00e1 ser siempre por pasos habilitados, con documentos de viaje y siempre que no existan prohibiciones legales. Formas de ingreso regular a Chile El o la extranjera que quiera ingresar a Chile, deber\u00e1 hacerlo con un permiso de permanencia transitoria, un permiso de residencia o a trav\u00e9s del [&hellip;]<\/p>\n","protected":false},"author":122,"featured_media":0,"parent":0,"menu_order":6,"comment_status":"closed","ping_status":"closed","template":"","meta":{"_acf_changed":false,"footnotes":""},"class_list":["post-522","page","type-page","status-publish","hentry"],"acf":[],"_links":{"self":[{"href":"https:\/\/help.unhcr.org\/chile\/wp-json\/wp\/v2\/pages\/522","targetHints":{"allow":["GET"]}}],"collection":[{"href":"https:\/\/help.unhcr.org\/chile\/wp-json\/wp\/v2\/pages"}],"about":[{"href":"https:\/\/help.unhcr.org\/chile\/wp-json\/wp\/v2\/types\/page"}],"author":[{"embeddable":true,"href":"https:\/\/help.unhcr.org\/chile\/wp-json\/wp\/v2\/users\/122"}],"replies":[{"embeddable":true,"href":"https:\/\/help.unhcr.org\/chile\/wp-json\/wp\/v2\/comments?post=522"}],"version-history":[{"count":14,"href":"https:\/\/help.unhcr.org\/chile\/wp-json\/wp\/v2\/pages\/522\/revisions"}],"predecessor-version":[{"id":827,"href":"https:\/\/help.unhcr.org\/chile\/wp-json\/wp\/v2\/pages\/522\/revisions\/827"}],"wp:attachment":[{"href":"https:\/\/help.unhcr.org\/chile\/wp-json\/wp\/v2\/media?parent=522"}],"curies":[{"name":"wp","href":"https:\/\/api.w.org\/{rel}","templated":true}]}}