{"id":507,"date":"2022-07-07T00:38:51","date_gmt":"2022-07-07T00:38:51","guid":{"rendered":"https:\/\/help.unhcr.org\/chile\/?page_id=507"},"modified":"2025-03-13T14:36:19","modified_gmt":"2025-03-13T14:36:19","slug":"albergues","status":"publish","type":"page","link":"https:\/\/help.unhcr.org\/chile\/ayuda-y-orientacion\/donde-encontrar-ayuda\/albergues\/","title":{"rendered":"Santiago (Regi\u00f3n Metropolitana)"},"content":{"rendered":"\n<h4 class=\"wp-block-heading\"><strong><strong><mark>Apoyo social<\/mark><\/strong><\/strong><\/h4>\n\n\n\n<p><\/p>\n\n\n\n<p><strong>World Vision Internacional (WVI)<\/strong><\/p>\n\n\n\n<ul class=\"wp-block-list\">\n<li>Servicio: Apoyo social.<\/li>\n\n\n\n<li>Formulario web: <a href=\"https:\/\/ee.humanitarianresponse.info\/x\/ehwePepP\">https:\/\/ee.humanitarianresponse.info\/x\/ehwePepP<\/a><\/li>\n\n\n\n<li>Tel\u00e9fono: +56989475578 (cita previa v\u00eda WhatsApp)<\/li>\n\n\n\n<li>Direcci\u00f3n: Mar\u00edn #0231, Santiago.<\/li>\n<\/ul>\n\n\n\n<p><strong>Servicio Jesuita a Migrantes (SJM)<\/strong><\/p>\n\n\n\n<ul class=\"wp-block-list\">\n<li>Servicio: Apoyo social<\/li>\n\n\n\n<li>Correo: <a href=\"mailto:santiago@sjmchile.org\">santiago@sjmchile.org<\/a><\/li>\n\n\n\n<li>Tel\u00e9fono: +56 2 2838 7560.<\/li>\n\n\n\n<li>Horario: Lunes a jueves desde las 9:00 a 16:00 horas. Y viernes de 9.00 a 12.45 horas.<\/li>\n\n\n\n<li>Direcci\u00f3n: Lord Cochrane #104, Santiago.<\/li>\n\n\n\n<li>Para recibir atenci\u00f3n remota, se solicita descargar la aplicaci\u00f3n MigrApp a trav\u00e9s de la App Store\/Play Store o en <a href=\"https:\/\/migrapp.sjmchile.org\/\">https:\/\/migrapp.sjmchile.org<\/a><\/li>\n<\/ul>\n\n\n\n<p><strong>Vicar\u00eda Pastoral Social Caritas (VPS)<\/strong><\/p>\n\n\n\n<ul class=\"wp-block-list\">\n<li>Servicio: Apoyo social.<\/li>\n\n\n\n<li>Correo: <a href=\"mailto:cdrsantamonica@gmail.com\">cdrsantamonica@gmail.com<\/a><\/li>\n\n\n\n<li>Atenci\u00f3n presencial<\/li>\n\n\n\n<li>Horario: Lunes a viernes de 9:00 a 13:30 horas.<\/li>\n\n\n\n<li>Direcci\u00f3n: Santa M\u00f3nica #2360, Santiago.<\/li>\n<\/ul>\n\n\n\n<p><strong>Vicar\u00eda Pastoral Social Caritas (VPS)<\/strong><\/p>\n\n\n\n<ul class=\"wp-block-list\">\n<li>Servicio: Atenci\u00f3n psicol\u00f3gica, capacitaci\u00f3n y asesor\u00eda laboral<\/li>\n\n\n\n<li>Atenci\u00f3n presencial<\/li>\n\n\n\n<li>Horario: Lunes a jueves de 9:00 a 18:00 horas. Y viernes de 9.00 a 16.45 horas.<\/li>\n\n\n\n<li>Direcci\u00f3n: Catedral #1063, Santiago<\/li>\n<\/ul>\n\n\n\n<p><strong><strong><mark>Alojamiento<\/mark><\/strong><\/strong><\/p>\n\n\n\n<p><strong>Vicar\u00eda Pastoral Social Caritas (VPS)<\/strong><strong><\/strong><\/p>\n\n\n\n<ul class=\"wp-block-list\">\n<li>Servicio: Apoyo social, alojamiento de emergencia y subsidios de arriendo.<\/li>\n\n\n\n<li>Correo: <a href=\"mailto:cdrsantamonica@gmail.com\">cdrsantamonica@gmail.com<\/a><\/li>\n\n\n\n<li>Atenci\u00f3n presencial<\/li>\n\n\n\n<li>Horario: Lunes a viernes de 9:00 a 13:30 horas.<\/li>\n\n\n\n<li>Direcci\u00f3n: Santa M\u00f3nica #2360, Santiago<\/li>\n<\/ul>\n\n\n\n<p><strong><strong><mark>Asistencia jur\u00eddica<\/mark><\/strong><\/strong><\/p>\n\n\n\n<p><strong>Servicio Jesuita a Migrantes (SJM)<\/strong><\/p>\n\n\n\n<ul class=\"wp-block-list\">\n<li>Servicio: Asistencia jur\u00eddica y asesor\u00eda en casos de riesgo de apatridia<\/li>\n\n\n\n<li>Correo: <a href=\"mailto:santiago@sjmchile.org\">santiago@sjmchile.org<\/a><\/li>\n\n\n\n<li>Tel\u00e9fono: +56 2 2838 7560.<\/li>\n\n\n\n<li>Horario: Lunes a jueves desde las 9:00 a 16:00 hrs. Y viernes de 9.00 a 12.45 hrs.<\/li>\n\n\n\n<li>Direcci\u00f3n: Lord Cochrane #104, Santiago.<\/li>\n\n\n\n<li>Para recibir atenci\u00f3n remota, se solicita descargar la aplicaci\u00f3n MigrApp a trav\u00e9s de la App Store\/Play Store o en <a href=\"https:\/\/migrapp.sjmchile.org\/\">https:\/\/migrapp.sjmchile.org<\/a><\/li>\n<\/ul>\n","protected":false},"excerpt":{"rendered":"<p>Apoyo social World Vision Internacional (WVI) Servicio Jesuita a Migrantes (SJM) Vicar\u00eda Pastoral Social Caritas (VPS) Vicar\u00eda Pastoral Social Caritas (VPS) Alojamiento Vicar\u00eda Pastoral Social Caritas (VPS) Asistencia jur\u00eddica Servicio Jesuita a Migrantes (SJM)<\/p>\n","protected":false},"author":122,"featured_media":0,"parent":24,"menu_order":4,"comment_status":"closed","ping_status":"closed","template":"","meta":{"_acf_changed":false,"footnotes":""},"class_list":["post-507","page","type-page","status-publish","hentry"],"acf":[],"_links":{"self":[{"href":"https:\/\/help.unhcr.org\/chile\/wp-json\/wp\/v2\/pages\/507","targetHints":{"allow":["GET"]}}],"collection":[{"href":"https:\/\/help.unhcr.org\/chile\/wp-json\/wp\/v2\/pages"}],"about":[{"href":"https:\/\/help.unhcr.org\/chile\/wp-json\/wp\/v2\/types\/page"}],"author":[{"embeddable":true,"href":"https:\/\/help.unhcr.org\/chile\/wp-json\/wp\/v2\/users\/122"}],"replies":[{"embeddable":true,"href":"https:\/\/help.unhcr.org\/chile\/wp-json\/wp\/v2\/comments?post=507"}],"version-history":[{"count":5,"href":"https:\/\/help.unhcr.org\/chile\/wp-json\/wp\/v2\/pages\/507\/revisions"}],"predecessor-version":[{"id":901,"href":"https:\/\/help.unhcr.org\/chile\/wp-json\/wp\/v2\/pages\/507\/revisions\/901"}],"up":[{"embeddable":true,"href":"https:\/\/help.unhcr.org\/chile\/wp-json\/wp\/v2\/pages\/24"}],"wp:attachment":[{"href":"https:\/\/help.unhcr.org\/chile\/wp-json\/wp\/v2\/media?parent=507"}],"curies":[{"name":"wp","href":"https:\/\/api.w.org\/{rel}","templated":true}]}}