{"id":461,"date":"2021-11-16T12:42:46","date_gmt":"2021-11-16T12:42:46","guid":{"rendered":"https:\/\/help.unhcr.org\/chile\/?page_id=461"},"modified":"2022-07-07T00:10:41","modified_gmt":"2022-07-07T00:10:41","slug":"otras-ciudades","status":"publish","type":"page","link":"https:\/\/help.unhcr.org\/chile\/ayuda-y-orientacion\/donde-encontrar-ayuda\/organizaciones-socias\/otras-ciudades\/","title":{"rendered":"Otras ciudades"},"content":{"rendered":"\n<p class=\"has-medium-font-size\"><strong>Temuco<\/strong><\/p>\n\n\n\n<p><strong>Fundaci\u00f3n Madre Josefa<\/strong><\/p>\n\n\n\n<ul class=\"wp-block-list\"><li>Servicio: Orientaci\u00f3n y capacitaci\u00f3n para la integraci\u00f3n laboral.<\/li><li>Correo: <a href=\"mailto:direccionmisiontalca@fundacionmadrejosefa.cl\">direccionmisiontalca@fundacionmadrejosefa.cl<\/a><\/li><li>Tel\u00e9fono: +569 31978765 y 452878178<\/li><li>Direcci\u00f3n: Blanco Encalada #791, Temuco<\/li><li>Horario: Lunes a viernes de 9:00 a 13:00 hrs., y de 15:00 a 17:30 hrs.<\/li><\/ul>\n\n\n\n<p><\/p>\n\n\n\n<p><strong>En caso de requerir servicios de asistencia u orientaci\u00f3n en otras partes de Chile, puedes ponerte en contacto con nosotros y te derivaremos a las instituciones correspondientes:<\/strong><\/p>\n\n\n\n<p><strong>ACNUR<\/strong><br><strong>Email:<\/strong><a rel=\"noreferrer noopener\" href=\"mailto:ayuda.chile@unhcr.org\" target=\"_blank\">ayuda.chile@unhcr.org<\/a><br><strong>WhatsApp: (<\/strong>+56) 2 2753 3826<br><strong>Atenci\u00f3n telef\u00f3nica: <\/strong>(+56) 2 265 41063 (Horario: Martes a jueves de 9:00 a 13:00hrs)<\/p>\n","protected":false},"excerpt":{"rendered":"<p>Temuco Fundaci\u00f3n Madre Josefa Servicio: Orientaci\u00f3n y capacitaci\u00f3n para la integraci\u00f3n laboral. Correo: direccionmisiontalca@fundacionmadrejosefa.cl Tel\u00e9fono: +569 31978765 y 452878178 Direcci\u00f3n: Blanco Encalada #791, Temuco Horario: Lunes a viernes de 9:00 a 13:00 hrs., y de 15:00 a 17:30 hrs. En caso de requerir servicios de asistencia u orientaci\u00f3n en otras partes de Chile, puedes ponerte [&hellip;]<\/p>\n","protected":false},"author":122,"featured_media":0,"parent":441,"menu_order":5,"comment_status":"closed","ping_status":"closed","template":"","meta":{"_acf_changed":false,"footnotes":""},"class_list":["post-461","page","type-page","status-publish","hentry"],"acf":[],"_links":{"self":[{"href":"https:\/\/help.unhcr.org\/chile\/wp-json\/wp\/v2\/pages\/461","targetHints":{"allow":["GET"]}}],"collection":[{"href":"https:\/\/help.unhcr.org\/chile\/wp-json\/wp\/v2\/pages"}],"about":[{"href":"https:\/\/help.unhcr.org\/chile\/wp-json\/wp\/v2\/types\/page"}],"author":[{"embeddable":true,"href":"https:\/\/help.unhcr.org\/chile\/wp-json\/wp\/v2\/users\/122"}],"replies":[{"embeddable":true,"href":"https:\/\/help.unhcr.org\/chile\/wp-json\/wp\/v2\/comments?post=461"}],"version-history":[{"count":3,"href":"https:\/\/help.unhcr.org\/chile\/wp-json\/wp\/v2\/pages\/461\/revisions"}],"predecessor-version":[{"id":504,"href":"https:\/\/help.unhcr.org\/chile\/wp-json\/wp\/v2\/pages\/461\/revisions\/504"}],"up":[{"embeddable":true,"href":"https:\/\/help.unhcr.org\/chile\/wp-json\/wp\/v2\/pages\/441"}],"wp:attachment":[{"href":"https:\/\/help.unhcr.org\/chile\/wp-json\/wp\/v2\/media?parent=461"}],"curies":[{"name":"wp","href":"https:\/\/api.w.org\/{rel}","templated":true}]}}