{"id":458,"date":"2021-11-15T16:44:37","date_gmt":"2021-11-15T16:44:37","guid":{"rendered":"https:\/\/help.unhcr.org\/chile\/?page_id=458"},"modified":"2022-07-07T00:07:06","modified_gmt":"2022-07-07T00:07:06","slug":"santiago","status":"publish","type":"page","link":"https:\/\/help.unhcr.org\/chile\/ayuda-y-orientacion\/donde-encontrar-ayuda\/organizaciones-socias\/santiago\/","title":{"rendered":"Santiago"},"content":{"rendered":"\n<ul class=\"wp-block-list\" type=\"a\"><li><strong>Fundaci\u00f3n de Ayuda Social de las Iglesias Cristianas (FASIC)<br><\/strong>Servicio: Atenci\u00f3n y acompa\u00f1amiento social profesional.<br>Correo asesor\u00eda jur\u00eddica: <a href=\"mailto:refugio@fasic.org\">refugio@fasic.org<\/a><br>Correo apoyo <a href=\"mailto:social:refugio@fasic.org\">social:refugio@fasic.org<\/a> y <a href=\"mailto:saludmental@fasic.org\">saludmental@fasic.org<\/a><br>Tel\u00e9fono apoyo psicosocial: +569 32663976<br>Direcci\u00f3n: Manuel Rodr\u00edguez Nte. #33, Santiago<br>Horario: Lunes a viernes de 9:00 a 13:00 hrs.<\/li><\/ul>\n\n\n\n<ul class=\"wp-block-list\"><li><strong>World Vision Internacional (WVI)<br><\/strong>Servicio: Apoyo social.<br>Tel\u00e9fono Programa Esperanza sin Fronteras: +569 61492873<\/li><\/ul>\n\n\n\n<ul class=\"wp-block-list\"><li><strong>Cruz Roja<br><\/strong>Servicio: Atenci\u00f3n de salud, ayuda humanitaria y apoyo psicosocial.<br>Correo: <a href=\"mailto:proyectomigrantes@cruzroja.cl\">proyectomigrantes@cruzroja.cl<\/a><br>Tel\u00e9fono ayuda humanitaria y atenci\u00f3n m\u00e9dica (solo v\u00eda WhatsApp): +569 46348930<br>Tel\u00e9fono apoyo psicosocial: +569 65051364<br>Horario apoyo social y asistencia m\u00e9dica: Lunes a viernes de 10:00 a 17:00 hrs.<br>Horario asistencia psicosocial: Lunes a viernes de 9:00 a 18:00 hrs.<\/li><\/ul>\n\n\n\n<ul class=\"wp-block-list\"><li><strong>Fundaci\u00f3n Madre Josefa<br><\/strong>Servicio; Apoyo psicosocial.<br>Correo: <a href=\"mailto:cmarulanda@fundacionmadrejosefa.cl\">cmarulanda@fundacionmadrejosefa.cl<\/a><br>Tel\u00e9fono: +562 32887070<br>Direcci\u00f3n: Maestro Palomo #0480, Puente Alto<\/li><\/ul>\n\n\n\n<ul class=\"wp-block-list\"><li><strong>Corporaci\u00f3n Dolores Sope\u00f1a<br><\/strong>Servicio: Atenci\u00f3n psicosocial, orientaci\u00f3n jur\u00eddica, cursos de capacitaci\u00f3n, espacio de trabajo comunitario (cowork).<br>Horario: Lunes a viernes de 10:00 a 16:30 hrs.<br>Nemesio Vicu\u00f1a #341, comuna de Puente Alto, Santiago\u00a0<\/li><\/ul>\n\n\n\n<ul class=\"wp-block-list\"><li><strong>Municipalidad de Santiago<br><\/strong>Servicio: Apoyo social.<br>Correo: <a href=\"mailto:migrantes@munistgo.cl\">migrantes@munistgo.cl<\/a><\/li><\/ul>\n\n\n\n<ul class=\"wp-block-list\"><li><strong>Vicar\u00eda Pastoral Social Caritas (VPS)<br><\/strong>Servicio: Apoyo social.<br>Correo: <a href=\"mailto:cdrsantamonica@gmail.com\">cdrsantamonica@gmail.com<\/a><br>Tel\u00e9fono: +562 3286 8904<br>Horario: Lunes a viernes de 9:30 a 14:00 hrs.<br>Direcci\u00f3n: Santa M\u00f3nica #2360, Santiago<\/li><\/ul>\n","protected":false},"excerpt":{"rendered":"<p>Fundaci\u00f3n de Ayuda Social de las Iglesias Cristianas (FASIC)Servicio: Atenci\u00f3n y acompa\u00f1amiento social profesional.Correo asesor\u00eda jur\u00eddica: refugio@fasic.orgCorreo apoyo social:refugio@fasic.org y saludmental@fasic.orgTel\u00e9fono apoyo psicosocial: +569 32663976Direcci\u00f3n: Manuel Rodr\u00edguez Nte. #33, SantiagoHorario: Lunes a viernes de 9:00 a 13:00 hrs. World Vision Internacional (WVI)Servicio: Apoyo social.Tel\u00e9fono Programa Esperanza sin Fronteras: +569 61492873 Cruz RojaServicio: Atenci\u00f3n de salud, [&hellip;]<\/p>\n","protected":false},"author":122,"featured_media":0,"parent":441,"menu_order":4,"comment_status":"closed","ping_status":"closed","template":"page-templates\/listing_page.php","meta":{"_acf_changed":false,"footnotes":""},"class_list":["post-458","page","type-page","status-publish","hentry"],"acf":[],"_links":{"self":[{"href":"https:\/\/help.unhcr.org\/chile\/wp-json\/wp\/v2\/pages\/458","targetHints":{"allow":["GET"]}}],"collection":[{"href":"https:\/\/help.unhcr.org\/chile\/wp-json\/wp\/v2\/pages"}],"about":[{"href":"https:\/\/help.unhcr.org\/chile\/wp-json\/wp\/v2\/types\/page"}],"author":[{"embeddable":true,"href":"https:\/\/help.unhcr.org\/chile\/wp-json\/wp\/v2\/users\/122"}],"replies":[{"embeddable":true,"href":"https:\/\/help.unhcr.org\/chile\/wp-json\/wp\/v2\/comments?post=458"}],"version-history":[{"count":3,"href":"https:\/\/help.unhcr.org\/chile\/wp-json\/wp\/v2\/pages\/458\/revisions"}],"predecessor-version":[{"id":502,"href":"https:\/\/help.unhcr.org\/chile\/wp-json\/wp\/v2\/pages\/458\/revisions\/502"}],"up":[{"embeddable":true,"href":"https:\/\/help.unhcr.org\/chile\/wp-json\/wp\/v2\/pages\/441"}],"wp:attachment":[{"href":"https:\/\/help.unhcr.org\/chile\/wp-json\/wp\/v2\/media?parent=458"}],"curies":[{"name":"wp","href":"https:\/\/api.w.org\/{rel}","templated":true}]}}