{"id":42,"date":"2018-09-14T14:12:43","date_gmt":"2018-09-14T14:12:43","guid":{"rendered":"http:\/\/help.unhcr.org\/chile\/?page_id=42"},"modified":"2026-03-26T13:11:53","modified_gmt":"2026-03-26T13:11:53","slug":"acnur-en-chile","status":"publish","type":"page","link":"https:\/\/help.unhcr.org\/chile\/acnur-en-chile\/","title":{"rendered":"ACNUR en Chile"},"content":{"rendered":"<p>El<strong> Alto Comisionado de las Naciones Unidas para los Refugiados (ACNUR)<\/strong> fue establecido el 14 de diciembre de 1950 por la Asamblea General de las Naciones Unidas y tiene el mandato de liderar y coordinar la acci\u00f3n internacional para proteger a los refugiados en el mundo y resolver sus problemas.<\/p>\n<p>Su prop\u00f3sito principal es el de salvaguardar los derechos y el bienestar de los refugiados. Trabaja para asegurar que cada uno pueda ejercer el derecho de solicitar la condici\u00f3n de refugiado y encontrar refugio seguro en otro estado. El mandato del ACNUR incluye la b\u00fasqueda de soluciones duraderas, tales como la integraci\u00f3n local en el pa\u00eds de asilo, la repatriaci\u00f3n al pa\u00eds de origen de forma voluntaria y segura o el reasentamiento a un tercer pa\u00eds.<\/p>\n<p>La Oficina Regional del ACNUR para el Sur de Am\u00e9rica Latina, que actualmente cubre Argentina, Bolivia, Chile, Paraguay y Uruguay, se estableci\u00f3 en Buenos Aires en julio de 1965. La Oficina nacional del ACNUR en Chile depende de la Oficina Regional.<\/p>\n<p>En Chile, coordinamos y trabajamos junto con instituciones gubernamentales, organizaciones de la sociedad civil, comunidades, la academia y entidades del sector privado para brindar protecci\u00f3n y encontrar soluciones duraderas para las m\u00e1s de 12,000 personas refugiadas y solicitantes de asilo que viven en el pa\u00eds, as\u00ed como tambi\u00e9n para m\u00e1s de 500,000 personas venezolanas refugiadas y migrantes, que han encontrado en este territorio un lugar seguro y un nuevo hogar para continuar con sus proyectos de vida.<\/p>\n<p><strong><mark>El trabajo de ACNUR en Chile<\/mark><\/strong><\/p>\n<ul>\n<li>Brindamos informaci\u00f3n y orientaci\u00f3n telef\u00f3nica y por correo electr\u00f3nico (<a href=\"mailto:ayuda.chile@unhcr.org\">ayuda.chile@unhcr.org<\/a>) sobre el proceso de determinaci\u00f3n de la condici\u00f3n de refugiado en el pa\u00eds y sobre los servicios a disposici\u00f3n de la poblaci\u00f3n.<\/li>\n<li>A trav\u00e9s de nuestros socios, brindamos asistencia humanitaria y atenci\u00f3n psicosocial para personas refugiadas y solicitantes de asilo que se encuentren en situaci\u00f3n de vulnerabilidad, en Santiago, Arica e Iquique.<\/li>\n<li>Realizamos monitoreos de protecci\u00f3n peri\u00f3dicos para identificar los riesgos, necesidades prioritarias y desaf\u00edos de integraci\u00f3n a los que se enfrenta la poblaci\u00f3n refugiada y solicitante de asilo en Chile.<\/li>\n<li>Brindamos asistencia t\u00e9cnica a las autoridades nacionales para fortalecer los marcos legales de protecci\u00f3n.<\/li>\n<li>Trabajamos con las comunidades a modo de apoyar sus iniciativas, fortalecer sus potencialidades e instalar capacidades en el territorio, promoviendo la coexistencia pac\u00edfica y la cohesi\u00f3n social.<\/li>\n<li>Desarrollamos campa\u00f1as comunicacionales, trabajamos junto a los medios y gestionamos actividades comunitarias para promover ambientes amigables de acogida.<\/li>\n<li>Trabajamos junto al sector privado en proyectos para mejorar las oportunidades laborales de las personas refugiadas, como parte de la estrategia de medios de vida que desarrolla ACNUR.<\/li>\n<li>Apoyamos proyectos e iniciativas para facilitar el acceso al trabajo decente y medios de vida de las personas refugiadas y solicitantes de asilo.<\/li>\n<\/ul>\n\n\n<p><br><\/p>\n","protected":false},"excerpt":{"rendered":"<p>El Alto Comisionado de las Naciones Unidas para los Refugiados (ACNUR) fue establecido el 14 de diciembre de 1950 por la Asamblea General de las Naciones Unidas y tiene el mandato de liderar y coordinar la acci\u00f3n internacional para proteger a los refugiados en el mundo y resolver sus problemas. Su prop\u00f3sito principal es el [&hellip;]<\/p>\n","protected":false},"author":1,"featured_media":0,"parent":0,"menu_order":2,"comment_status":"closed","ping_status":"closed","template":"","meta":{"_acf_changed":false,"footnotes":""},"class_list":["post-42","page","type-page","status-publish","hentry"],"acf":[],"_links":{"self":[{"href":"https:\/\/help.unhcr.org\/chile\/wp-json\/wp\/v2\/pages\/42","targetHints":{"allow":["GET"]}}],"collection":[{"href":"https:\/\/help.unhcr.org\/chile\/wp-json\/wp\/v2\/pages"}],"about":[{"href":"https:\/\/help.unhcr.org\/chile\/wp-json\/wp\/v2\/types\/page"}],"author":[{"embeddable":true,"href":"https:\/\/help.unhcr.org\/chile\/wp-json\/wp\/v2\/users\/1"}],"replies":[{"embeddable":true,"href":"https:\/\/help.unhcr.org\/chile\/wp-json\/wp\/v2\/comments?post=42"}],"version-history":[{"count":13,"href":"https:\/\/help.unhcr.org\/chile\/wp-json\/wp\/v2\/pages\/42\/revisions"}],"predecessor-version":[{"id":940,"href":"https:\/\/help.unhcr.org\/chile\/wp-json\/wp\/v2\/pages\/42\/revisions\/940"}],"wp:attachment":[{"href":"https:\/\/help.unhcr.org\/chile\/wp-json\/wp\/v2\/media?parent=42"}],"curies":[{"name":"wp","href":"https:\/\/api.w.org\/{rel}","templated":true}]}}