{"id":36,"date":"2018-09-14T13:52:46","date_gmt":"2018-09-14T13:52:46","guid":{"rendered":"http:\/\/help.unhcr.org\/chile\/?page_id=36"},"modified":"2024-07-30T17:36:16","modified_gmt":"2024-07-30T17:36:16","slug":"como-solicitar-la-condicion-de-refugiado","status":"publish","type":"page","link":"https:\/\/help.unhcr.org\/chile\/solicitando-la-condicion-de-refugiado\/como-solicitar-la-condicion-de-refugiado\/","title":{"rendered":"\u00bfC\u00f3mo y d\u00f3nde solicitar el reconocimiento de la condici\u00f3n de refugiado?"},"content":{"rendered":"\n<p>En Chile, el reconocimiento de la condici\u00f3n de refugiado puede solicitarse solo dentro del territorio nacional: en el Departamento de Refugio si est\u00e1s en Santiago, o en las Direcciones Regionales del Servicio Nacional de Migraciones si est\u00e1s en otra regi\u00f3n.<\/p>\n\n\n\n<p>Si est\u00e1s en el extranjero y tu intenci\u00f3n es ingresar a Chile para solicitar el reconocimiento de tu condici\u00f3n de refugiado, puedes manifestarlo en frontera.<\/p>\n\n\n\n<p><strong>Esta manifestaci\u00f3n en frontera solo asegura el ingreso a Chile; la solicitud de reconocimiento de la condici\u00f3n de refugiado solo se puede realizar ante el Departamento de Refugio o Direcciones regionales del Servicio Nacional de Migraciones.\u202f<\/strong><\/p>\n\n\n\n<p><mark class=\"has-inline-color has-vivid-red-color\"><strong>Solicitudes ante el Departamento de Refugio del Servicio Nacional de Migraciones (SERMIG) y Direcciones Regionales del SERMIG<\/strong><\/mark><\/p>\n\n\n\n<p>En Chile, el <strong>Servicio Nacional de Migraciones (SERMIG)<\/strong>, a trav\u00e9s del \u201c<strong>Departamento<\/strong> <strong>de Refugio y Reasentamiento<\/strong>\u201d, se encarga de recibir las solicitudes de reconocimiento de refugiado, informar a los solicitantes sobre el progreso y resultado de sus peticiones, y orientar a las personas extranjeras sobre los requisitos para obtener dicho reconocimiento.<\/p>\n\n\n\n<h4 class=\"wp-block-heading\"><mark class=\"has-inline-color has-vivid-red-color\"><strong>\u00bfD\u00f3nde solicitar la condici\u00f3n de refugiada\/o en Chile?<\/strong><\/mark><\/h4>\n\n\n\n<p><\/p>\n\n\n\n<h4 class=\"wp-block-heading\"><mark class=\"has-inline-color has-vivid-red-color\"><strong>Si vives en Santiago<\/strong><\/mark><\/h4>\n\n\n\n<p>El reconocimiento de la condici\u00f3n de refugiado puede solicitarse de manera presencial en el Departamento de Refugio y Protecci\u00f3n Internacional si est\u00e1s en la Regi\u00f3n Metropolitana (Santiago):<\/p>\n\n\n\n<ul class=\"wp-block-list\">\n<li>Direcci\u00f3n: San Antonio 580, Santiago, Regi\u00f3n Metropolitana.<\/li>\n\n\n\n<li>Horario de atenci\u00f3n: 8:00 a 12:00, lunes a viernes.<\/li>\n<\/ul>\n\n\n\n<h4 class=\"wp-block-heading\">&nbsp;<\/h4>\n\n\n\n<h4 class=\"wp-block-heading\"><mark class=\"has-inline-color has-vivid-red-color\"><strong>Si vives fuera de Santiago<\/strong><\/mark><\/h4>\n\n\n\n<p>La solicitud debe realizarse directamente en las dependencias de las Direcciones Regionales del Servicio Nacional de Migraciones (SERMIG). A continuaci\u00f3n, encontrar\u00e1s un listado con la ubicaci\u00f3n de cada Direcci\u00f3n Regional del SERMIG a lo largo de Chile:<\/p>\n\n\n\n<figure class=\"wp-block-table\"><table><tbody><tr><td><strong>Regi\u00f3n<\/strong><\/td><td><strong>Direcci\u00f3n<\/strong><\/td><\/tr><tr><td>Arica y Parinacota<\/td><td>Emilio Castro S\/N, subterr\u00e1neo, Edificios P\u00fablicos, Arica.<\/td><\/tr><tr><td>Tarapac\u00e1<\/td><td>Obispo Labb\u00e9 #492, Iquique.<\/td><\/tr><tr><td rowspan=\"2\">Antofagasta<\/td><td>Jorge Washington #2534, Antofagasta.<\/td><\/tr><tr><td>Granaderos #2262, Calama.<\/td><\/tr><tr><td>Atacama<\/td><td>Salas #580, Copiap\u00f3.<\/td><\/tr><tr><td>Coquimbo<\/td><td>Avenida El Santo N\u00b01462, La Serena.<\/td><\/tr><tr><td rowspan=\"2\">Valpara\u00edso<\/td><td>Melgarejo #669, Z\u00f3calo 1, Valpara\u00edso.<\/td><\/tr><tr><td>Salinas #1231, piso 4, San Felipe.<\/td><\/tr><tr><td>O\u2019Higgins<\/td><td>Germ\u00e1n Riesco #350, Rancagua.<\/td><\/tr><tr><td>Maule<\/td><td>Calle 2 Norte #660, Talca 1 poniente #865, Talca.<\/td><\/tr><tr><td>\u00d1uble<\/td><td>Av. Palermo #45, Chill\u00e1n.<\/td><\/tr><tr><td>Biob\u00edo<\/td><td>Anibal Pinto #450, Local 4-B, Galer\u00eda Alessandri, Concepci\u00f3n.<\/td><\/tr><tr><td>Araucan\u00eda<\/td><td>Porvenir #501, Temuco.<\/td><\/tr><tr><td>Los R\u00edos<\/td><td>Camilo Henr\u00edquez #146 Valdivia.<\/td><\/tr><tr><td>Los Lagos<\/td><td>San Mart\u00edn #80, piso 4, Puerto Montt<\/td><\/tr><tr><td>Ays\u00e9n<\/td><td>Francisco Bilbao #411, Coyhaique.<\/td><\/tr><tr><td>Magallanes<\/td><td>Avenida Bulnes #353, Punta Arenas.<\/td><\/tr><\/tbody><\/table><\/figure>\n\n\n\n<p><strong>La solicitud de reconocimiento de la condici\u00f3n de refugiado debe realizarse en un plazo de siete d\u00edas h\u00e1biles contados desde el ingreso a Chile.<\/strong><\/p>\n\n\n\n<p>Si est\u00e1s en el extranjero y tu intenci\u00f3n es ingresar a Chile para solicitar el reconocimiento de tu condici\u00f3n de refugiado, puedes manifestarlo en frontera y luego presentar tu solicitud dentro del territorio chileno.<\/p>\n\n\n\n<p><strong>Esta manifestaci\u00f3n en frontera solo asegura el ingreso a Chile; la solicitud de reconocimiento de la condici\u00f3n de refugiado solo se puede realizar ante el Departamento de Refugio o Direcciones regionales del Servicio Nacional de Migraciones.&nbsp;<\/strong><\/p>\n\n\n\n<p>En Chile, el <strong>Servicio Nacional de Migraciones (SERMIG)<\/strong>, a trav\u00e9s del <strong>Departamento<\/strong> <strong>de Refugio y Protecci\u00f3n Internacional<\/strong>, se encarga de recibir las solicitudes de reconocimiento de la condici\u00f3n de refugiado, informar a los solicitantes sobre el progreso y resultado de sus peticiones, y orientar a las personas extranjeras sobre los requisitos para obtener dicho reconocimiento.<\/p>\n\n\n\n<p>La ley que regula la protecci\u00f3n de las personas refugiadas en Chile es la N\u00b0 <strong>20.430<\/strong>. <\/p>\n\n\n\n<p><a href=\"https:\/\/www.bcn.cl\/leychile\/navegar?idNorma=1012435\"><strong>Puedes encontrar el texto completo de la ley aqu\u00ed.<\/strong><\/a><\/p>\n","protected":false},"excerpt":{"rendered":"<p>En Chile, el reconocimiento de la condici\u00f3n de refugiado puede solicitarse solo dentro del territorio nacional: en el Departamento de Refugio si est\u00e1s en Santiago, o en las Direcciones Regionales del Servicio Nacional de Migraciones si est\u00e1s en otra regi\u00f3n. Si est\u00e1s en el extranjero y tu intenci\u00f3n es ingresar a Chile para solicitar el [&hellip;]<\/p>\n","protected":false},"author":1,"featured_media":0,"parent":34,"menu_order":0,"comment_status":"closed","ping_status":"closed","template":"","meta":{"_acf_changed":false,"footnotes":""},"class_list":["post-36","page","type-page","status-publish","hentry"],"acf":[],"_links":{"self":[{"href":"https:\/\/help.unhcr.org\/chile\/wp-json\/wp\/v2\/pages\/36","targetHints":{"allow":["GET"]}}],"collection":[{"href":"https:\/\/help.unhcr.org\/chile\/wp-json\/wp\/v2\/pages"}],"about":[{"href":"https:\/\/help.unhcr.org\/chile\/wp-json\/wp\/v2\/types\/page"}],"author":[{"embeddable":true,"href":"https:\/\/help.unhcr.org\/chile\/wp-json\/wp\/v2\/users\/1"}],"replies":[{"embeddable":true,"href":"https:\/\/help.unhcr.org\/chile\/wp-json\/wp\/v2\/comments?post=36"}],"version-history":[{"count":17,"href":"https:\/\/help.unhcr.org\/chile\/wp-json\/wp\/v2\/pages\/36\/revisions"}],"predecessor-version":[{"id":796,"href":"https:\/\/help.unhcr.org\/chile\/wp-json\/wp\/v2\/pages\/36\/revisions\/796"}],"up":[{"embeddable":true,"href":"https:\/\/help.unhcr.org\/chile\/wp-json\/wp\/v2\/pages\/34"}],"wp:attachment":[{"href":"https:\/\/help.unhcr.org\/chile\/wp-json\/wp\/v2\/media?parent=36"}],"curies":[{"name":"wp","href":"https:\/\/api.w.org\/{rel}","templated":true}]}}