{"id":34,"date":"2018-09-14T13:43:56","date_gmt":"2018-09-14T13:43:56","guid":{"rendered":"http:\/\/help.unhcr.org\/chile\/?page_id=34"},"modified":"2024-08-12T19:50:33","modified_gmt":"2024-08-12T19:50:33","slug":"solicitando-la-condicion-de-refugiado","status":"publish","type":"page","link":"https:\/\/help.unhcr.org\/chile\/solicitando-la-condicion-de-refugiado\/","title":{"rendered":"C\u00f3mo solicitar la condici\u00f3n de persona refugiada"},"content":{"rendered":"<p><strong><mark>\u00bfQui\u00e9n es una persona refugiada?<\/mark><\/strong><\/p>\n<p>Una persona refugiada es toda persona que se ha visto obligada a abandonar su pa\u00eds de origen o residencia habitual debido a temores de persecuci\u00f3n, o porque su vida, libertad o seguridad se ve\u00edan amenazadas.<\/p>\n<p>Si tienes necesidades de protecci\u00f3n internacional, puedes manifestar tu intenci\u00f3n de solicitar el reconocimiento de la condici\u00f3n de refugiado ante las autoridades de frontera o dentro del territorio del pa\u00eds de acogida.<\/p>\n<p><iframe loading=\"lazy\" title=\"\u00bfQui\u00e9n es un refugiado?\" width=\"640\" height=\"360\" src=\"https:\/\/www.youtube.com\/embed\/2zh7MjwE2hk?feature=oembed\" frameborder=\"0\" allow=\"accelerometer; autoplay; clipboard-write; encrypted-media; gyroscope; picture-in-picture; web-share\" referrerpolicy=\"strict-origin-when-cross-origin\" allowfullscreen><\/iframe><\/p>\n\n\n<p><\/p>\n","protected":false},"excerpt":{"rendered":"<p>\u00bfQui\u00e9n es una persona refugiada? Una persona refugiada es toda persona que se ha visto obligada a abandonar su pa\u00eds de origen o residencia habitual debido a temores de persecuci\u00f3n, o porque su vida, libertad o seguridad se ve\u00edan amenazadas. Si tienes necesidades de protecci\u00f3n internacional, puedes manifestar tu intenci\u00f3n de solicitar el reconocimiento de [&hellip;]<\/p>\n","protected":false},"author":1,"featured_media":0,"parent":0,"menu_order":3,"comment_status":"closed","ping_status":"closed","template":"page-templates\/listing_page.php","meta":{"_acf_changed":false,"footnotes":""},"class_list":["post-34","page","type-page","status-publish","hentry"],"acf":[],"_links":{"self":[{"href":"https:\/\/help.unhcr.org\/chile\/wp-json\/wp\/v2\/pages\/34","targetHints":{"allow":["GET"]}}],"collection":[{"href":"https:\/\/help.unhcr.org\/chile\/wp-json\/wp\/v2\/pages"}],"about":[{"href":"https:\/\/help.unhcr.org\/chile\/wp-json\/wp\/v2\/types\/page"}],"author":[{"embeddable":true,"href":"https:\/\/help.unhcr.org\/chile\/wp-json\/wp\/v2\/users\/1"}],"replies":[{"embeddable":true,"href":"https:\/\/help.unhcr.org\/chile\/wp-json\/wp\/v2\/comments?post=34"}],"version-history":[{"count":12,"href":"https:\/\/help.unhcr.org\/chile\/wp-json\/wp\/v2\/pages\/34\/revisions"}],"predecessor-version":[{"id":875,"href":"https:\/\/help.unhcr.org\/chile\/wp-json\/wp\/v2\/pages\/34\/revisions\/875"}],"wp:attachment":[{"href":"https:\/\/help.unhcr.org\/chile\/wp-json\/wp\/v2\/media?parent=34"}],"curies":[{"name":"wp","href":"https:\/\/api.w.org\/{rel}","templated":true}]}}