{"id":26,"date":"2018-09-14T12:54:00","date_gmt":"2018-09-14T12:54:00","guid":{"rendered":"http:\/\/help.unhcr.org\/chile\/?page_id=26"},"modified":"2025-03-13T14:33:42","modified_gmt":"2025-03-13T14:33:42","slug":"donde-solicitar-asilo","status":"publish","type":"page","link":"https:\/\/help.unhcr.org\/chile\/ayuda-y-orientacion\/donde-encontrar-ayuda\/donde-solicitar-asilo\/","title":{"rendered":"Arica (Regi\u00f3n de Arica y Parinacota)"},"content":{"rendered":"<p><strong><mark class=\"has-inline-color has-vivid-red-color\">Apoyo social<\/mark><\/strong><\/p>\n<p><strong>World Vision Internacional (WVI)<\/strong><\/p>\n<ul>\n<li>Servicio: Apoyo social<\/li>\n<li>Formulario web: <a href=\"https:\/\/ee.humanitarianresponse.info\/x\/ehwePepP\">https:\/\/ee.humanitarianresponse.info\/x\/ehwePepP<\/a><\/li>\n<li>Tel\u00e9fono: +56950954185 \/ +56988011311 (agendar cita v\u00eda WhatsApp)<\/li>\n<li>Presencial: Jos\u00e9 Miguel Carrera #1515, de lunes a jueves entre 9:00 y 18:00 horas, y viernes de 9:00 a 14:00 hrs.<\/li>\n<\/ul>\n<p><strong>Servicio Jesuita a Migrantes (SJM)<\/strong><\/p>\n<ul>\n<li>Servicio: Apoyo social<\/li>\n<li>Correo: <a style=\"font-size: revert\" href=\"mailto:arica@sjmchile.org\">arica@sjmchile.org<\/a><\/li>\n<li>Tel\u00e9fono: +562277004<\/li>\n<li>Presencial: Juan Antonio R\u00edos #1100, de lunes a jueves entre las 9:00 y 16:00 horas, y viernes de 9:00 a 12:00 horas.<\/li>\n<li>Para recibir atenci\u00f3n remota, se solicita descargar la aplicaci\u00f3n MigrApp a trav\u00e9s de la App Store\/Play Store o en <a style=\"font-size: revert\" href=\"https:\/\/migrapp.sjmchile.org\">https:\/\/migrapp.sjmchile.org<\/a><\/li>\n<\/ul>\n<p><strong><mark class=\"has-inline-color has-vivid-red-color\">Asistencia jur\u00eddica<\/mark><\/strong><\/p>\n<p><strong>Servicio Jesuita a Migrantes (SJM)<\/strong><\/p>\n<ul>\n<li>Servicio: Apoyo social y asistencia jur\u00eddica<\/li>\n<li>Correo: <a href=\"mailto:arica@sjmchile.org\">arica@sjmchile.org<\/a><\/li>\n<li>Tel\u00e9fono: +562277004<\/li>\n<li>Presencial: Juan Antonio R\u00edos #1100, de lunes a jueves entre 9:00 y 16:00 horas, y viernes de 9:00 a 12:30 horas.<\/li>\n<li>Para recibir atenci\u00f3n remota, se solicita descargar la aplicaci\u00f3n MigrApp a trav\u00e9s de la App Store\/Play Store o en <a href=\"https:\/\/migrapp.sjmchile.org\/\">https:\/\/migrapp.sjmchile.org<\/a><\/li>\n<\/ul>\n","protected":false},"excerpt":{"rendered":"<p>Apoyo social World Vision Internacional (WVI) Servicio: Apoyo social Formulario web: https:\/\/ee.humanitarianresponse.info\/x\/ehwePepP Tel\u00e9fono: +56950954185 \/ +56988011311 (agendar cita v\u00eda WhatsApp) Presencial: Jos\u00e9 Miguel Carrera #1515, de lunes a jueves entre 9:00 y 18:00 horas, y viernes de 9:00 a 14:00 hrs. Servicio Jesuita a Migrantes (SJM) Servicio: Apoyo social Correo: arica@sjmchile.org Tel\u00e9fono: +562277004 Presencial: Juan [&hellip;]<\/p>\n","protected":false},"author":1,"featured_media":0,"parent":24,"menu_order":0,"comment_status":"closed","ping_status":"closed","template":"","meta":{"_acf_changed":false,"footnotes":""},"class_list":["post-26","page","type-page","status-publish","hentry"],"acf":[],"_links":{"self":[{"href":"https:\/\/help.unhcr.org\/chile\/wp-json\/wp\/v2\/pages\/26","targetHints":{"allow":["GET"]}}],"collection":[{"href":"https:\/\/help.unhcr.org\/chile\/wp-json\/wp\/v2\/pages"}],"about":[{"href":"https:\/\/help.unhcr.org\/chile\/wp-json\/wp\/v2\/types\/page"}],"author":[{"embeddable":true,"href":"https:\/\/help.unhcr.org\/chile\/wp-json\/wp\/v2\/users\/1"}],"replies":[{"embeddable":true,"href":"https:\/\/help.unhcr.org\/chile\/wp-json\/wp\/v2\/comments?post=26"}],"version-history":[{"count":21,"href":"https:\/\/help.unhcr.org\/chile\/wp-json\/wp\/v2\/pages\/26\/revisions"}],"predecessor-version":[{"id":898,"href":"https:\/\/help.unhcr.org\/chile\/wp-json\/wp\/v2\/pages\/26\/revisions\/898"}],"up":[{"embeddable":true,"href":"https:\/\/help.unhcr.org\/chile\/wp-json\/wp\/v2\/pages\/24"}],"wp:attachment":[{"href":"https:\/\/help.unhcr.org\/chile\/wp-json\/wp\/v2\/media?parent=26"}],"curies":[{"name":"wp","href":"https:\/\/api.w.org\/{rel}","templated":true}]}}