{"id":24,"date":"2018-09-14T12:45:17","date_gmt":"2018-09-14T12:45:17","guid":{"rendered":"http:\/\/help.unhcr.org\/chile\/?page_id=24"},"modified":"2024-07-30T18:05:37","modified_gmt":"2024-07-30T18:05:37","slug":"donde-encontrar-ayuda","status":"publish","type":"page","link":"https:\/\/help.unhcr.org\/chile\/ayuda-y-orientacion\/donde-encontrar-ayuda\/","title":{"rendered":"Mapa de servicios"},"content":{"rendered":"\n<p>A continuaci\u00f3n, encontrar\u00e1s la informaci\u00f3n sobre los servicios y datos de contacto ofrecidos por nuestras agencias socias en las regiones de Arica y Parinacota, Tarapac\u00e1, y Metropolitana.<\/p>\n\n\n\n<p><strong><mark class=\"has-inline-color has-vivid-red-color\">Atenci\u00f3n: toda asistencia humanitaria es GRATUITA. <\/mark><\/strong><\/p>\n\n\n\n<p><strong>Si una persona trabajadora humanitaria ha solicitado&nbsp;dinero, favores sexuales o cualquier otro tipo de pago&nbsp;a cambio de asistencia humanitaria \u00a1den\u00fancialo!, tu caso ser\u00e1 manejado de manera confidencial y no impedir\u00e1 que recibas asistencia de parte de las organizaciones humanitarias. M\u00e1s informaci\u00f3n <a href=\"https:\/\/www.acnur.org\/sites\/default\/files\/styles\/de2e\/public\/legacy-images\/61e5fe684.webp?itok=RvLjxV1W\">aqu\u00ed<\/a>.<\/strong><\/p>\n","protected":false},"excerpt":{"rendered":"<p>A continuaci\u00f3n, encontrar\u00e1s la informaci\u00f3n sobre los servicios y datos de contacto ofrecidos por nuestras agencias socias en las regiones de Arica y Parinacota, Tarapac\u00e1, y Metropolitana. Atenci\u00f3n: toda asistencia humanitaria es GRATUITA. Si una persona trabajadora humanitaria ha solicitado&nbsp;dinero, favores sexuales o cualquier otro tipo de pago&nbsp;a cambio de asistencia humanitaria \u00a1den\u00fancialo!, tu caso [&hellip;]<\/p>\n","protected":false},"author":1,"featured_media":0,"parent":612,"menu_order":3,"comment_status":"closed","ping_status":"closed","template":"page-templates\/listing_page.php","meta":{"_acf_changed":false,"footnotes":""},"class_list":["post-24","page","type-page","status-publish","hentry"],"acf":[],"_links":{"self":[{"href":"https:\/\/help.unhcr.org\/chile\/wp-json\/wp\/v2\/pages\/24","targetHints":{"allow":["GET"]}}],"collection":[{"href":"https:\/\/help.unhcr.org\/chile\/wp-json\/wp\/v2\/pages"}],"about":[{"href":"https:\/\/help.unhcr.org\/chile\/wp-json\/wp\/v2\/types\/page"}],"author":[{"embeddable":true,"href":"https:\/\/help.unhcr.org\/chile\/wp-json\/wp\/v2\/users\/1"}],"replies":[{"embeddable":true,"href":"https:\/\/help.unhcr.org\/chile\/wp-json\/wp\/v2\/comments?post=24"}],"version-history":[{"count":5,"href":"https:\/\/help.unhcr.org\/chile\/wp-json\/wp\/v2\/pages\/24\/revisions"}],"predecessor-version":[{"id":811,"href":"https:\/\/help.unhcr.org\/chile\/wp-json\/wp\/v2\/pages\/24\/revisions\/811"}],"up":[{"embeddable":true,"href":"https:\/\/help.unhcr.org\/chile\/wp-json\/wp\/v2\/pages\/612"}],"wp:attachment":[{"href":"https:\/\/help.unhcr.org\/chile\/wp-json\/wp\/v2\/media?parent=24"}],"curies":[{"name":"wp","href":"https:\/\/api.w.org\/{rel}","templated":true}]}}