{"id":200,"date":"2020-01-29T11:06:35","date_gmt":"2020-01-29T11:06:35","guid":{"rendered":"http:\/\/help.unhcr.org\/chile\/?page_id=200"},"modified":"2025-04-25T13:55:49","modified_gmt":"2025-04-25T13:55:49","slug":"contacta-con-acnur","status":"publish","type":"page","link":"https:\/\/help.unhcr.org\/chile\/contacta-con-acnur\/","title":{"rendered":"Contacta con acnur"},"content":{"rendered":"\n<p>Estimado\/a usuario\/a, le informamos que la atenci\u00f3n de nuestra l\u00ednea telef\u00f3nica se encuentra actualmente suspendida. A fin de asegurar un servicio de calidad, solicitamos a todas las personas interesadas en nuestros servicios que, a partir de ahora, agenden sus consultas mediante el formulario de contacto disponible en nuestro sitio web, para ser contactados lo antes posible por un miembro del Equipo ACNUR en Chile.<\/p>\n\n\n\n<p>Desde ACNUR en Chile, brindamos orientaci\u00f3n y asistencia a personas refugiadas, solicitantes de asilo y a otros grupos vulnerables amparados bajo nuestro mandato, y estamos comprometidos en proveer el apoyo necesario en cada caso. Agradecemos su comprensi\u00f3n y colaboraci\u00f3n.<\/p>\n\n\n\n<div class=\"wpcf7 no-js\" id=\"wpcf7-f128-o1\" lang=\"es-ES\" dir=\"ltr\" data-wpcf7-id=\"128\">\n<div class=\"screen-reader-response\"><p role=\"status\" aria-live=\"polite\" aria-atomic=\"true\"><\/p> <ul><\/ul><\/div>\n<form action=\"\/chile\/wp-json\/wp\/v2\/pages\/200#wpcf7-f128-o1\" method=\"post\" class=\"wpcf7-form init\" aria-label=\"Formulario de contacto\" enctype=\"multipart\/form-data\" novalidate=\"novalidate\" data-status=\"init\">\n<fieldset class=\"hidden-fields-container\"><input type=\"hidden\" name=\"_wpcf7\" value=\"128\" \/><input type=\"hidden\" name=\"_wpcf7_version\" value=\"6.1.4\" \/><input type=\"hidden\" name=\"_wpcf7_locale\" value=\"es_ES\" \/><input type=\"hidden\" name=\"_wpcf7_unit_tag\" value=\"wpcf7-f128-o1\" \/><input type=\"hidden\" name=\"_wpcf7_container_post\" value=\"0\" \/><input type=\"hidden\" name=\"_wpcf7_posted_data_hash\" value=\"\" \/><input type=\"hidden\" name=\"_wpcf7_recaptcha_response\" value=\"\" \/>\n<\/fieldset>\n<div class=\"row\">\n\t<div class=\"col-md-6 col-sm-12\">\n\t\t<p><label for=\"contact-surname\">Apellido* <\/label><br \/>\n<span class=\"wpcf7-form-control-wrap\" data-name=\"contact-surname\"><input size=\"40\" maxlength=\"400\" class=\"wpcf7-form-control wpcf7-text wpcf7-validates-as-required\" id=\"contact-surname\" aria-required=\"true\" aria-invalid=\"false\" value=\"\" type=\"text\" name=\"contact-surname\" \/><\/span>\n\t\t<\/p>\n\t<\/div>\n\t<div class=\"col-md-6 col-sm-12\">\n\t\t<p><label for=\"contact-first-name\">Nombre* <\/label><br \/>\n<span class=\"wpcf7-form-control-wrap\" data-name=\"contact-first-name\"><input size=\"40\" maxlength=\"400\" class=\"wpcf7-form-control wpcf7-text wpcf7-validates-as-required\" id=\"contact-first-name\" aria-required=\"true\" aria-invalid=\"false\" value=\"\" type=\"text\" name=\"contact-first-name\" \/><\/span>\n\t\t<\/p>\n\t<\/div>\n<\/div>\n<div class=\"row\">\n\t<div class=\"col-md-6 col-sm-12\">\n\t\t<p><label for=\"contact-nationality\">Nacionalidad* <\/label><br \/>\n<span class=\"wpcf7-form-control-wrap\" data-name=\"contact-nationality\"><input size=\"40\" maxlength=\"400\" class=\"wpcf7-form-control wpcf7-text wpcf7-validates-as-required\" id=\"contact-nationality\" aria-required=\"true\" aria-invalid=\"false\" value=\"\" type=\"text\" name=\"contact-nationality\" \/><\/span>\n\t\t<\/p>\n\t<\/div>\n\t<div class=\"col-md-6 col-sm-12\">\n\t\t<p><label for=\"contact-country\">Pa\u00eds de residencia actual* <\/label><br \/>\n<span class=\"wpcf7-form-control-wrap\" data-name=\"contact-country\"><input size=\"40\" maxlength=\"400\" class=\"wpcf7-form-control wpcf7-text wpcf7-validates-as-required\" id=\"contact-country\" aria-required=\"true\" aria-invalid=\"false\" value=\"\" type=\"text\" name=\"contact-country\" \/><\/span>\n\t\t<\/p>\n\t<\/div>\n<\/div>\n<div class=\"row\">\n\t<div class=\"col-md-6 col-sm-12\">\n\t\t<p><label for=\"contact-phone\">Tel\u00e9fono* <\/label><br \/>\n<span class=\"wpcf7-form-control-wrap\" data-name=\"contact-phone\"><input size=\"40\" maxlength=\"400\" class=\"wpcf7-form-control wpcf7-text wpcf7-validates-as-required\" id=\"contact-phone\" aria-required=\"true\" aria-invalid=\"false\" value=\"\" type=\"text\" name=\"contact-phone\" \/><\/span>\n\t\t<\/p>\n\t<\/div>\n\t<div class=\"col-md-6 col-sm-12\">\n\t\t<p><label for=\"contact-email\">Correo electr\u00f3nico* <\/label><br \/>\n<span class=\"wpcf7-form-control-wrap\" data-name=\"contact-email\"><input size=\"40\" maxlength=\"400\" class=\"wpcf7-form-control wpcf7-email wpcf7-validates-as-required wpcf7-text wpcf7-validates-as-email\" id=\"contact-email\" aria-required=\"true\" aria-invalid=\"false\" value=\"\" type=\"email\" name=\"contact-email\" \/><\/span>\n\t\t<\/p>\n\t<\/div>\n<\/div>\n<div class=\"row\">\n\t<div class=\"col-md-12 col-sm-12\">\n\t\t<p><label for=\"contact-identity\">\u00bfCon qu\u00e9 documento de identidad cuentas?* <\/label>\n\t\t<\/p>\n\t<\/div>\n<\/div>\n<div class=\"col-md-12 col-sm-12\">\n\t<p><span class=\"wpcf7-form-control-wrap\" data-name=\"contact-identity\"><span class=\"wpcf7-form-control wpcf7-checkbox wpcf7-validates-as-required\"><span class=\"wpcf7-list-item first\"><label><input type=\"checkbox\" name=\"contact-identity[]\" value=\"No tengo ning\u00fan documento\" \/><span class=\"wpcf7-list-item-label\">No tengo ning\u00fan documento<\/span><\/label><\/span><span class=\"wpcf7-list-item\"><label><input type=\"checkbox\" name=\"contact-identity[]\" value=\"C\u00e9dula de pa\u00eds de origen\" \/><span class=\"wpcf7-list-item-label\">C\u00e9dula de pa\u00eds de origen<\/span><\/label><\/span><span class=\"wpcf7-list-item\"><label><input type=\"checkbox\" name=\"contact-identity[]\" value=\"Pasaporte\" \/><span class=\"wpcf7-list-item-label\">Pasaporte<\/span><\/label><\/span><span class=\"wpcf7-list-item\"><label><input type=\"checkbox\" name=\"contact-identity[]\" value=\"C\u00e9dula chilena vencida\" \/><span class=\"wpcf7-list-item-label\">C\u00e9dula chilena vencida<\/span><\/label><\/span><span class=\"wpcf7-list-item\"><label><input type=\"checkbox\" name=\"contact-identity[]\" value=\"C\u00e9dula chilena vigente\" \/><span class=\"wpcf7-list-item-label\">C\u00e9dula chilena vigente<\/span><\/label><\/span><span class=\"wpcf7-list-item\"><label><input type=\"checkbox\" name=\"contact-identity[]\" value=\"Partida de nacimiento\" \/><span class=\"wpcf7-list-item-label\">Partida de nacimiento<\/span><\/label><\/span><span class=\"wpcf7-list-item last\"><label><input type=\"checkbox\" name=\"contact-identity[]\" value=\"Otro\" \/><span class=\"wpcf7-list-item-label\">Otro<\/span><\/label><\/span><\/span><\/span>\n\t<\/p>\n<\/div>\n<div class=\"row\">\n\t<div class=\"col-md-12 col-sm-12\">\n\t\t<p><label for=\"contact-status\">\u00bfFuiste reconocido como refugiado\/a o eres solicitante de la condici\u00f3n de refugiado\/a (con c\u00e9dula chilena)?* <\/label>\n\t\t<\/p>\n\t<\/div>\n<\/div>\n<div class=\"col-md-12 col-sm-12\">\n\t<p><span class=\"wpcf7-form-control-wrap\" data-name=\"contact-status\"><span class=\"wpcf7-form-control wpcf7-checkbox wpcf7-validates-as-required wpcf7-exclusive-checkbox\"><span class=\"wpcf7-list-item first\"><label><input type=\"checkbox\" name=\"contact-status\" value=\"Si\" \/><span class=\"wpcf7-list-item-label\">Si<\/span><\/label><\/span><span class=\"wpcf7-list-item last\"><label><input type=\"checkbox\" name=\"contact-status\" value=\"No\" \/><span class=\"wpcf7-list-item-label\">No<\/span><\/label><\/span><\/span><\/span>\n\t<\/p>\n<\/div>\n<div class=\"row\">\n\t<div class=\"col-md-12 col-sm-12\">\n\t\t<p><label for=\"contact-assistance\">\u00bfRequieres alg\u00fan tipo de ayuda? <\/label>\n\t\t<\/p>\n\t<\/div>\n<\/div>\n<div class=\"col-md-12 col-sm-12\">\n\t<p><span class=\"wpcf7-form-control-wrap\" data-name=\"contact-assistance\"><span class=\"wpcf7-form-control wpcf7-checkbox\"><span class=\"wpcf7-list-item first\"><label><input type=\"checkbox\" name=\"contact-assistance[]\" value=\"Asistencia jur\u00eddica\" \/><span class=\"wpcf7-list-item-label\">Asistencia jur\u00eddica<\/span><\/label><\/span><span class=\"wpcf7-list-item\"><label><input type=\"checkbox\" name=\"contact-assistance[]\" value=\"Alojamiento\" \/><span class=\"wpcf7-list-item-label\">Alojamiento<\/span><\/label><\/span><span class=\"wpcf7-list-item last\"><label><input type=\"checkbox\" name=\"contact-assistance[]\" value=\"Otros\" \/><span class=\"wpcf7-list-item-label\">Otros<\/span><\/label><\/span><\/span><\/span>\n\t<\/p>\n<\/div>\n<div class=\"row\">\n\t<div class=\"col-md-12 col-sm-12\">\n\t\t<p><label for=\"contact-message\">\u00bfC\u00f3mo podemos ayudarte?* <\/label><br \/>\n<span class=\"wpcf7-form-control-wrap\" data-name=\"contact-message\"><textarea cols=\"40\" rows=\"10\" maxlength=\"2000\" class=\"wpcf7-form-control wpcf7-textarea wpcf7-validates-as-required\" id=\"contact-message\" aria-required=\"true\" aria-invalid=\"false\" name=\"contact-message\"><\/textarea><\/span>\n\t\t<\/p>\n\t<\/div>\n<\/div>\n<div class=\"row\">\n\t<div class=\"col-md-12 col-sm-12\">\n\t\t<p><label for=\"contact-document\">\u00bfDesea adjuntar alg\u00fan documento a su solicitud? Si es as\u00ed, h\u00e1galo a continuaci\u00f3n <\/label><br \/>\n<span class=\"wpcf7-form-control-wrap\" data-name=\"contact-document\"><input size=\"40\" class=\"wpcf7-form-control wpcf7-file\" accept=\".pdf,.doc,.docx,.jpeg,.jpg,.png\" aria-invalid=\"false\" type=\"file\" name=\"contact-document\" \/><\/span>\n\t\t<\/p>\n\t<\/div>\n<\/div>\n<div class=\"row\" style=\"width: 95%;margin-bottom: 1em\">\n\t<div class=\"col-md-6 col-sm-12\">\n\t\t<p><input class=\"wpcf7-form-control wpcf7-submit has-spinner hp-btn hp-btn-ok\" id=\"submit\" type=\"submit\" value=\"Enviar formulario\" \/>\n\t\t<\/p>\n\t<\/div>\n<\/div><div class=\"wpcf7-response-output\" aria-hidden=\"true\"><\/div>\n<\/form>\n<\/div>\n\n\n\n\n<p><\/p>\n","protected":false},"excerpt":{"rendered":"<p>Estimado\/a usuario\/a, le informamos que la atenci\u00f3n de nuestra l\u00ednea telef\u00f3nica se encuentra actualmente suspendida. A fin de asegurar un servicio de calidad, solicitamos a todas las personas interesadas en nuestros servicios que, a partir de ahora, agenden sus consultas mediante el formulario de contacto disponible en nuestro sitio web, para ser contactados lo antes [&hellip;]<\/p>\n","protected":false},"author":64,"featured_media":0,"parent":0,"menu_order":0,"comment_status":"closed","ping_status":"closed","template":"","meta":{"_acf_changed":false,"footnotes":""},"class_list":["post-200","page","type-page","status-publish","hentry"],"acf":[],"_links":{"self":[{"href":"https:\/\/help.unhcr.org\/chile\/wp-json\/wp\/v2\/pages\/200","targetHints":{"allow":["GET"]}}],"collection":[{"href":"https:\/\/help.unhcr.org\/chile\/wp-json\/wp\/v2\/pages"}],"about":[{"href":"https:\/\/help.unhcr.org\/chile\/wp-json\/wp\/v2\/types\/page"}],"author":[{"embeddable":true,"href":"https:\/\/help.unhcr.org\/chile\/wp-json\/wp\/v2\/users\/64"}],"replies":[{"embeddable":true,"href":"https:\/\/help.unhcr.org\/chile\/wp-json\/wp\/v2\/comments?post=200"}],"version-history":[{"count":7,"href":"https:\/\/help.unhcr.org\/chile\/wp-json\/wp\/v2\/pages\/200\/revisions"}],"predecessor-version":[{"id":927,"href":"https:\/\/help.unhcr.org\/chile\/wp-json\/wp\/v2\/pages\/200\/revisions\/927"}],"wp:attachment":[{"href":"https:\/\/help.unhcr.org\/chile\/wp-json\/wp\/v2\/media?parent=200"}],"curies":[{"name":"wp","href":"https:\/\/api.w.org\/{rel}","templated":true}]}}