{"id":728,"date":"2021-09-21T10:34:27","date_gmt":"2021-09-21T10:34:27","guid":{"rendered":"https:\/\/help.unhcr.org\/caribbean\/welcome-2\/"},"modified":"2026-04-09T14:03:04","modified_gmt":"2026-04-09T14:03:04","slug":"welcome-2","status":"publish","type":"page","link":"https:\/\/help.unhcr.org\/caribbean\/ht\/","title":{"rendered":"Byenvini"},"content":{"rendered":"\n<h3 class=\"wp-block-heading\">UNHCR N\u00f2 ak L\u00e8s Karayib-Sip\u00f2 pou refijye ak demand\u00e8 azil yo Byenvini sou paj sip\u00f2 UNHCR la pou refijye ak demand\u00e8 azil ki nan n\u00f2 ak l\u00e8s Karayib la nan peyi ak t\u00e8ritwa sila yo:<\/h3>\n\n\n\n<p class=\"has-text-align-center\"><strong><strong>Angiya\u00a0<\/strong><\/strong> <strong>| <strong>Antigua ak Barbuda<\/strong> <\/strong> <strong><strong>|<\/strong> <strong><strong>Baamas\u00a0<\/strong><\/strong> | Barbados  | Bermuda  | Zile Vy\u00e8j Britanik yo <\/strong> <strong>| <strong><strong>Zile Kayiman\u00a0<\/strong><\/strong> |<\/strong> <strong><strong>LaDominik<\/strong><\/strong>  |<strong> Repiblik Dominik\u00e8n<strong> <\/strong> |<\/strong> <strong>LaGrenad <\/strong> <strong>| <strong>Ayiti<\/strong><\/strong>  <strong>| <strong><strong>Jamayik<\/strong> <\/strong> | <strong><strong>Monsera<\/strong><\/strong><\/strong> <strong> <strong>|<\/strong> <strong>Saint Kitts ak Nevis<\/strong> ?? | <strong>Sent Lisi<\/strong>  | Zile Sen Vensan ak Grenadin<\/strong>  <strong>| Sen Maten (Pati N\u00e8land\u00e8)\u00a0| <strong>Zile Turks ak Caicos<\/strong>\u00a0<\/strong><\/p>\n\n\n\n<h3 class=\"wp-block-heading has-white-color has-text-color has-background\" style=\"background-color:#0072bc\">Isit la w ap jwenn:<\/h3>\n\n\n\n<ul style=\"background-color:#abb7c230\" class=\"wp-block-list has-background\">\n<li><a href=\"https:\/\/help.unhcr.org\/caribbean\/ht\/about\/\"><strong>Enf\u00f2masyon sou UNHCR N\u00f2 ak L\u00e8s Karayib la<\/strong><\/a><\/li>\n\n\n\n<li><a href=\"https:\/\/help.unhcr.org\/caribbean\/ht\/asylum\/\"><strong>Kil\u00e8s ki se yon refijye?<\/strong><\/a><\/li>\n\n\n\n<li><a href=\"https:\/\/help.unhcr.org\/caribbean\/ht\/rights\/\"><strong>Dwa ou ak devwa ou yo k\u00f2m demand\u00e8 azil oswa refijye<\/strong><\/a><\/li>\n\n\n\n<li><a href=\"https:\/\/help.unhcr.org\/caribbean\/ht\/asylum\/\"><strong>Kijan pou w ch\u00e8che azil nan peyi ki nan n\u00f2 Karayib la yo kote ou ye a<\/strong><\/a><\/li>\n\n\n\n<li><a href=\"https:\/\/help.unhcr.org\/caribbean\/ht\/services\/\"><strong>S\u00e8vis sip\u00f2 pou refijye<\/strong><\/a><\/li>\n\n\n\n<li><a href=\"https:\/\/help.unhcr.org\/caribbean\/ht\/faq\/\"><strong>Kesyon ki poze souvan yo<\/strong><\/a><\/li>\n\n\n\n<li><a href=\"https:\/\/help.unhcr.org\/caribbean\/ht\/complaints\/\"><strong>Kijan pou w rep\u00f2te fwod, move konp\u00f2tman, eksplwatasyon ak abi seksy\u00e8l<\/strong><\/a><\/li>\n<\/ul>\n\n\n\n<p class=\"has-black-color has-text-color has-background\" style=\"background-color:#fdf799\"><strong>\u00c8ske w ap viv nan yon l\u00f2t peyi oswa t\u00e8ritwa nan Karayib la?<\/strong>&nbsp;<\/p>\n\n\n\n<ul class=\"wp-block-list\">\n<li>Si ou nan\u00a0<strong>Bonaire, Saba ak St. Eustatius<\/strong>\u00a0, vizite\u00a0<a href=\"https:\/\/help.unhcr.org\/netherlands\/\" target=\"_blank\" rel=\"noreferrer noopener\"><strong>Help the Netherlands<\/strong><\/a><strong>\u00a0<\/strong><\/li>\n\n\n\n<li>Si ou nan\u00a0<strong>Gwadloup <\/strong>,\u00a0<strong>Matinik <\/strong>,\u00a0<strong>Sen Maten <\/strong>\u00a0ak\u00a0<strong>Giy\u0101n Frans\u00e8z <\/strong>, vizite\u00a0<a href=\"https:\/\/help.unhcr.org\/france\/\" target=\"_blank\" rel=\"noreferrer noopener\"><strong>Help France<\/strong><\/a><\/li>\n\n\n\n<li>Si ou nan\u00a0<strong>Giyana <\/strong>\u00a0oswa\u00a0<strong>Sirinam <\/strong>, vizite\u00a0<a href=\"https:\/\/help.unhcr.org\/panama\/\" target=\"_blank\" rel=\"noreferrer noopener\"><strong>Help Panama<\/strong><\/a><strong>\u00a0<\/strong><\/li>\n\n\n\n<li>Oswa vizite&nbsp;<a href=\"https:\/\/help.unhcr.org\/aruba\/\" target=\"_blank\" rel=\"noreferrer noopener\"><strong>Help Aruba<\/strong><\/a><strong>&nbsp;|&nbsp;<\/strong><a href=\"https:\/\/help.unhcr.org\/belize\/\" target=\"_blank\" rel=\"noreferrer noopener\"><strong>Help Belize<\/strong><\/a><strong>&nbsp;|&nbsp;<\/strong><a href=\"https:\/\/help.unhcr.org\/curacao\/\" target=\"_blank\" rel=\"noreferrer noopener\"><strong>Help Curacao<\/strong><\/a><strong>&nbsp;|&nbsp;<\/strong><a href=\"https:\/\/help.unhcr.org\/cuba\/\" target=\"_blank\" rel=\"noreferrer noopener\"><strong>Help Cuba<\/strong><\/a><strong>&nbsp;|&nbsp;<\/strong><a href=\"https:\/\/help.unhcr.org\/dominicanrepublic\/\" target=\"_blank\" rel=\"noreferrer noopener\"><strong>Help Dominican Republic<\/strong><\/a><strong>&nbsp;|&nbsp;<\/strong><a href=\"https:\/\/help.unhcr.org\/trinidadandtobago\/\" target=\"_blank\" rel=\"noreferrer noopener\"><strong>Help Trinidad and Tobago<\/strong><\/a><strong>&nbsp;<\/strong><\/li>\n<\/ul>\n\n\n\n<p><strong>\u00c8ske ou nan yon l\u00f2t peyi?<\/strong>&nbsp;<\/p>\n\n\n\n<p>Oswa \u00e8ske w ap ch\u00e8che \u00e8d pou yon fanmi w ki l\u00f2tb\u00f2dlo? Silvoupl\u00e8 chwazi peyi ou bezwen enf\u00f2mason sou li a sou&nbsp;<a href=\"https:\/\/help.unhcr.org\/\" target=\"_blank\" rel=\"noreferrer noopener\">UNHCR\u2019s Help homepage<\/a>&nbsp;oubyen kontakte&nbsp;<a href=\"https:\/\/www.unhcr.org\/where-we-work.html\" data-type=\"link\" data-id=\"https:\/\/www.unhcr.org\/where-we-work.html\">Biwo peyi UNHCR ki pi pre w la<\/a>.<\/p>\n\n\n\n<ul class=\"wp-block-list\">\n<li><a href=\"https:\/\/help.unhcr.org\/\" data-type=\"link\" data-id=\"https:\/\/help.unhcr.org\/\">Chwazi yon l\u00f2t peyi sou paj Sip\u00f2 a<\/a><\/li>\n<\/ul>\n","protected":false},"excerpt":{"rendered":"<p>UNHCR N\u00f2 ak L\u00e8s Karayib-Sip\u00f2 pou refijye ak demand\u00e8 azil yo Byenvini sou paj sip\u00f2 UNHCR la pou refijye ak demand\u00e8 azil ki nan n\u00f2 ak l\u00e8s Karayib la nan peyi ak t\u00e8ritwa sila yo: Angiya\u00a0 | Antigua ak Barbuda | Baamas\u00a0 | Barbados | Bermuda | Zile Vy\u00e8j Britanik yo | Zile Kayiman\u00a0 | [&hellip;]<\/p>\n","protected":false},"author":1,"featured_media":0,"parent":0,"menu_order":0,"comment_status":"closed","ping_status":"closed","template":"","meta":{"_acf_changed":false,"footnotes":""},"class_list":["post-728","page","type-page","status-publish","hentry"],"acf":[],"_links":{"self":[{"href":"https:\/\/help.unhcr.org\/caribbean\/ht\/wp-json\/wp\/v2\/pages\/728","targetHints":{"allow":["GET"]}}],"collection":[{"href":"https:\/\/help.unhcr.org\/caribbean\/ht\/wp-json\/wp\/v2\/pages"}],"about":[{"href":"https:\/\/help.unhcr.org\/caribbean\/ht\/wp-json\/wp\/v2\/types\/page"}],"author":[{"embeddable":true,"href":"https:\/\/help.unhcr.org\/caribbean\/ht\/wp-json\/wp\/v2\/users\/1"}],"replies":[{"embeddable":true,"href":"https:\/\/help.unhcr.org\/caribbean\/ht\/wp-json\/wp\/v2\/comments?post=728"}],"version-history":[{"count":6,"href":"https:\/\/help.unhcr.org\/caribbean\/ht\/wp-json\/wp\/v2\/pages\/728\/revisions"}],"predecessor-version":[{"id":887,"href":"https:\/\/help.unhcr.org\/caribbean\/ht\/wp-json\/wp\/v2\/pages\/728\/revisions\/887"}],"wp:attachment":[{"href":"https:\/\/help.unhcr.org\/caribbean\/ht\/wp-json\/wp\/v2\/media?parent=728"}],"curies":[{"name":"wp","href":"https:\/\/api.w.org\/{rel}","templated":true}]}}