{"id":724,"date":"2021-09-21T13:20:24","date_gmt":"2021-09-21T13:20:24","guid":{"rendered":"https:\/\/help.unhcr.org\/caribbean\/complaints\/"},"modified":"2024-07-17T20:19:19","modified_gmt":"2024-07-17T20:19:19","slug":"complaints","status":"publish","type":"page","link":"https:\/\/help.unhcr.org\/caribbean\/ht\/complaints\/","title":{"rendered":"Rap\u00f2te Move Konduit, Fw\u00f2d, Eksplwatasyon Seksy\u00e8l ak Abi"},"content":{"rendered":"\n<p class=\"has-text-align-left has-black-color has-text-color has-background\" style=\"background-color:#fdf799\"><strong>Sonje: Tout s\u00e8vis UNHCR yo ak aktivite li yo toujou gratis.<\/strong><br>A okenn moman yo pap mande w peye pou okenn nan s\u00e8vis founi pa UNHCR oswa nenp\u00f2t nan patn\u00e8 li yo. Tanpri, f\u00e8 atansyon ak konp\u00f2tman ki gen pou w\u00e8 ak fwod e piga ou kw\u00e8 moun ki di w yo ka ede w ak anrejistreman, re-enstalasyon etc. si ou peye yo.<\/p>\n\n\n\n<p><\/p>\n\n\n\n<p>UNHCR pran yon apw\u00f2ch <strong><span style=\"text-decoration: underline\">ZERO TOLERANS <\/span><\/strong>pou pwobl\u00e8m move konduit, fwod, eksplwatasyon seksy\u00e8l ak abi. Gade pi ba a pou plis enf\u00f2masyon, tankou rap\u00f2 konfidansy\u00e8l ensidan yo.<\/p>\n\n\n\n<p><strong>Enp\u00f2tan:<\/strong><\/p>\n\n\n\n<ul class=\"wp-block-list\">\n<li>Tanpri note ke depoze yon plent pa pral gen okenn enpak sou dosye ou a nan UNHCR.<\/li>\n\n\n\n<li>Plent yo ka f\u00e8t san ou pa bay non w.<\/li>\n\n\n\n<li>Nan plent ou a, tanpri rap\u00f2te tout sa ki pase yo ak pr\u00e8v ou genyen yo.<\/li>\n\n\n\n<li>Rap\u00f2 ou a ak tout enf\u00f2masyon ou bay UNHCR ap rete estrikteman konfidansy\u00e8l.<\/li>\n<\/ul>\n","protected":false},"excerpt":{"rendered":"<p>Sonje: Tout s\u00e8vis UNHCR yo ak aktivite li yo toujou gratis.A okenn moman yo pap mande w peye pou okenn nan s\u00e8vis founi pa UNHCR oswa nenp\u00f2t nan patn\u00e8 li yo. Tanpri, f\u00e8 atansyon ak konp\u00f2tman ki gen pou w\u00e8 ak fwod e piga ou kw\u00e8 moun ki di w yo ka ede w ak [&hellip;]<\/p>\n","protected":false},"author":1,"featured_media":0,"parent":0,"menu_order":0,"comment_status":"closed","ping_status":"closed","template":"faq_page.php","meta":{"_acf_changed":false,"footnotes":""},"class_list":["post-724","page","type-page","status-publish","hentry"],"acf":[],"_links":{"self":[{"href":"https:\/\/help.unhcr.org\/caribbean\/ht\/wp-json\/wp\/v2\/pages\/724","targetHints":{"allow":["GET"]}}],"collection":[{"href":"https:\/\/help.unhcr.org\/caribbean\/ht\/wp-json\/wp\/v2\/pages"}],"about":[{"href":"https:\/\/help.unhcr.org\/caribbean\/ht\/wp-json\/wp\/v2\/types\/page"}],"author":[{"embeddable":true,"href":"https:\/\/help.unhcr.org\/caribbean\/ht\/wp-json\/wp\/v2\/users\/1"}],"replies":[{"embeddable":true,"href":"https:\/\/help.unhcr.org\/caribbean\/ht\/wp-json\/wp\/v2\/comments?post=724"}],"version-history":[{"count":8,"href":"https:\/\/help.unhcr.org\/caribbean\/ht\/wp-json\/wp\/v2\/pages\/724\/revisions"}],"predecessor-version":[{"id":821,"href":"https:\/\/help.unhcr.org\/caribbean\/ht\/wp-json\/wp\/v2\/pages\/724\/revisions\/821"}],"wp:attachment":[{"href":"https:\/\/help.unhcr.org\/caribbean\/ht\/wp-json\/wp\/v2\/media?parent=724"}],"curies":[{"name":"wp","href":"https:\/\/api.w.org\/{rel}","templated":true}]}}