{"id":720,"date":"2021-09-21T13:19:32","date_gmt":"2021-09-21T13:19:32","guid":{"rendered":"https:\/\/help.unhcr.org\/caribbean\/rights\/"},"modified":"2023-12-26T19:19:56","modified_gmt":"2023-12-26T19:19:56","slug":"rights","status":"publish","type":"page","link":"https:\/\/help.unhcr.org\/caribbean\/ht\/rights\/","title":{"rendered":"Dwa ak Devwa yo"},"content":{"rendered":"\n<h3 class=\"wp-block-heading has-white-color has-text-color has-background\" style=\"background-color:#0072bc\"><strong>Ki dwa demand\u00e8 dazil yo ak refijye yo genyen?<\/strong><\/h3>\n\n\n\n<ul class=\"wp-block-list\">\n<li>&nbsp;Aks\u00e8 a t\u00e8ritwa peyi azil la<\/li>\n\n\n\n<li>&nbsp;Pwoteksyon kont retou f\u00f2se nan peyi orijin yo<\/li>\n\n\n\n<li>&nbsp;Aks\u00e8 pou soum\u00e8t yon demand azil<\/li>\n\n\n\n<li>Yon dokiman idantifikasyon ki f\u00e8t pou demand\u00e8 dazil\/refijye<\/li>\n\n\n\n<li>Pou yo poze yo kesyon nan yon lang yo konprann<\/li>\n\n\n\n<li>Konfidansyalite ak pwoteksyon done p\u00e8son\u00e8l<\/li>\n\n\n\n<li>Tretman san diskriminasyon<\/li>\n\n\n\n<li>Yon pwosedi san yo pa bezwen peye anyen<\/li>\n<\/ul>\n\n\n\n<h3 class=\"wp-block-heading has-white-color has-text-color has-background\" style=\"background-color:#0072bc\"><strong>Ki devwa demand\u00e8 dazil ak refijye genyen?<\/strong><\/h3>\n\n\n\n<ul class=\"wp-block-list\">\n<li>Respekte ak aplike lwa nasyonal yo toutan<\/li>\n\n\n\n<li>Respekte kilti lokal yo ak koutim yo<\/li>\n\n\n\n<li>Founi deklarasyon ki egzat epi ki verite<\/li>\n\n\n\n<li>Founi dokiman pr\u00e8v yo l\u00e8 sa posib<\/li>\n\n\n\n<li>Enf\u00f2me UNHCR\/Gouv\u00e8nman yo de tout chanjman nan dosye a, estati fanmi an, etc.<\/li>\n\n\n\n<li>Enf\u00f2me UNHCR de tout chanjman nan enf\u00f2masyon pou kontakte yo<\/li>\n<\/ul>\n\n\n\n<p class=\"has-text-align-center has-background\" style=\"background-color:#faeb00\">Gen l\u00f2t dwa ak devwa anplis ki egziste nan k\u00e8k peyi ak t\u00e8ritwa ki baze sou lwa nasyonal ak sist\u00e8m azil ak refijye pa yo.<\/p>\n\n\n\n<h3 class=\"wp-block-heading\">Anplis de sa, tanpri konsilte resous sila yo ki espesifik selon peyi a:&nbsp;<\/h3>\n\n\n\n<ul class=\"wp-block-list\">\n<li><strong>Baamas:<\/strong>\u00a0<a href=\"https:\/\/www.immigration.gov.bs\/refugees-and-asylum-seekers\/refugee-and-asylum-seekers-information\/\" data-type=\"link\" data-id=\"https:\/\/www.immigration.gov.bs\/refugees-and-asylum-seekers\/refugee-and-asylum-seekers-information\/\">Enf\u00f2masyon pou Refijye ak Demand\u00e8 dAzil<\/a><\/li>\n\n\n\n<li><strong>Jamayik:\u00a0<\/strong><a href=\"https:\/\/www.refworld.org\/pdfid\/500000def.pdf\" data-type=\"link\" data-id=\"https:\/\/www.refworld.org\/pdfid\/500000def.pdf\">Mezi 2009 sou Refijye<\/a><\/li>\n\n\n\n<li><strong>Monsera:<\/strong>\u00a0<a href=\"https:\/\/www.gov.ms\/wp-content\/uploads\/2020\/06\/Immigration-Act.pdf\" data-type=\"link\" data-id=\"https:\/\/www.gov.ms\/wp-content\/uploads\/2020\/06\/Immigration-Act.pdf\">Lwa sou imigrasyon ak Lwa Adisyon\u00e8l (Revizyon 2019)<\/a><\/li>\n\n\n\n<li><strong>ZileTurks ak Caicos:<\/strong>\u00a0<a href=\"https:\/\/www.refworld.org\/pdfid\/63f490704.pdf\" data-type=\"link\" data-id=\"https:\/\/www.refworld.org\/pdfid\/63f490704.pdf\">\u00d2donans sou imigrasyon<\/a><\/li>\n<\/ul>\n","protected":false},"excerpt":{"rendered":"<p>Ki dwa demand\u00e8 dazil yo ak refijye yo genyen? Ki devwa demand\u00e8 dazil ak refijye genyen? Gen l\u00f2t dwa ak devwa anplis ki egziste nan k\u00e8k peyi ak t\u00e8ritwa ki baze sou lwa nasyonal ak sist\u00e8m azil ak refijye pa yo. Anplis de sa, tanpri konsilte resous sila yo ki espesifik selon peyi a:&nbsp;<\/p>\n","protected":false},"author":1,"featured_media":0,"parent":0,"menu_order":0,"comment_status":"closed","ping_status":"closed","template":"","meta":{"_acf_changed":false,"footnotes":""},"class_list":["post-720","page","type-page","status-publish","hentry"],"acf":[],"_links":{"self":[{"href":"https:\/\/help.unhcr.org\/caribbean\/ht\/wp-json\/wp\/v2\/pages\/720","targetHints":{"allow":["GET"]}}],"collection":[{"href":"https:\/\/help.unhcr.org\/caribbean\/ht\/wp-json\/wp\/v2\/pages"}],"about":[{"href":"https:\/\/help.unhcr.org\/caribbean\/ht\/wp-json\/wp\/v2\/types\/page"}],"author":[{"embeddable":true,"href":"https:\/\/help.unhcr.org\/caribbean\/ht\/wp-json\/wp\/v2\/users\/1"}],"replies":[{"embeddable":true,"href":"https:\/\/help.unhcr.org\/caribbean\/ht\/wp-json\/wp\/v2\/comments?post=720"}],"version-history":[{"count":4,"href":"https:\/\/help.unhcr.org\/caribbean\/ht\/wp-json\/wp\/v2\/pages\/720\/revisions"}],"predecessor-version":[{"id":748,"href":"https:\/\/help.unhcr.org\/caribbean\/ht\/wp-json\/wp\/v2\/pages\/720\/revisions\/748"}],"wp:attachment":[{"href":"https:\/\/help.unhcr.org\/caribbean\/ht\/wp-json\/wp\/v2\/media?parent=720"}],"curies":[{"name":"wp","href":"https:\/\/api.w.org\/{rel}","templated":true}]}}