{"id":716,"date":"2021-09-21T13:21:12","date_gmt":"2021-09-21T13:21:12","guid":{"rendered":"https:\/\/help.unhcr.org\/caribbean\/asylum\/local-government\/"},"modified":"2023-12-26T19:18:51","modified_gmt":"2023-12-26T19:18:51","slug":"local-government","status":"publish","type":"page","link":"https:\/\/help.unhcr.org\/caribbean\/ht\/asylum\/local-government\/","title":{"rendered":"Aplike pou azil ak gouv\u00e8nman an"},"content":{"rendered":"\n<h3 class=\"wp-block-heading\">Gouv\u00e8nman chak peyi responsab pou resevwa\u00a0 ak trete demand azil yo nan:<\/h3>\n\n\n\n<p class=\"has-text-align-center has-white-background-color has-background\"><strong>Baamas <strong>??<\/strong><\/strong> |<strong> <strong>Zile Kayiman<\/strong> <strong>??<\/strong><\/strong> |<strong> <strong>Repiblik Domimik\u00e8n<\/strong> <strong>??<\/strong><\/strong> |<strong> <strong>Jamayik<\/strong> <strong>??<\/strong><\/strong> | <strong>Monsera <strong>??<\/strong><\/strong> <strong>| ZileTurks ak Caicos<\/strong>\u00a0<strong>??<\/strong><\/p>\n\n\n\n<p class=\"has-background\" style=\"background-color:#abb7c230\"><strong>UNHCR pa patisipe nan pwosesis desizyon an, men nou kapab ede ou nan konprann pwosedi yo.<\/strong><\/p>\n\n\n\n<p><strong>\u27a1\ufe0f Pou ou ch\u00e8che azil nan Baamas<\/strong> <strong>??<\/strong>, tanpri apwoche <a href=\"https:\/\/www.immigration.gov.bs\/refugees-and-asylum-seekers\/refugee-and-asylum-seekers-information\/\" data-type=\"link\" data-id=\"https:\/\/www.immigration.gov.bs\/refugees-and-asylum-seekers\/refugee-and-asylum-seekers-information\/\">otorite imigrasyon gouv\u00e8nman yo\u00a0<\/a>oswa otorite azil ki plase pou sa a pou anrejistre demand ou a. Gouv\u00e8nman an ap kominike dir\u00e8kteman ak ou sou pwosedi yo epi l ap det\u00e8mine si ou rekon\u00e8t oswa ou pa rekon\u00e8t k\u00f2m yon refijye.<\/p>\n\n\n\n<ul class=\"wp-block-list\">\n<li>Si ou bezwen plis enf\u00f2masyon oswa asistans nan pwosesis la, ou ka ekri UNHCR yon email nan&nbsp;<a href=\"mailto:usawacab@unhcr.org\" target=\"_blank\" rel=\"noreferrer noopener\">usawacab@unhcr.org<\/a>&nbsp;ansanm ak non ou, nimewo telef\u00f2n ou ak peyi ou ladan kounye a.<\/li>\n<\/ul>\n\n\n\n<p>\u27a1\ufe0f<strong>Si ou swete ch\u00e8che azil nan Zile Kayiman ??, Jamayik\u00a0??, Monsera\u00a0??, oswa Zile Turks ak Caicos ??<\/strong>, tanpri ekri yon email nan \u00a0<a href=\"mailto:usawacab@unhcr.org\" target=\"_blank\" rel=\"noreferrer noopener\"><strong>usawacab@unhcr.org<\/strong><\/a>\u00a0ansanm ak non ou, nimewo telef\u00f2n ou ak non peyi ou ladan kounye a.<\/p>\n\n\n\n<ul class=\"wp-block-list\">\n<li>Yon ofisye UNHCR pral founi ou enf\u00f2masyon de baz sou kijan pou ou f\u00e8 demand azil apati pwosedi gouv\u00e8nman an. Nou kapab tou ba ou enf\u00f2masyon sou ki \u00f2ganizasyon lokal ki ta kapab ede ou nan peyi kote ou mande azil la.<\/li>\n<\/ul>\n\n\n\n<p>\u27a1\ufe0f\u00a0<strong>Pou ou f\u00e8 demand azil nan Repiblik Dominik\u00e8n<\/strong>\u00a0<strong>??<\/strong>, tanpri vizite\u00a0<a href=\"https:\/\/help.unhcr.org\/dominicanrepublic\/en\/applying-for-refugee-status\/how-to-request-asylum-in-the-dominican-republic\/\" target=\"_blank\" rel=\"noreferrer noopener\">Help Dominican Republic<\/a>\u00a0pou enf\u00f2masyon.\u00a0<\/p>\n\n\n\n<p>\u27a1\ufe0f\u00a0<strong>Si ou nan yon l\u00f2t peyi nan Karayib la, vizite <a href=\"https:\/\/help.unhcr.org\/\" data-type=\"link\" data-id=\"https:\/\/help.unhcr.org\/\">Paj sip\u00f2 a<\/a>\u00a0<\/strong><strong>epi chwazi peyi ou ap viv ladan an pou ou ka jwenn plis enf\u00f2masyon sou aplikasyon pou azil ladan. <\/strong>\u00a0<\/p>\n","protected":false},"excerpt":{"rendered":"<p>Gouv\u00e8nman chak peyi responsab pou resevwa\u00a0 ak trete demand azil yo nan: Baamas ?? | Zile Kayiman ?? | Repiblik Domimik\u00e8n ?? | Jamayik ?? | Monsera ?? | ZileTurks ak Caicos\u00a0?? UNHCR pa patisipe nan pwosesis desizyon an, men nou kapab ede ou nan konprann pwosedi yo. \u27a1\ufe0f Pou ou ch\u00e8che azil nan Baamas [&hellip;]<\/p>\n","protected":false},"author":1,"featured_media":0,"parent":708,"menu_order":20,"comment_status":"closed","ping_status":"closed","template":"","meta":{"_acf_changed":false,"footnotes":""},"class_list":["post-716","page","type-page","status-publish","hentry"],"acf":[],"_links":{"self":[{"href":"https:\/\/help.unhcr.org\/caribbean\/ht\/wp-json\/wp\/v2\/pages\/716","targetHints":{"allow":["GET"]}}],"collection":[{"href":"https:\/\/help.unhcr.org\/caribbean\/ht\/wp-json\/wp\/v2\/pages"}],"about":[{"href":"https:\/\/help.unhcr.org\/caribbean\/ht\/wp-json\/wp\/v2\/types\/page"}],"author":[{"embeddable":true,"href":"https:\/\/help.unhcr.org\/caribbean\/ht\/wp-json\/wp\/v2\/users\/1"}],"replies":[{"embeddable":true,"href":"https:\/\/help.unhcr.org\/caribbean\/ht\/wp-json\/wp\/v2\/comments?post=716"}],"version-history":[{"count":5,"href":"https:\/\/help.unhcr.org\/caribbean\/ht\/wp-json\/wp\/v2\/pages\/716\/revisions"}],"predecessor-version":[{"id":744,"href":"https:\/\/help.unhcr.org\/caribbean\/ht\/wp-json\/wp\/v2\/pages\/716\/revisions\/744"}],"up":[{"embeddable":true,"href":"https:\/\/help.unhcr.org\/caribbean\/ht\/wp-json\/wp\/v2\/pages\/708"}],"wp:attachment":[{"href":"https:\/\/help.unhcr.org\/caribbean\/ht\/wp-json\/wp\/v2\/media?parent=716"}],"curies":[{"name":"wp","href":"https:\/\/api.w.org\/{rel}","templated":true}]}}