{"id":712,"date":"2023-07-27T08:09:09","date_gmt":"2023-07-27T08:09:09","guid":{"rendered":"https:\/\/help.unhcr.org\/caribbean\/asylum\/unhcr\/"},"modified":"2023-12-26T19:20:30","modified_gmt":"2023-12-26T19:20:30","slug":"unhcr","status":"publish","type":"page","link":"https:\/\/help.unhcr.org\/caribbean\/ht\/asylum\/unhcr\/","title":{"rendered":"Aplike pou azil pa mwayen UNHCR"},"content":{"rendered":"\n<h3 class=\"wp-block-heading\">UNHCR responsab pou trete demand azil sou demand gouv\u00e8nman yo nan:<\/h3>\n\n\n\n<p class=\"has-white-background-color has-background\"><strong><strong>Angiya\u00a0??<\/strong><\/strong> <strong>| <strong>Antigua ak Barbuda\u00a0??<\/strong><\/strong> |<strong> Barbados <strong>??<\/strong><\/strong> |<strong> Bermuda <strong>??<\/strong><\/strong> |<strong> Zile Vy\u00e8j Britanik\u00a0<strong>??<\/strong><\/strong> |<strong> <strong>LaDominik<\/strong> <strong>??<\/strong><\/strong> |<strong> <strong>LaGrenad<\/strong> ??<\/strong> |<strong> <strong>Ayiti<\/strong> ??<\/strong> <strong>| <strong>Saint Kitts ak Nevis<\/strong> ?? | <strong>Sent Lisi<\/strong> ?? | Saint <strong>Sen Vensan ak Grenadin<\/strong><\/strong> <strong>??<\/strong> | <strong><strong>Sen Maten (pati N\u00e8land\u00e8 a)<\/strong> ??<\/strong><\/p>\n\n\n\n<h3 class=\"wp-block-heading has-white-color has-text-color has-background\" style=\"background-color:#0072bc\"><strong>Si ou nan peyi oswa t\u00e8ritwa sa yo epi ou swete f\u00e8 demand azil (estati refijye), suiv etap ki anba yo:\u00a0<\/strong><\/h3>\n\n\n\n<div class=\"wp-block-group has-background\" style=\"background-color:#abb7c230\"><div class=\"wp-block-group__inner-container is-layout-constrained wp-block-group-is-layout-constrained\">\n<p class=\"has-text-color\" style=\"color:#0072bc\"><strong>Etap 1. Kontakte nou pa email nan\u00a0usawacab@unhcr.org\u00a0av\u00e8k:<\/strong><\/p>\n\n\n\n<ul class=\"wp-block-list\">\n<li>Non ou<\/li>\n\n\n\n<li>Nimewo telef\u00f2n ou &nbsp;<\/li>\n\n\n\n<li>Peyi ou ladan kounye a<\/li>\n<\/ul>\n\n\n\n<p class=\"has-text-color\" style=\"color:#0072bc\"><strong>Etap 2. Ent\u00e8vyou<\/strong><\/p>\n\n\n\n<p>Yon ofisye UNHCR ap kontakte ou apre anviwon 14 jou ouvrab epi l ap f\u00e8 yon ent\u00e8vyou tou kout av\u00e8k ou pou li ka ranmase enf\u00f2masyon epi anrejistre yo nan baz done UNHCR la. L\u00e8 pwosesis anrejistreman sa fin konplete, w ap resevwa yon s\u00e8tifika demand\u00e8 dazil.<\/p>\n\n\n\n<p class=\"has-text-color\" style=\"color:#0072bc\"><strong>Etap 3. Desizyon<\/strong><\/p>\n\n\n\n<p>Yon ofisye UNHCR pral rele ou nan anviwon 30 jou ouvrab pou li ka enf\u00f2me ou nan ki dat ent\u00e8vyou det\u00e8minasyon estati refijye w la pral f\u00e8t epi l ap mande w nan ki lang ou ta renmen yo poze w kesyon yo. Ent\u00e8vyou sila a ap f\u00e8t a distans, epi ofisye UNHCR la pral asire li ou gen yon espas ent\u00e8vyou konfidansy\u00e8l, yon telef\u00f2n ent\u00e8lijan oswa yon lapt\u00f2p ki gen yon kamera ki mache, ak yon bon koneksyon ent\u00e8n\u00e8t, oubyen tou \u00e8ske li neses\u00e8 pou nou mete mwayen sa yo a dispozisyon ou atrav\u00e8 enstalasyon patn\u00e8 nou yo posede nan peyi kote ou ap f\u00e8 demand azil la.<\/p>\n<\/div><\/div>\n\n\n\n<p class=\"has-text-align-center has-background has-medium-font-size\" style=\"background-color:#00b3989c\"><strong>\u2b07\ufe0f Kesyon yo poze souvan yo \u2b07\ufe0f<\/strong><\/p>\n","protected":false},"excerpt":{"rendered":"<p>UNHCR responsab pou trete demand azil sou demand gouv\u00e8nman yo nan: Angiya\u00a0?? | Antigua ak Barbuda\u00a0?? | Barbados ?? | Bermuda ?? | Zile Vy\u00e8j Britanik\u00a0?? | LaDominik ?? | LaGrenad ?? | Ayiti ?? | Saint Kitts ak Nevis ?? | Sent Lisi ?? | Saint Sen Vensan ak Grenadin ?? | Sen Maten [&hellip;]<\/p>\n","protected":false},"author":214,"featured_media":0,"parent":708,"menu_order":1,"comment_status":"closed","ping_status":"closed","template":"page-templates\/sectioned.php","meta":{"_acf_changed":false,"footnotes":""},"class_list":["post-712","page","type-page","status-publish","hentry"],"acf":[],"_links":{"self":[{"href":"https:\/\/help.unhcr.org\/caribbean\/ht\/wp-json\/wp\/v2\/pages\/712","targetHints":{"allow":["GET"]}}],"collection":[{"href":"https:\/\/help.unhcr.org\/caribbean\/ht\/wp-json\/wp\/v2\/pages"}],"about":[{"href":"https:\/\/help.unhcr.org\/caribbean\/ht\/wp-json\/wp\/v2\/types\/page"}],"author":[{"embeddable":true,"href":"https:\/\/help.unhcr.org\/caribbean\/ht\/wp-json\/wp\/v2\/users\/214"}],"replies":[{"embeddable":true,"href":"https:\/\/help.unhcr.org\/caribbean\/ht\/wp-json\/wp\/v2\/comments?post=712"}],"version-history":[{"count":4,"href":"https:\/\/help.unhcr.org\/caribbean\/ht\/wp-json\/wp\/v2\/pages\/712\/revisions"}],"predecessor-version":[{"id":749,"href":"https:\/\/help.unhcr.org\/caribbean\/ht\/wp-json\/wp\/v2\/pages\/712\/revisions\/749"}],"up":[{"embeddable":true,"href":"https:\/\/help.unhcr.org\/caribbean\/ht\/wp-json\/wp\/v2\/pages\/708"}],"wp:attachment":[{"href":"https:\/\/help.unhcr.org\/caribbean\/ht\/wp-json\/wp\/v2\/media?parent=712"}],"curies":[{"name":"wp","href":"https:\/\/api.w.org\/{rel}","templated":true}]}}