{"id":694,"date":"2023-12-26T19:16:29","date_gmt":"2023-12-26T19:16:29","guid":{"rendered":"https:\/\/help.unhcr.org\/caribbean\/?page_id=694"},"modified":"2024-01-02T13:46:23","modified_gmt":"2024-01-02T13:46:23","slug":"about","status":"publish","type":"page","link":"https:\/\/help.unhcr.org\/caribbean\/ht\/about\/","title":{"rendered":"Enf\u00f2masyon sou UNHCR nan N\u00f2 ak L\u00e8s Karayib la"},"content":{"rendered":"\n<p>UNHCR, Ajans Nasyonzini pou Refijye, pwoteje moun yo f\u00f2se kouri kite kay yo akoz konfli ak p\u00e8sekisyon. Nou travay ak Gouv\u00e8nman yo epi patn\u00e8 ki nan plis ke 130 peyi, nan pwoteje plizy\u00e8 milyon moun pandan n ap pote repons pa mwayen \u00e8d ki sove lavi, pwoteje dwa fondalnatal moun yo epi ede yo bati yon demen miy\u00f2.<\/p>\n\n\n\n<p>&nbsp;Biwo Milti-Peyi UNHCR la ki nan Washington kouvri 18 peyi nan Karayib la ak teritwa l\u00f2tb\u00f2dlo: &nbsp;<strong>Antigua ak Barbuda, Baamas, Barbados, LaDominik, Repiblik Dominik\u00e8n, LaGrenad, Ayiti, Jamayik, St. Kitts ak Nevis, Sent. Lisi, Sen Vensan ak Grenadin; t\u00e8ritwa Britanik ki l\u00f2tb\u00f2dlo yo ki se Angiya, Bermuda, Zile Vy\u00e8j Britanik yo, Zile Kayiman yo, Monsera ak Turks ak Caicos; epi t\u00e8ritwa n\u00e8land\u00e8 l\u00f2tb\u00f2dlo yo ki nan Way\u00f2m Lawoland lan ki se Sint Maarten<\/strong>.&nbsp;<\/p>\n\n\n\n<p>UNHCR pa gen yon biwo nan chak peyi ak t\u00e8ritwa sa yo. Men pito, biwo ki nan Washington lan kow\u00f2done repons UNHCR, epi travay nan patenarya ak \u00f2ganizasyon lokal ak rejyonal pou sip\u00f2te demand\u00e8 azil ak refijye yo. &nbsp;<\/p>\n\n\n\n<h3 class=\"wp-block-heading has-white-color has-text-color has-background has-link-color wp-elements-0098b1fa96f1baf7e790b0ce79bb8b52\" style=\"background-color:#0072bc\">&nbsp;Nan peyi ak t\u00e8ritwa sa yo, aktivite nou yo enkli:<\/h3>\n\n\n\n<ul style=\"background-color:#abb7c230\" class=\"has-background wp-block-list\">\n<li>Trete demand azil nan s\u00e8ten peyi ak t\u00e8ritwa, pandan ke nan k\u00e8k l\u00f2t peyi gouv\u00e8nman nasyonal yo trete demand azil yo.&nbsp;Gade paj nou an sou K\u00f2man pou w Ch\u00e8che Azil<\/li>\n\n\n\n<li>Atrav\u00e8 patn\u00e8 nou yo, nou founi sip\u00f2 bay demand\u00e8 azil ak refijye yo pa mwayen ledikasyon ak f\u00f2masyon pwofesyon\u00e8l epi tou pa mwayen sante mantal epi sip\u00f2 sikososyal.<\/li>\n\n\n\n<li>Nou travay tou dir\u00e8kteman ak gouv\u00e8nman yo pou devlope sist\u00e8m efikas pou pwoteksyon refijye yo ak solisyon pou moun ki pa moun okenn peyi yo.<\/li>\n<\/ul>\n\n\n\n<p>Nou pa gen kapasite pou ede demand\u00e8 azil ki ap ch\u00e8che kite pw\u00f2p peyi yo, ni bay kay pou rete, oswa sip\u00f2 pou ede yo jwenn rezidans.&nbsp;<\/p>\n\n\n\n<h2 class=\"wp-block-heading has-text-color has-link-color wp-elements-15b008e8d40f16253a03b96844cee8f1\" style=\"color:#0072bc\"><strong>Kijan pou ou kontakte nou?&nbsp;<\/strong><\/h2>\n\n\n\n<p>Si w ap viv nan youn nan peyi ki nan lis anl\u00e8 a epi ou gen bezwen repons sou kesyon ki gen pou w\u00e8 av\u00e8k azil,&nbsp;edikasyon oswa sip\u00f2 sikososyal <strong>ou ka kontakte UNHCR pa email nan<\/strong>: <a href=\"mailto:usawacab@unhcr.org\" target=\"_blank\" rel=\"noreferrer noopener\"><strong>usawacab@unhcr.org<\/strong><\/a><strong>.<\/strong><strong>&nbsp;<\/strong><\/p>\n\n\n\n<p>L\u00e8 w ap voye email ban nou, tanpri toujou mete non w, nimewo telef\u00f2n ou ak non peyi ou ladan nan moman an.<\/p>\n\n\n\n<p><strong>L\u00f2t peyi ak t\u00e8ritwa nan Karayib la yo kouvri pa diferan biwo:<\/strong><\/p>\n\n\n\n<ul class=\"wp-block-list\">\n<li>Si ou nan&nbsp;<strong>Bonaire, Saba ak St. Eustatius<\/strong>&nbsp;??, vizite&nbsp;<a href=\"https:\/\/help.unhcr.org\/netherlands\/\" target=\"_blank\" rel=\"noreferrer noopener\"><strong>Help the Netherlands<\/strong><\/a><strong>&nbsp;<\/strong><\/li>\n\n\n\n<li>Si ou nan&nbsp;<strong>Gwadloup <\/strong><strong>??<\/strong>,&nbsp;<strong>Matinik <\/strong><strong>??<\/strong>,&nbsp;<strong>Sen Maten <\/strong><strong>??<\/strong>&nbsp;ak<strong> Giy\u0101n Frans\u00e8z <\/strong><strong>??<\/strong>, vizite&nbsp;<a href=\"https:\/\/help.unhcr.org\/france\/\" target=\"_blank\" rel=\"noreferrer noopener\"><strong>Help France<\/strong><\/a><strong>&nbsp;<\/strong><\/li>\n\n\n\n<li>Si ou nan <strong>Giyana <\/strong><strong>??<\/strong>&nbsp;oswa&nbsp;<strong>Sirinam <\/strong><strong>??<\/strong>, vizite&nbsp;<a href=\"https:\/\/help.unhcr.org\/panama\/\" target=\"_blank\" rel=\"noreferrer noopener\"><strong>Help Panama<\/strong><\/a><strong>&nbsp;<\/strong><\/li>\n\n\n\n<li>Oswa vizite&nbsp;<a href=\"https:\/\/help.unhcr.org\/aruba\/\" target=\"_blank\" rel=\"noreferrer noopener\"><strong>Help Aruba<\/strong><\/a><strong>&nbsp;|&nbsp;<\/strong><a href=\"https:\/\/help.unhcr.org\/belize\/\" target=\"_blank\" rel=\"noreferrer noopener\"><strong>Help Belize<\/strong><\/a><strong>&nbsp;|&nbsp;<\/strong><a href=\"https:\/\/help.unhcr.org\/curacao\/\" target=\"_blank\" rel=\"noreferrer noopener\"><strong>Help Curacao<\/strong><\/a><strong>&nbsp;|&nbsp;<\/strong><a href=\"https:\/\/help.unhcr.org\/cuba\/\" target=\"_blank\" rel=\"noreferrer noopener\"><strong>Help Cuba<\/strong><\/a><strong>&nbsp;|&nbsp;<\/strong><a href=\"https:\/\/help.unhcr.org\/dominicanrepublic\/\" target=\"_blank\" rel=\"noreferrer noopener\"><strong>Help Dominican Republic<\/strong><\/a><strong>&nbsp;|&nbsp;<\/strong><a href=\"https:\/\/help.unhcr.org\/trinidadandtobago\/\" target=\"_blank\" rel=\"noreferrer noopener\"><strong>Help Trinidad and Tobago<\/strong><\/a><strong>&nbsp;<\/strong><\/li>\n<\/ul>\n\n\n\n<p>Silvoupl\u00e8 vizite prensipal paj Sip\u00f2 a <a href=\"https:\/\/help.unhcr.org\/\" target=\"_blank\" rel=\"noreferrer noopener\">Help site<\/a>&nbsp;pou enf\u00f2masyon ki disponib pou refijye, demand\u00e8 azil ak moun ki pa moun okenn peyi yo nan l\u00f2t kote.<\/p>\n","protected":false},"excerpt":{"rendered":"<p>UNHCR, Ajans Nasyonzini pou Refijye, pwoteje moun yo f\u00f2se kouri kite kay yo akoz konfli ak p\u00e8sekisyon. Nou travay ak Gouv\u00e8nman yo epi patn\u00e8 ki nan plis ke 130 peyi, nan pwoteje plizy\u00e8 milyon moun pandan n ap pote repons pa mwayen \u00e8d ki sove lavi, pwoteje dwa fondalnatal moun yo epi ede yo bati [&hellip;]<\/p>\n","protected":false},"author":389,"featured_media":0,"parent":0,"menu_order":0,"comment_status":"closed","ping_status":"closed","template":"","meta":{"_acf_changed":false,"footnotes":""},"class_list":["post-694","page","type-page","status-publish","hentry"],"acf":[],"_links":{"self":[{"href":"https:\/\/help.unhcr.org\/caribbean\/ht\/wp-json\/wp\/v2\/pages\/694","targetHints":{"allow":["GET"]}}],"collection":[{"href":"https:\/\/help.unhcr.org\/caribbean\/ht\/wp-json\/wp\/v2\/pages"}],"about":[{"href":"https:\/\/help.unhcr.org\/caribbean\/ht\/wp-json\/wp\/v2\/types\/page"}],"author":[{"embeddable":true,"href":"https:\/\/help.unhcr.org\/caribbean\/ht\/wp-json\/wp\/v2\/users\/389"}],"replies":[{"embeddable":true,"href":"https:\/\/help.unhcr.org\/caribbean\/ht\/wp-json\/wp\/v2\/comments?post=694"}],"version-history":[{"count":14,"href":"https:\/\/help.unhcr.org\/caribbean\/ht\/wp-json\/wp\/v2\/pages\/694\/revisions"}],"predecessor-version":[{"id":765,"href":"https:\/\/help.unhcr.org\/caribbean\/ht\/wp-json\/wp\/v2\/pages\/694\/revisions\/765"}],"wp:attachment":[{"href":"https:\/\/help.unhcr.org\/caribbean\/ht\/wp-json\/wp\/v2\/media?parent=694"}],"curies":[{"name":"wp","href":"https:\/\/api.w.org\/{rel}","templated":true}]}}