{"id":484,"date":"2021-09-21T13:20:24","date_gmt":"2021-09-21T13:20:24","guid":{"rendered":"https:\/\/help.unhcr.org\/caribbean\/complaints\/"},"modified":"2024-07-17T19:53:31","modified_gmt":"2024-07-17T19:53:31","slug":"complaints","status":"publish","type":"page","link":"https:\/\/help.unhcr.org\/caribbean\/es\/complaints\/","title":{"rendered":"Denuncia de conducta inapropiada, fraude, explotaci\u00f3n y abuso sexual"},"content":{"rendered":"\n<p class=\"has-text-align-left has-background\" style=\"background-color:#fdf799\"><strong>Recuerde: Todos los servicios y actividades de ACNUR siempre son gratuitas.<br><\/strong>En ning\u00fan momento se le solicitar\u00e1 pagar por ninguno de nuestros servicios o de alguno de nuestros socios. Por favor sea cauteloso ante el comportamiento fraudulento y no crea en nadie que le diga que puede ayudarlo con el registro, reasentamiento, etc, si usted le paga.<\/p>\n\n\n\n<p>El ACNUR adopta un enfoque de\u00a0<strong><a href=\"https:\/\/help.unhcr.org\/trinidadandtobago\/wp-content\/uploads\/sites\/28\/2022\/03\/Zero-Tolerance_SPA-1.pdf\" target=\"_blank\" rel=\"noreferrer noopener\">CERO TOLERANCIA<\/a><\/strong>\u00a0en cuestiones de fraude, explotaci\u00f3n sexual y abuso. Lea a continuaci\u00f3n para m\u00e1s informaci\u00f3n, incluye la notificaci\u00f3n confidencial de incidentes.<\/p>\n\n\n\n<p><strong>Importante:<\/strong><\/p>\n\n\n\n<ul class=\"wp-block-list\">\n<li>Tenga en cuenta que llenar una queja no tendr\u00e1 ninguna consecuencia en su caso con ACNUR.<\/li>\n\n\n\n<li>Las quejas podr\u00e1n ser an\u00f3nimas.<\/li>\n\n\n\n<li>En su queja, por favor mencione todos los hechos y la evidencia que conozca.<\/li>\n\n\n\n<li>Su reporte y todas las comunicaciones con ACNUR ser\u00e1n confidenciales.<\/li>\n<\/ul>\n","protected":false},"excerpt":{"rendered":"<p>Recuerde: Todos los servicios y actividades de ACNUR siempre son gratuitas.En ning\u00fan momento se le solicitar\u00e1 pagar por ninguno de nuestros servicios o de alguno de nuestros socios. Por favor sea cauteloso ante el comportamiento fraudulento y no crea en nadie que le diga que puede ayudarlo con el registro, reasentamiento, etc, si usted le [&hellip;]<\/p>\n","protected":false},"author":1,"featured_media":0,"parent":0,"menu_order":0,"comment_status":"closed","ping_status":"closed","template":"faq_page.php","meta":{"_acf_changed":false,"footnotes":""},"class_list":["post-484","page","type-page","status-publish","hentry"],"acf":[],"_links":{"self":[{"href":"https:\/\/help.unhcr.org\/caribbean\/es\/wp-json\/wp\/v2\/pages\/484","targetHints":{"allow":["GET"]}}],"collection":[{"href":"https:\/\/help.unhcr.org\/caribbean\/es\/wp-json\/wp\/v2\/pages"}],"about":[{"href":"https:\/\/help.unhcr.org\/caribbean\/es\/wp-json\/wp\/v2\/types\/page"}],"author":[{"embeddable":true,"href":"https:\/\/help.unhcr.org\/caribbean\/es\/wp-json\/wp\/v2\/users\/1"}],"replies":[{"embeddable":true,"href":"https:\/\/help.unhcr.org\/caribbean\/es\/wp-json\/wp\/v2\/comments?post=484"}],"version-history":[{"count":13,"href":"https:\/\/help.unhcr.org\/caribbean\/es\/wp-json\/wp\/v2\/pages\/484\/revisions"}],"predecessor-version":[{"id":819,"href":"https:\/\/help.unhcr.org\/caribbean\/es\/wp-json\/wp\/v2\/pages\/484\/revisions\/819"}],"wp:attachment":[{"href":"https:\/\/help.unhcr.org\/caribbean\/es\/wp-json\/wp\/v2\/media?parent=484"}],"curies":[{"name":"wp","href":"https:\/\/api.w.org\/{rel}","templated":true}]}}