{"id":483,"date":"2021-09-21T13:19:32","date_gmt":"2021-09-21T13:19:32","guid":{"rendered":"https:\/\/help.unhcr.org\/caribbean\/rights\/"},"modified":"2023-08-25T08:02:43","modified_gmt":"2023-08-25T08:02:43","slug":"rights","status":"publish","type":"page","link":"https:\/\/help.unhcr.org\/caribbean\/es\/rights\/","title":{"rendered":"Derechos y Obligaciones"},"content":{"rendered":"\n<h3 class=\"wp-block-heading has-white-color has-text-color has-background\" style=\"background-color:#0072bc\"><strong><strong>\u00bfCu\u00e1les son algunos de los derechos que tienen las personas solicitantes de asilo y refugiadas?<\/strong>&nbsp;<\/strong><\/h3>\n\n\n\n<ul class=\"wp-block-list\">\n<li>Acceso al territorio del pa\u00eds de asilo&nbsp;<\/li>\n\n\n\n<li>Protecci\u00f3n frente al retorno forzado a su pa\u00eds de origen&nbsp;<\/li>\n\n\n\n<li>Acceso para presentar una solicitud de asilo&nbsp;<\/li>\n\n\n\n<li>Un documento de identificaci\u00f3n de persona solicitante de asilo\/refugiada&nbsp;<\/li>\n\n\n\n<li>Ser entrevistadas en una lengua que conozcan&nbsp;<\/li>\n\n\n\n<li>Confidencialidad y protecci\u00f3n de datos&nbsp;<\/li>\n\n\n\n<li>No discriminaci\u00f3n&nbsp;<\/li>\n\n\n\n<li>Un procedimiento de asilo gratuito&nbsp;<\/li>\n<\/ul>\n\n\n\n<h3 class=\"wp-block-heading has-white-color has-text-color has-background\" style=\"background-color:#0072bc\"><strong><strong>\u00bfCu\u00e1les son algunas de las responsabilidades que tienen de las personas solicitantes de asilo y refugiadas?<\/strong>&nbsp;<\/strong><\/h3>\n\n\n\n<ul class=\"wp-block-list\">\n<li>Respetar en todo momento la legislaci\u00f3n nacional&nbsp;<\/li>\n\n\n\n<li>Respetar la cultura y las costumbres locales&nbsp;&nbsp;<\/li>\n\n\n\n<li>Presentar declaraciones exactas y veraces&nbsp;<\/li>\n\n\n\n<li>Aportar pruebas documentales cuando sea posible&nbsp;<\/li>\n\n\n\n<li>Informar a ACNUR\/gobierno de cualquier cambio en su solicitud, situaci\u00f3n familiar, etc.&nbsp;<\/li>\n\n\n\n<li>Informar a ACNUR\/gobierno de cualquier cambio en su informaci\u00f3n de contacto&nbsp;<\/li>\n\n\n\n<li>Si se encuentra en otro pa\u00eds del Caribe, puede encontrar m\u00e1s informaci\u00f3n sobre c\u00f3mo solicitar asilo all\u00ed en nuestras <a rel=\"noreferrer noopener\" href=\"https:\/\/help.unhcr.org\/es\/\" target=\"_blank\">p\u00e1ginas de Ayuda<\/a> navegando hasta el pa\u00eds que le interese.&nbsp;<\/li>\n<\/ul>\n\n\n\n<p class=\"has-text-align-center has-black-color has-text-color has-background\" style=\"background-color:#faeb00\"><strong>Derechos y responsabilidades adicionales pueden aplicar en pa\u00edses y territorios individuales en funci\u00f3n de sus leyes nacionales y sistemas de asilo y refugio. <\/strong><\/p>\n\n\n\n<h3 class=\"wp-block-heading has-black-color has-text-color\"><strong>Adem\u00e1s, consulte estos recursos espec\u00edficos por pa\u00eds:&nbsp;<\/strong><\/h3>\n\n\n\n<ul class=\"wp-block-list\">\n<li><strong>Las Bahamas<\/strong>: <a rel=\"noreferrer noopener\" href=\"https:\/\/www.immigration.gov.bs\/refugees-and-asylum-seekers\/refugee-and-asylum-seekers-information\/\" target=\"_blank\">Informaci\u00f3n para Refugiados y Solicitantes de Asilo<\/a>&nbsp;<\/li>\n\n\n\n<li><strong>Jamaica<\/strong>: <a rel=\"noreferrer noopener\" href=\"https:\/\/www.refworld.org\/pdfid\/500000def.pdf\" target=\"_blank\">Pol\u00edtica de Refugiados de 2009<\/a>&nbsp;<\/li>\n\n\n\n<li><strong>Montserrat<\/strong>: <a rel=\"noreferrer noopener\" href=\"https:\/\/www.gov.ms\/wp-content\/uploads\/2020\/06\/Immigration-Act.pdf\" target=\"_blank\">Ley de Inmigraci\u00f3n y Legislaci\u00f3n Complementaria (Revisi\u00f3n de 2019)<\/a>&nbsp;<\/li>\n\n\n\n<li><strong>Islas Turcas y Caicos:<\/strong> <a rel=\"noreferrer noopener\" href=\"https:\/\/www.refworld.org\/pdfid\/63f490704.pdf\" target=\"_blank\">Ordenanza de Inmigraci\u00f3n<\/a>&nbsp;<\/li>\n<\/ul>\n","protected":false},"excerpt":{"rendered":"<p>\u00bfCu\u00e1les son algunos de los derechos que tienen las personas solicitantes de asilo y refugiadas?&nbsp; \u00bfCu\u00e1les son algunas de las responsabilidades que tienen de las personas solicitantes de asilo y refugiadas?&nbsp; Derechos y responsabilidades adicionales pueden aplicar en pa\u00edses y territorios individuales en funci\u00f3n de sus leyes nacionales y sistemas de asilo y refugio. Adem\u00e1s, [&hellip;]<\/p>\n","protected":false},"author":1,"featured_media":0,"parent":0,"menu_order":0,"comment_status":"closed","ping_status":"closed","template":"","meta":{"_acf_changed":false,"footnotes":""},"class_list":["post-483","page","type-page","status-publish","hentry"],"acf":[],"_links":{"self":[{"href":"https:\/\/help.unhcr.org\/caribbean\/es\/wp-json\/wp\/v2\/pages\/483","targetHints":{"allow":["GET"]}}],"collection":[{"href":"https:\/\/help.unhcr.org\/caribbean\/es\/wp-json\/wp\/v2\/pages"}],"about":[{"href":"https:\/\/help.unhcr.org\/caribbean\/es\/wp-json\/wp\/v2\/types\/page"}],"author":[{"embeddable":true,"href":"https:\/\/help.unhcr.org\/caribbean\/es\/wp-json\/wp\/v2\/users\/1"}],"replies":[{"embeddable":true,"href":"https:\/\/help.unhcr.org\/caribbean\/es\/wp-json\/wp\/v2\/comments?post=483"}],"version-history":[{"count":10,"href":"https:\/\/help.unhcr.org\/caribbean\/es\/wp-json\/wp\/v2\/pages\/483\/revisions"}],"predecessor-version":[{"id":661,"href":"https:\/\/help.unhcr.org\/caribbean\/es\/wp-json\/wp\/v2\/pages\/483\/revisions\/661"}],"wp:attachment":[{"href":"https:\/\/help.unhcr.org\/caribbean\/es\/wp-json\/wp\/v2\/media?parent=483"}],"curies":[{"name":"wp","href":"https:\/\/api.w.org\/{rel}","templated":true}]}}