{"id":482,"date":"2021-09-21T13:21:12","date_gmt":"2021-09-21T13:21:12","guid":{"rendered":"https:\/\/help.unhcr.org\/caribbean\/asylum\/local-government\/"},"modified":"2023-12-26T19:27:34","modified_gmt":"2023-12-26T19:27:34","slug":"local-government","status":"publish","type":"page","link":"https:\/\/help.unhcr.org\/caribbean\/es\/asylum\/local-government\/","title":{"rendered":"Solicitar asilo ante el gobierno"},"content":{"rendered":"\n<h3 class=\"wp-block-heading\">El gobierno de cada pa\u00eds es responsable de recibir y procesar las solicitudes de asilo en:<\/h3>\n\n\n\n<p class=\"has-text-align-center has-white-background-color has-background\"><strong>Bahamas ??<\/strong> |<strong> Islas Caim\u00e1n ?? | Islas Turcas y Caicos<\/strong> <strong>??<\/strong> <strong>| Jamaica ??<\/strong> | <strong>Montserrat ??<\/strong> <strong>| Rep\u00fablica&nbsp;Dominicana ??<\/strong>&nbsp;<\/p>\n\n\n\n<p class=\"has-background\" style=\"background-color:#abb7c230\"><strong>El ACNUR no participa en el proceso de toma de decisiones, pero es posible que podamos ayudarlo a comprender los procedimientos.&nbsp;<\/strong><\/p>\n\n\n\n<p>\u27a1\ufe0f <strong>Para solicitar asilo en las<\/strong> <strong>Bahamas <strong><strong>??<\/strong><\/strong><\/strong>, dir\u00edjase a las autoridades gubernamentales de inmigraci\u00f3n o a la autoridad competente en materia de asilo para registrar su solicitud. El gobierno se comunicar\u00e1 directamente con usted sobre los procedimientos y determinar\u00e1 si usted es o no una persona refugiada. <a rel=\"noreferrer noopener\" href=\"https:\/\/www.immigration.gov.bs\/refugees-and-asylum-seekers\/refugee-and-asylum-seekers-information\/\" target=\"_blank\">government immigration authorities<\/a> <\/p>\n\n\n\n<ul class=\"wp-block-list\">\n<li>Si necesita m\u00e1s informaci\u00f3n o asistencia en el proceso, puede enviar un correo electr\u00f3nico a ACNUR a <a rel=\"noreferrer noopener\" href=\"mailto:usawacab@unhcr.org\" target=\"_blank\">usawacab@unhcr.org<\/a> con su nombre, su n\u00famero de tel\u00e9fono y el pa\u00eds en el que se encuentra actualmente.&nbsp;&nbsp;<\/li>\n<\/ul>\n\n\n\n<p>\u27a1\ufe0f Si solicita asilo en las <strong>Islas Caim\u00e1n<\/strong> <strong><strong><strong>??<\/strong><\/strong><\/strong>, <strong>Jamaica<\/strong> <strong><strong><strong>??<\/strong><\/strong><\/strong>, <strong>Montserrat<\/strong> <strong><strong><strong>??<\/strong><\/strong><\/strong> o las <strong>Islas Turcas y Caicos ??<\/strong>, env\u00ede un correo electr\u00f3nico a <a rel=\"noreferrer noopener\" href=\"mailto:usawacab@unhcr.org\" target=\"_blank\">usawacab@unhcr.org<\/a> con su nombre, n\u00famero de tel\u00e9fono y el pa\u00eds en el que se encuentra actualmente.<\/p>\n\n\n\n<ul class=\"wp-block-list\">\n<li>Un funcionario de ACNUR le proporcionar\u00e1 informaci\u00f3n b\u00e1sica sobre c\u00f3mo solicitar asilo a trav\u00e9s del procedimiento gubernamental. Tambi\u00e9n podremos facilitarle informaci\u00f3n sobre organizaciones locales que podr\u00edan ayudarle en su pa\u00eds de asilo.&nbsp;<\/li>\n<\/ul>\n\n\n\n<p>\u27a1\ufe0f <strong>Para buscar asilo en la Rep\u00fablica Dominicana<\/strong> <strong><strong>??<\/strong><\/strong> y<strong> <\/strong>obtener informaci\u00f3n, visite <strong><a rel=\"noreferrer noopener\" href=\"https:\/\/help.unhcr.org\/dominicanrepublic\/en\/applying-for-refugee-status\/how-to-request-asylum-in-the-dominican-republic\/\" target=\"_blank\">Help Dominican Republic<\/a>.<\/strong>&nbsp;<\/p>\n\n\n\n<p>\u27a1\ufe0f <strong>Si se encuentra en otro pa\u00eds del Caribe, puede encontrar m\u00e1s informaci\u00f3n sobre c\u00f3mo solicitar asilo en nuestras <a rel=\"noreferrer noopener\" href=\"https:\/\/help.unhcr.org\/es\/\" target=\"_blank\">p\u00e1ginas de Ayuda<\/a> navegando hasta el pa\u00eds que le interese.&nbsp;<\/strong><\/p>\n\n\n\n<p>&nbsp;<\/p>\n","protected":false},"excerpt":{"rendered":"<p>El gobierno de cada pa\u00eds es responsable de recibir y procesar las solicitudes de asilo en: Bahamas ?? | Islas Caim\u00e1n ?? | Islas Turcas y Caicos ?? | Jamaica ?? | Montserrat ?? | Rep\u00fablica&nbsp;Dominicana ??&nbsp; El ACNUR no participa en el proceso de toma de decisiones, pero es posible que podamos ayudarlo a [&hellip;]<\/p>\n","protected":false},"author":1,"featured_media":0,"parent":480,"menu_order":20,"comment_status":"closed","ping_status":"closed","template":"","meta":{"_acf_changed":false,"footnotes":""},"class_list":["post-482","page","type-page","status-publish","hentry"],"acf":[],"_links":{"self":[{"href":"https:\/\/help.unhcr.org\/caribbean\/es\/wp-json\/wp\/v2\/pages\/482","targetHints":{"allow":["GET"]}}],"collection":[{"href":"https:\/\/help.unhcr.org\/caribbean\/es\/wp-json\/wp\/v2\/pages"}],"about":[{"href":"https:\/\/help.unhcr.org\/caribbean\/es\/wp-json\/wp\/v2\/types\/page"}],"author":[{"embeddable":true,"href":"https:\/\/help.unhcr.org\/caribbean\/es\/wp-json\/wp\/v2\/users\/1"}],"replies":[{"embeddable":true,"href":"https:\/\/help.unhcr.org\/caribbean\/es\/wp-json\/wp\/v2\/comments?post=482"}],"version-history":[{"count":15,"href":"https:\/\/help.unhcr.org\/caribbean\/es\/wp-json\/wp\/v2\/pages\/482\/revisions"}],"predecessor-version":[{"id":764,"href":"https:\/\/help.unhcr.org\/caribbean\/es\/wp-json\/wp\/v2\/pages\/482\/revisions\/764"}],"up":[{"embeddable":true,"href":"https:\/\/help.unhcr.org\/caribbean\/es\/wp-json\/wp\/v2\/pages\/480"}],"wp:attachment":[{"href":"https:\/\/help.unhcr.org\/caribbean\/es\/wp-json\/wp\/v2\/media?parent=482"}],"curies":[{"name":"wp","href":"https:\/\/api.w.org\/{rel}","templated":true}]}}