{"id":481,"date":"2023-07-27T08:09:09","date_gmt":"2023-07-27T08:09:09","guid":{"rendered":"https:\/\/help.unhcr.org\/caribbean\/asylum\/unhcr\/"},"modified":"2023-08-25T08:09:53","modified_gmt":"2023-08-25T08:09:53","slug":"unhcr","status":"publish","type":"page","link":"https:\/\/help.unhcr.org\/caribbean\/es\/asylum\/unhcr\/","title":{"rendered":"Solicitar asilo a trav\u00e9s de ACNUR"},"content":{"rendered":"\n<h3 class=\"wp-block-heading\">El ACNUR es responsable de procesar las solicitudes de asilo a petici\u00f3n de los gobiernos&nbsp;en:<\/h3>\n\n\n\n<p><\/p>\n\n\n\n<p><strong>Anguilla ?? | Antigua y Barbuda ?? | Barbados ?? | Bermudas ?? | Dominica ?? | Granada ?? | <strong>Hait\u00ed<\/strong> ?? | <strong><strong>Islas V\u00edrgenes Brit\u00e1nicas<\/strong> ?? |<\/strong><\/strong> <strong><strong>San Crist\u00f3bal y Nieves<\/strong> ?? | Santa <strong><strong>Luc\u00eda<\/strong><\/strong> ?? | San Vincente y las Granadinas ?? | <strong>San Mart\u00edn (parte neerlandesa)&nbsp;<\/strong> ??<\/strong><\/p>\n\n\n\n<h3 class=\"wp-block-heading has-white-color has-text-color has-background\" style=\"background-color:#0072bc\">Si usted se encuentra en estos pa\u00edses o territorio y desea solicitar asilo (estatus de refugiado), siga los pasos a continuaci\u00f3n:&nbsp;<\/h3>\n\n\n\n<div class=\"wp-block-group has-background\" style=\"background-color:#abb7c230\"><div class=\"wp-block-group__inner-container is-layout-constrained wp-block-group-is-layout-constrained\">\n<p class=\"has-text-color\" style=\"color:#0072bc\"><strong>Paso 1. Env\u00ede un correo electr\u00f3nico a <a rel=\"noreferrer noopener\" href=\"mailto:usawacab@unhcr.org\" target=\"_blank\">usawacab@unhcr.org<\/a> con:<\/strong><\/p>\n\n\n\n<ul class=\"wp-block-list\">\n<li>Su nombre<\/li>\n\n\n\n<li>Su n\u00famero de tel\u00e9fono<\/li>\n\n\n\n<li>El pa\u00eds en el que se encuentra actualmente&nbsp;<\/li>\n<\/ul>\n\n\n\n<p class=\"has-text-color\" style=\"color:#0072bc\"><strong>Paso 2. Entrevista<\/strong><\/p>\n\n\n\n<p>Un funcionario de ACNUR se pondr\u00e1 en contacto con usted en alrededor de 14 d\u00edas h\u00e1biles y le har\u00e1 una breve entrevista para recopilar su informaci\u00f3n y registrarlo en la base de datos del ACNUR. Al completar con \u00e9xito este proceso de registro, se le emitir\u00e1 un certificado de solicitante de asilo.&nbsp;&nbsp;<\/p>\n\n\n\n<p class=\"has-text-color\" style=\"color:#0072bc\"><strong>Paso 3. Decision<\/strong><\/p>\n\n\n\n<p>Un funcionario de ACNUR le llamar\u00e1 dentro de 30 d\u00edas h\u00e1biles para notificarle sobre la fecha de su entrevista de determinaci\u00f3n del estatus de refugiado y recopilar informaci\u00f3n sobre su idioma preferido para la entrevista. <\/p>\n\n\n\n<p>La entrevista ser\u00e1 conducida de forma remota, y el oficial de ACNUR averiguar\u00e1 si tiene un espacio confidencial para la entrevista, un tel\u00e9fono inteligente o una computadora port\u00e1til con una c\u00e1mara frontal en funcionamiento y una conexi\u00f3n a Internet estable o si estos equipamientos deben proporcionarse a trav\u00e9s de socios en el pa\u00eds de asilo.&nbsp;<\/p>\n<\/div><\/div>\n\n\n\n<p class=\"has-text-align-center has-background has-medium-font-size\" style=\"background-color:#00b3989c\"><strong>\u2b07\ufe0fPreguntas Frecuentes\u2b07\ufe0f<\/strong><\/p>\n","protected":false},"excerpt":{"rendered":"<p>El ACNUR es responsable de procesar las solicitudes de asilo a petici\u00f3n de los gobiernos&nbsp;en: Anguilla ?? | Antigua y Barbuda ?? | Barbados ?? | Bermudas ?? | Dominica ?? | Granada ?? | Hait\u00ed ?? | Islas V\u00edrgenes Brit\u00e1nicas ?? | San Crist\u00f3bal y Nieves ?? | Santa Luc\u00eda ?? | San Vincente [&hellip;]<\/p>\n","protected":false},"author":214,"featured_media":0,"parent":480,"menu_order":1,"comment_status":"closed","ping_status":"closed","template":"page-templates\/sectioned.php","meta":{"_acf_changed":false,"footnotes":""},"class_list":["post-481","page","type-page","status-publish","hentry"],"acf":[],"_links":{"self":[{"href":"https:\/\/help.unhcr.org\/caribbean\/es\/wp-json\/wp\/v2\/pages\/481","targetHints":{"allow":["GET"]}}],"collection":[{"href":"https:\/\/help.unhcr.org\/caribbean\/es\/wp-json\/wp\/v2\/pages"}],"about":[{"href":"https:\/\/help.unhcr.org\/caribbean\/es\/wp-json\/wp\/v2\/types\/page"}],"author":[{"embeddable":true,"href":"https:\/\/help.unhcr.org\/caribbean\/es\/wp-json\/wp\/v2\/users\/214"}],"replies":[{"embeddable":true,"href":"https:\/\/help.unhcr.org\/caribbean\/es\/wp-json\/wp\/v2\/comments?post=481"}],"version-history":[{"count":11,"href":"https:\/\/help.unhcr.org\/caribbean\/es\/wp-json\/wp\/v2\/pages\/481\/revisions"}],"predecessor-version":[{"id":666,"href":"https:\/\/help.unhcr.org\/caribbean\/es\/wp-json\/wp\/v2\/pages\/481\/revisions\/666"}],"up":[{"embeddable":true,"href":"https:\/\/help.unhcr.org\/caribbean\/es\/wp-json\/wp\/v2\/pages\/480"}],"wp:attachment":[{"href":"https:\/\/help.unhcr.org\/caribbean\/es\/wp-json\/wp\/v2\/media?parent=481"}],"curies":[{"name":"wp","href":"https:\/\/api.w.org\/{rel}","templated":true}]}}