{"id":477,"date":"2021-09-21T10:49:43","date_gmt":"2021-09-21T10:49:43","guid":{"rendered":"https:\/\/help.unhcr.org\/caribbean\/about\/"},"modified":"2023-09-05T19:37:07","modified_gmt":"2023-09-05T19:37:07","slug":"about","status":"publish","type":"page","link":"https:\/\/help.unhcr.org\/caribbean\/es\/about\/","title":{"rendered":"Acerca de ACNUR en Caribe del Norte y Oriental"},"content":{"rendered":"\n<p>ACNUR, la Agencia de la ONU para los Refugiados, protege a las personas forzadas a huir de sus hogares a causa de los conflictos y la persecuci\u00f3n. Trabajamos con gobiernos y socios en m\u00e1s de 130 pa\u00edses, protegiendo a millones de personas con apoyo vital, salvaguardando los derechos humanos fundamentales y ayud\u00e1ndoles a construir un futuro mejor.&nbsp;<\/p>\n\n\n\n<p>La Oficina Multipa\u00eds de ACNUR en Washington cubre 18 Estados del Caribe y territorios de ultramar: <strong>Antigua y Barbuda, Bahamas, Barbados, Dominica, Granada, Hait\u00ed, Jamaica, Rep\u00fablica Dominicana, San Crist\u00f3bal y Nieves, Santa Luc\u00eda, San Vicente y las Granadinas; los territorios brit\u00e1nicos de ultramar de Anguila, Bermudas, Islas V\u00edrgenes Brit\u00e1nicas, Islas Caim\u00e1n, Montserrat e Islas Turcas y Caicos; y el territorio neerland\u00e9s de ultramar del Reino de los Pa\u00edses Bajos Sint Maarten.&nbsp;<\/strong><\/p>\n\n\n\n<p>ACNUR no tiene una oficina en todos estos pa\u00edses y territorios. En cambio, la oficina en Washington coordina la respuesta de ACNUR, trabajando en colaboraci\u00f3n con organizaciones locales y regionales que proveen apoyo a solicitantes de asilo y refugiados.&nbsp;&nbsp;&nbsp;<\/p>\n\n\n\n<h3 class=\"wp-block-heading has-white-color has-text-color has-background\" style=\"background-color:#0072bc\">En estos pa\u00edses y territorios, nuestras actividades incluyen:&nbsp;<\/h3>\n\n\n\n<ul class=\"has-background wp-block-list\" style=\"background-color:#abb7c230\">\n<li>Procesar solicitaciones de asilo en ciertos pa\u00edses y territorios, mientras que en otros pa\u00edses los gobiernos nacionales procesan las solicitudes de asilo. Consulte primero nuestra p\u00e1gina sobre <a href=\"https:\/\/help.unhcr.org\/caribbean\/es\/asylum\/\">c\u00f3mo solicitar asilo<\/a>.&nbsp;<\/li>\n\n\n\n<li>A trav\u00e9s de nuestros socios, apoyamos a solicitantes de asilo y refugiados con entrenamiento educacional y vocacional, as\u00ed como apoyo de salud mental y psicosocial.&nbsp;<\/li>\n\n\n\n<li>Tambi\u00e9n trabajamos directamente con gobiernos para desarrollar sistemas de protecci\u00f3n efectivos para refugiados y soluciones para personas ap\u00e1tridas.&nbsp;&nbsp;<\/li>\n<\/ul>\n\n\n\n<p>Somos incapaces de asistir a que solicitantes de asilo abandonen su pa\u00eds de origen, de proveer vivienda, y de apoyar para obtener la residencia.&nbsp;&nbsp;<\/p>\n\n\n\n<h2 class=\"wp-block-heading has-text-color\" style=\"color:#0072bc\">\u00bfComo contactarnos?&nbsp;<\/h2>\n\n\n\n<p>Si se encuentra en uno de los pa\u00edses nombrados anteriormente y necesita respuestas a preguntas relacionadas con el asilo, entrenamiento educacional o apoyo de salud mental, <strong>usted puede comunicarse con ACNUR por correo electr\u00f3nico: <a rel=\"noreferrer noopener\" href=\"mailto:usawacab@unhcr.org\" target=\"_blank\">usawacab@unhcr.org<\/a>&nbsp;&nbsp;<\/strong><\/p>\n\n\n\n<p>Cuando nos env\u00ede un correo electr\u00f3nico, por favor siempre aseg\u00farese de incluir su nombre, n\u00famero de tel\u00e9fono, y el nombre del pa\u00eds en el que se encuentra actualmente.&nbsp;&nbsp;<\/p>\n\n\n\n<p>Otros pa\u00edses y territorios en el Caribe est\u00e1n cubiertos por diferentes oficinas:&nbsp;<\/p>\n\n\n\n<ul class=\"wp-block-list\">\n<li>Si se encuentra en <strong>Bonaire, Saba y San Eustaquio ??, <\/strong>visite el<strong> <a rel=\"noreferrer noopener\" href=\"https:\/\/help.unhcr.org\/netherlands\/\" target=\"_blank\">sitio web de ayuda de los Pa\u00edses Bajos.<\/a>&nbsp;<\/strong><\/li>\n\n\n\n<li>Si se encuentra en <strong>Guadalupe ??, Martinica ??, San Mart\u00edn ?? y Guayana Francesa ??<\/strong>, visite <strong><a rel=\"noreferrer noopener\" href=\"https:\/\/help.unhcr.org\/france\/\" target=\"_blank\">el sitio web de ayuda de Francia.<\/a>&nbsp;<\/strong><\/li>\n\n\n\n<li>Si se encuentra en <strong>Guyana<\/strong> <strong>??<\/strong> o <strong>Surinam<\/strong> <strong>??<\/strong>, visite el <strong><a rel=\"noreferrer noopener\" href=\"https:\/\/help.unhcr.org\/panama\/\" target=\"_blank\">sitio web de ayuda de Panama<\/a> .&nbsp;<\/strong><\/li>\n\n\n\n<li>O visite el de <strong><a rel=\"noreferrer noopener\" href=\"https:\/\/help.unhcr.org\/aruba\/\" target=\"_blank\">Help Aruba<\/a> |&nbsp;<a rel=\"noreferrer noopener\" href=\"https:\/\/help.unhcr.org\/belize\/\" target=\"_blank\">Help Belize<\/a> |&nbsp;<a rel=\"noreferrer noopener\" href=\"https:\/\/help.unhcr.org\/curacao\/\" target=\"_blank\">Help Curacao<\/a> |&nbsp;<a rel=\"noreferrer noopener\" href=\"https:\/\/help.unhcr.org\/cuba\/\" target=\"_blank\">Help Cuba<\/a> |&nbsp;<a rel=\"noreferrer noopener\" href=\"https:\/\/help.unhcr.org\/dominicanrepublic\/\" target=\"_blank\">Help Republica Dominicana<\/a>&nbsp;|&nbsp;<a rel=\"noreferrer noopener\" href=\"https:\/\/help.unhcr.org\/trinidadandtobago\/\" target=\"_blank\">Help Trinidad y Tobago<\/a><\/strong><\/li>\n<\/ul>\n\n\n\n<p>Visite el <a rel=\"noreferrer noopener\" href=\"https:\/\/help.unhcr.org\/es\/\" target=\"_blank\">sitio web de Ayuda<\/a> para obtener informaci\u00f3n sobre personas refugiadas, solicitantes de asilo y ap\u00e1tridas en otros lugares.&nbsp;<\/p>\n","protected":false},"excerpt":{"rendered":"<p>ACNUR, la Agencia de la ONU para los Refugiados, protege a las personas forzadas a huir de sus hogares a causa de los conflictos y la persecuci\u00f3n. Trabajamos con gobiernos y socios en m\u00e1s de 130 pa\u00edses, protegiendo a millones de personas con apoyo vital, salvaguardando los derechos humanos fundamentales y ayud\u00e1ndoles a construir un [&hellip;]<\/p>\n","protected":false},"author":1,"featured_media":0,"parent":0,"menu_order":0,"comment_status":"closed","ping_status":"closed","template":"","meta":{"_acf_changed":false,"footnotes":""},"class_list":["post-477","page","type-page","status-publish","hentry"],"acf":[],"_links":{"self":[{"href":"https:\/\/help.unhcr.org\/caribbean\/es\/wp-json\/wp\/v2\/pages\/477","targetHints":{"allow":["GET"]}}],"collection":[{"href":"https:\/\/help.unhcr.org\/caribbean\/es\/wp-json\/wp\/v2\/pages"}],"about":[{"href":"https:\/\/help.unhcr.org\/caribbean\/es\/wp-json\/wp\/v2\/types\/page"}],"author":[{"embeddable":true,"href":"https:\/\/help.unhcr.org\/caribbean\/es\/wp-json\/wp\/v2\/users\/1"}],"replies":[{"embeddable":true,"href":"https:\/\/help.unhcr.org\/caribbean\/es\/wp-json\/wp\/v2\/comments?post=477"}],"version-history":[{"count":24,"href":"https:\/\/help.unhcr.org\/caribbean\/es\/wp-json\/wp\/v2\/pages\/477\/revisions"}],"predecessor-version":[{"id":687,"href":"https:\/\/help.unhcr.org\/caribbean\/es\/wp-json\/wp\/v2\/pages\/477\/revisions\/687"}],"wp:attachment":[{"href":"https:\/\/help.unhcr.org\/caribbean\/es\/wp-json\/wp\/v2\/media?parent=477"}],"curies":[{"name":"wp","href":"https:\/\/api.w.org\/{rel}","templated":true}]}}