{"id":476,"date":"2021-09-21T10:34:27","date_gmt":"2021-09-21T10:34:27","guid":{"rendered":"https:\/\/help.unhcr.org\/caribbean\/welcome-2\/"},"modified":"2024-04-29T19:16:47","modified_gmt":"2024-04-29T19:16:47","slug":"welcome-2","status":"publish","type":"page","link":"https:\/\/help.unhcr.org\/caribbean\/es\/","title":{"rendered":"Bienvenido"},"content":{"rendered":"\n<h3 class=\"wp-block-heading\">Bienvenido al sitio web de ayuda de ACNUR para refugiados y solicitantes de asilo en Caribe del Norte y Oriental en estos pa\u00edses y territories:<\/h3>\n\n\n\n<p class=\"has-text-align-center\"><strong>Anguilla <strong>??<\/strong><\/strong> <strong>| Antigua y Barbuda <strong>??<\/strong><\/strong> <strong>| <strong>Bahamas <strong>??<\/strong><\/strong> | Barbados ?? <\/strong><strong>| Bermudas <strong>??<\/strong> | Dominica <strong>??<\/strong><\/strong> <strong>|<\/strong> <strong>Granada ??<\/strong> <strong>| Hait\u00ed ??<\/strong> <strong> |<strong> <strong>Islas Caim\u00e1n <strong>??<\/strong><\/strong><\/strong><\/strong> <strong>|<\/strong> <strong>Islas Turcas y Caicos<\/strong> <strong>?? <strong>|<\/strong><\/strong> <strong><strong>Islas V\u00edrgenes Brit\u00e1nicas <strong>??<\/strong><\/strong><\/strong> <strong><strong>|<\/strong><\/strong> <strong><strong>Jamaica <strong>??<\/strong><\/strong> | <strong>Montserrat <strong>??<\/strong><\/strong> <strong>|<\/strong> <strong>Rep\u00fablica <strong>Dominicana <strong>??<\/strong><\/strong> |<\/strong> San Crist\u00f3bal y Nieves ?? | San Vicente y las Granadinas ??<\/strong> <strong>|<\/strong> <strong><strong><strong>San Mart\u00edn (parte neerlandesa)<\/strong><\/strong> <strong>??<\/strong> | Santa Luc\u00eda ??<\/strong><\/p>\n\n\n\n<h3 class=\"wp-block-heading has-white-color has-text-color has-background\" style=\"background-color:#0072bc\">En el sitio encontrar\u00e1:<\/h3>\n\n\n\n<ul style=\"background-color:#abb7c230\" class=\"has-background wp-block-list\">\n<li style=\"font-style:normal;font-weight:700\"><a href=\"https:\/\/help.unhcr.org\/caribbean\/es\/about\/\" data-type=\"URL\"><strong>C\u00f3mo ponerse en contacto con ACNUR<\/strong><\/a><\/li>\n\n\n\n<li><a href=\"https:\/\/help.unhcr.org\/caribbean\/es\/asylum\/\" data-type=\"URL\" data-id=\"https:\/\/help.unhcr.org\/caribbean\/en\/refugee\/\"><strong>\u00bfQui\u00e9n es un refugiado? <\/strong><\/a><\/li>\n\n\n\n<li><a href=\"https:\/\/help.unhcr.org\/caribbean\/es\/rights\/\" data-type=\"URL\" data-id=\"https:\/\/help.unhcr.org\/caribbean\/en\/rights\/\"><strong>Derechos y deberes<\/strong><\/a><\/li>\n\n\n\n<li><a href=\"https:\/\/help.unhcr.org\/caribbean\/es\/asylum\/\"><strong>\u00bfC\u00f3mo solicitar asilo?<\/strong><\/a><\/li>\n\n\n\n<li><a href=\"https:\/\/help.unhcr.org\/caribbean\/es\/services\/\"><strong>Servicios \u00fatiles para los refugiados<\/strong><\/a><\/li>\n\n\n\n<li><a href=\"https:\/\/help.unhcr.org\/caribbean\/es\/faq\/\" data-type=\"URL\" data-id=\"https:\/\/help.unhcr.org\/caribbean\/en\/faq\/\"><strong>Preguntas frecuentes<\/strong><\/a><\/li>\n\n\n\n<li><a href=\"https:\/\/help.unhcr.org\/caribbean\/es\/complaints\/\"><strong>Quejas y comentarios<\/strong><\/a><\/li>\n<\/ul>\n\n\n\n<p class=\"has-black-color has-text-color has-background\" style=\"background-color:#fdf799\"><strong>\u00bfSe encuentra en otro pa\u00eds o territorio del Caribe?&nbsp;<\/strong><\/p>\n\n\n\n<ul class=\"wp-block-list\">\n<li>Si se encuentra en Bonaire, Saba y San Eustaquio ??, visite el <a rel=\"noreferrer noopener\" href=\"https:\/\/help.unhcr.org\/netherlands\/\" target=\"_blank\">sitio web de ayuda de los Pa\u00edses Bajos.<\/a>&nbsp;<\/li>\n\n\n\n<li>Si se encuentra en Guadalupe <strong>??<\/strong>, Martinica <strong>??<\/strong>, San Mart\u00edn <strong>??<\/strong> y Guayana Francesa <strong>??<\/strong>, visite <a rel=\"noreferrer noopener\" href=\"https:\/\/help.unhcr.org\/france\/\" target=\"_blank\">el sitio web de ayuda de Francia.<\/a>&nbsp;<\/li>\n\n\n\n<li>Si se encuentra en Guyana <strong>??<\/strong> o Surinam <strong>??<\/strong>, visite el <a rel=\"noreferrer noopener\" href=\"https:\/\/help.unhcr.org\/panama\/\" target=\"_blank\">sitio web de ayuda de Panama<\/a>&nbsp;&nbsp;<\/li>\n\n\n\n<li>O el de <strong><a rel=\"noreferrer noopener\" href=\"https:\/\/help.unhcr.org\/aruba\/\" target=\"_blank\">Help Aruba<\/a> |&nbsp;<a rel=\"noreferrer noopener\" href=\"https:\/\/help.unhcr.org\/belize\/\" target=\"_blank\">Help Belize<\/a> |&nbsp;<a rel=\"noreferrer noopener\" href=\"https:\/\/help.unhcr.org\/curacao\/\" target=\"_blank\">Help Curacao<\/a> |&nbsp;<a rel=\"noreferrer noopener\" href=\"https:\/\/help.unhcr.org\/cuba\/\" target=\"_blank\">Help Cuba<\/a> |&nbsp;<a rel=\"noreferrer noopener\" href=\"https:\/\/help.unhcr.org\/dominicanrepublic\/\" target=\"_blank\">Help Republica Dominicana<\/a>&nbsp;|&nbsp;<a rel=\"noreferrer noopener\" href=\"https:\/\/help.unhcr.org\/trinidadandtobago\/\" target=\"_blank\">Help Trinidad y Tobago<\/a>&nbsp;&nbsp;<\/strong><\/li>\n<\/ul>\n\n\n\n<p><strong>\u00bfSe encuentra en otro pa\u00eds?<\/strong>&nbsp;<\/p>\n\n\n\n<p>\u00bfO est\u00e1 buscando ayuda para parientes en el exterior? Por favor seleccione el pa\u00eds sobre el que desea obtener informaci\u00f3n en la p\u00e1gina de inicio en el <a href=\"https:\/\/help.unhcr.org\/es\/\" target=\"_blank\" rel=\"noreferrer noopener\">sitio web de ayuda de ACNUR<\/a> o contacte a la <a rel=\"noreferrer noopener\" href=\"https:\/\/www.unhcr.org\/about-unhcr\/where-we-work\" target=\"_blank\">oficina de ACNUR<\/a> m\u00e1s cercana.&nbsp;&nbsp;<\/p>\n","protected":false},"excerpt":{"rendered":"<p>Bienvenido al sitio web de ayuda de ACNUR para refugiados y solicitantes de asilo en Caribe del Norte y Oriental en estos pa\u00edses y territories: Anguilla ?? | Antigua y Barbuda ?? | Bahamas ?? | Barbados ?? | Bermudas ?? | Dominica ?? | Granada ?? | Hait\u00ed ?? | Islas Caim\u00e1n ?? | [&hellip;]<\/p>\n","protected":false},"author":1,"featured_media":0,"parent":0,"menu_order":0,"comment_status":"closed","ping_status":"closed","template":"","meta":{"_acf_changed":false,"footnotes":""},"class_list":["post-476","page","type-page","status-publish","hentry"],"acf":[],"_links":{"self":[{"href":"https:\/\/help.unhcr.org\/caribbean\/es\/wp-json\/wp\/v2\/pages\/476","targetHints":{"allow":["GET"]}}],"collection":[{"href":"https:\/\/help.unhcr.org\/caribbean\/es\/wp-json\/wp\/v2\/pages"}],"about":[{"href":"https:\/\/help.unhcr.org\/caribbean\/es\/wp-json\/wp\/v2\/types\/page"}],"author":[{"embeddable":true,"href":"https:\/\/help.unhcr.org\/caribbean\/es\/wp-json\/wp\/v2\/users\/1"}],"replies":[{"embeddable":true,"href":"https:\/\/help.unhcr.org\/caribbean\/es\/wp-json\/wp\/v2\/comments?post=476"}],"version-history":[{"count":8,"href":"https:\/\/help.unhcr.org\/caribbean\/es\/wp-json\/wp\/v2\/pages\/476\/revisions"}],"predecessor-version":[{"id":791,"href":"https:\/\/help.unhcr.org\/caribbean\/es\/wp-json\/wp\/v2\/pages\/476\/revisions\/791"}],"wp:attachment":[{"href":"https:\/\/help.unhcr.org\/caribbean\/es\/wp-json\/wp\/v2\/media?parent=476"}],"curies":[{"name":"wp","href":"https:\/\/api.w.org\/{rel}","templated":true}]}}