{"id":503,"date":"2022-06-28T18:35:34","date_gmt":"2022-06-28T18:35:34","guid":{"rendered":"https:\/\/help.unhcr.org\/canada\/?page_id=503"},"modified":"2024-08-14T15:44:25","modified_gmt":"2024-08-14T15:44:25","slug":"quebec","status":"publish","type":"page","link":"https:\/\/help.unhcr.org\/canada\/resources-for-asylum-seekers\/quebec\/","title":{"rendered":"Qu\u00e9bec"},"content":{"rendered":"\n<h3 class=\"wp-block-heading has-white-color has-text-color has-background\" style=\"background-color:#0072bc\">PRAIDA<\/h3>\n\n\n\n<p>PRAIDA provides support to asylum-seekers and information to assist you in navigating your refugee claim process in Quebec. They also offer health, social services, and shelter.<\/p>\n\n\n\n<ul class=\"wp-block-list\">\n<li><strong>Telephone:&nbsp;<\/strong> +1-514-484-7878 extension 64500<\/li>\n\n\n\n<li><strong><a href=\"https:\/\/www.ciussswestcentral.ca\/programs-and-services\/praida-regional-program-for-the-settlement-and-integration-of-asylum-seekers\/\" target=\"_blank\" rel=\"noreferrer noopener\">Visit their website<\/a><\/strong><\/li>\n\n\n\n<li><strong>Address:&nbsp;<\/strong> <a href=\"https:\/\/www.google.com\/maps\/place\/35+Rue+de+Port-Royal+E,+Montr%C3%A9al,+QC+H3L+3T1\/@45.5372935,-73.7003394,12.15z\/data=!4m6!3m5!1s0x4cc918ea8bfff8e5:0x3086892a669f9a60!8m2!3d45.5471227!4d-73.657001!16s%2Fg%2F11b8v5k8kk?entry=ttu\" target=\"_blank\" rel=\"noreferrer noopener\">35 Rue de Port-Royal E, Montr\u00e9al, QC H3L 3T1<\/a><\/li>\n\n\n\n<li><strong>Opening hours:&nbsp;<\/strong>Monday to Friday from 8:30 am to 4:30 pm<\/li>\n<\/ul>\n\n\n\n<h3 class=\"wp-block-heading has-white-color has-text-color has-background\" style=\"background-color:#0072bc\">Legal Aid Office in immigration law<\/h3>\n\n\n\n<p>Legal aid and immigration lawyers may assist you with your asylum claim or offer legal advice. Legal aid is a government legal service offered to people who meet certain financial eligibility criteria and apply for the service. Legal aid is provided free of charge or with a contribution from the recipient.<\/p>\n\n\n\n<ul class=\"wp-block-list\">\n<li><strong>Telephone:<\/strong>  +1-514 864-2111 extension 6099<\/li>\n\n\n\n<li><strong>Address:<\/strong> <a href=\"https:\/\/www.google.com\/maps\/place\/440+Boul.+de+Maisonneuve+Ouest+Bureau+400,+Montr%C3%A9al,+QC+H3A+1L4\/@45.5059382,-73.5724252,17z\/data=!3m1!4b1!4m5!3m4!1s0x4cc91a45f938e8d5:0xc2dd7ba5f23918a0!8m2!3d45.5059382!4d-73.5698449?entry=ttu\" target=\"_blank\" rel=\"noreferrer noopener\">425, boulevard de Maisonneuve Ouest, Bureau 400 Montr\u00e9al, Qu\u00e9bec H3A 3G5<\/a><\/li>\n\n\n\n<li><strong>Email: <\/strong><a href=\"mailto:baj.immigration@ccjm.qc.ca\">baj.immigration@ccjm.qc.ca<\/a><\/li>\n\n\n\n<li><strong>Nearest station:&nbsp;<\/strong>Place-des-Arts metro station<\/li>\n\n\n\n<li><strong>Opening hours:<\/strong>&nbsp;Monday to Friday from 8:30 am to 4:30 pm<\/li>\n<\/ul>\n\n\n\n<h3 class=\"wp-block-heading has-white-color has-text-color has-background\" style=\"background-color:#0072bc\">Referral service of the Barreau de Montr\u00e9al<\/h3>\n\n\n\n<p>This organization will suggest a lawyer who you can contact for help in Montreal.<\/p>\n\n\n\n<ul class=\"wp-block-list\">\n<li><strong>Telephone:<\/strong> +1-514 866-2490<\/li>\n\n\n\n<li><strong>Email: <\/strong><a href=\"mailto:reference@barreaudemontreal.qc.ca\">reference@barreaudemontreal.qc.ca<\/a><\/li>\n\n\n\n<li><strong>Opening hours:<\/strong>&nbsp;Monday to Friday from 9:00 am to 4:00 pm<\/li>\n<\/ul>\n\n\n\n<h3 class=\"wp-block-heading has-white-color has-text-color has-background\" style=\"background-color:#0072bc\">YMCA Residence<\/h3>\n\n\n\n<p>The YMCA Residence provides housing to asylum-seekers with the collaboration of PRAIDA, a regional program for the reception and integration of asylum-seekers managed by the Centre Int\u00e9gr\u00e9 Universitaire de Sant\u00e9 et de Services Sociaux (CIUSSS) du Centre-Ouest-de-l\u2019\u00cele-de-Montr\u00e9al. A variety of community services and activities are available during your stay at the YMCA Residence to welcome and support you, including:<\/p>\n\n\n\n<ul class=\"wp-block-list\">\n<li>French and English conversation workshops;<\/li>\n\n\n\n<li>housing, immigration, job search, financial assistance and health workshops;<\/li>\n\n\n\n<li>information sessions with the S\u00e9curit\u00e9 publique de Montr\u00e9al and discussions with the United Nations High Commissioner for Refugees (UNHCR);<\/li>\n\n\n\n<li>a woman\u2019s group, which helps participants break out of their isolation and empowers them through weekly meetings and activities such as arts and crafts and communal cooking.<\/li>\n\n\n\n<li>activities for families;<\/li>\n\n\n\n<li>psychosocial support services.<\/li>\n<\/ul>\n\n\n\n<p><strong>Telephone:<\/strong>&nbsp;+1-514 932-5353<\/p>\n","protected":false},"excerpt":{"rendered":"<p>PRAIDA PRAIDA provides support to asylum-seekers and information to assist you in navigating your refugee claim process in Quebec. They also offer health, social services, and shelter. Legal Aid Office in immigration law Legal aid and immigration lawyers may assist you with your asylum claim or offer legal advice. Legal aid is a government legal [&hellip;]<\/p>\n","protected":false},"author":24,"featured_media":0,"parent":491,"menu_order":30,"comment_status":"closed","ping_status":"closed","template":"","meta":{"_acf_changed":false,"footnotes":""},"class_list":["post-503","page","type-page","status-publish","hentry"],"acf":[],"_links":{"self":[{"href":"https:\/\/help.unhcr.org\/canada\/wp-json\/wp\/v2\/pages\/503","targetHints":{"allow":["GET"]}}],"collection":[{"href":"https:\/\/help.unhcr.org\/canada\/wp-json\/wp\/v2\/pages"}],"about":[{"href":"https:\/\/help.unhcr.org\/canada\/wp-json\/wp\/v2\/types\/page"}],"author":[{"embeddable":true,"href":"https:\/\/help.unhcr.org\/canada\/wp-json\/wp\/v2\/users\/24"}],"replies":[{"embeddable":true,"href":"https:\/\/help.unhcr.org\/canada\/wp-json\/wp\/v2\/comments?post=503"}],"version-history":[{"count":16,"href":"https:\/\/help.unhcr.org\/canada\/wp-json\/wp\/v2\/pages\/503\/revisions"}],"predecessor-version":[{"id":2030,"href":"https:\/\/help.unhcr.org\/canada\/wp-json\/wp\/v2\/pages\/503\/revisions\/2030"}],"up":[{"embeddable":true,"href":"https:\/\/help.unhcr.org\/canada\/wp-json\/wp\/v2\/pages\/491"}],"wp:attachment":[{"href":"https:\/\/help.unhcr.org\/canada\/wp-json\/wp\/v2\/media?parent=503"}],"curies":[{"name":"wp","href":"https:\/\/api.w.org\/{rel}","templated":true}]}}