{"id":2653,"date":"2025-07-09T17:49:06","date_gmt":"2025-07-09T17:49:06","guid":{"rendered":"https:\/\/help.unhcr.org\/canada\/?page_id=2653"},"modified":"2026-01-21T20:43:42","modified_gmt":"2026-01-21T20:43:42","slug":"nitelikli-multecilerin-ekonomik-gocu","status":"publish","type":"page","link":"https:\/\/help.unhcr.org\/canada\/tr\/nitelikli-multecilerin-ekonomik-gocu\/","title":{"rendered":"Nitelikli m\u00fcltecilerin ekonomik g\u00f6\u00e7\u00fc"},"content":{"rendered":"\n<p class=\"has-background\" style=\"background-color:#fdf799\">Duyuru: Kanada G\u00f6\u00e7menlik, M\u00fclteciler ve Vatanda\u015fl\u0131k Bakanl\u0131\u011f\u0131 (IRCC), 1 Ocak 2026 tarihinden itibaren EMPP kapsam\u0131nda <strong><a href=\"https:\/\/eur02.safelinks.protection.outlook.com\/?url=https%3A%2F%2Fwww.canada.ca%2Fen%2Fimmigration-refugees-citizenship%2Fcorporate%2Fpublications-manuals%2Foperational-bulletins-manuals%2Fupdates%2F2026-economic-mobility-pathways-pilot-empp.html&amp;data=05%7C02%7Cmurrayh%40unhcr.org%7Cd70bce31f86c4a554e9908de552e35f6%7Ce5c37981666441348a0c6543d2af80be%7C0%7C0%7C639041854112106792%7CUnknown%7CTWFpbGZsb3d8eyJFbXB0eU1hcGkiOnRydWUsIlYiOiIwLjAuMDAwMCIsIlAiOiJXaW4zMiIsIkFOIjoiTWFpbCIsIldUIjoyfQ%3D%3D%7C0%7C%7C%7C&amp;sdata=DiSA3wJTdp549nImcvNfkXgeLb8QxLTLm1CLnY5fi2M%3D&amp;reserved=0\">yeni ba\u015fvurular\u0131 kabul etmeyi durdurmu\u015ftur.<\/a><\/strong><\/p>\n\n\n\n<figure class=\"wp-block-embed is-type-video is-provider-youtube wp-block-embed-youtube wp-embed-aspect-16-9 wp-has-aspect-ratio\"><div class=\"wp-block-embed__wrapper\">\n<iframe loading=\"lazy\" title=\"Working abroad can help refugees rebuild their lives\" width=\"640\" height=\"360\" src=\"https:\/\/www.youtube.com\/embed\/N1cFJsczTaw?list=PLtPw-Y91GlmWxaKz9pIll_8ccdGKPi5F9\" frameborder=\"0\" allow=\"accelerometer; autoplay; clipboard-write; encrypted-media; gyroscope; picture-in-picture; web-share\" referrerpolicy=\"strict-origin-when-cross-origin\" allowfullscreen><\/iframe>\n<\/div><\/figure>\n\n\n\n<p>M\u00fclteci i\u015fg\u00fcc\u00fc hareketlili\u011fi, m\u00fcltecilerin \u00e7al\u0131\u015fmak i\u00e7in ba\u015fka bir \u00fclkeye gitmelerini engelleyen bariyerleri ortadan kald\u0131rmaktad\u0131r. Kanada&#8217;da m\u00fclteciler, normal g\u00f6\u00e7menlik programlar\u0131 arac\u0131l\u0131\u011f\u0131yla becerilerine veya i\u015f deneyimlerine dayal\u0131 olarak g\u00f6\u00e7 etmek i\u00e7in ba\u015fvuru yapabilirler. Ekonomik Hareketlilik Yollar\u0131 Pilot Program\u0131 (EMPP) arac\u0131l\u0131\u011f\u0131yla ba\u015fvuru yapmak belirli gereksinimleri (\u00f6rne\u011fin ge\u00e7erli bir pasaporta sahip olmak) ortadan kald\u0131rmakta olup, m\u00fclteciler ve uluslararas\u0131 korumaya ihtiya\u00e7 duyan di\u011fer ki\u015filer i\u00e7in s\u00fcreci kolayla\u015ft\u0131rmaktad\u0131r. EMPP adaylar\u0131 Kanada d\u0131\u015f\u0131ndan ba\u015fvuru yapmal\u0131d\u0131r.<\/p>\n\n\n\n<p>Baz\u0131 STK&#8217;lar, Kanada&#8217;daki a\u00e7\u0131k i\u015f pozisyonlar\u0131 i\u00e7in nitelikli m\u00fclteci adaylar\u0131n\u0131 belirlemek \u00fczere <a href=\"https:\/\/www.canada.ca\/en\/immigration-refugees-citizenship\/services\/refugees\/economic-mobility-pathways-pilot\/immigrate\/apply.html\">IRCC ile bir anla\u015fma yapm\u0131\u015ft\u0131r<\/a>. Sunduklar\u0131 hizmetler i\u00e7in m\u00fcltecilerden \u00f6deme talep etmeyeceklerdir. Bu STK&#8217;lardan ikisi (Talent Beyond Boundaries ve TalentLift), ba\u015fvuruyla ilgilenen m\u00fcltecilerin becerilerini ve i\u015f deneyimlerini i\u00e7eren bir profil olu\u015fturabilecekleri \u00e7evrimi\u00e7i bir veri taban\u0131na sahiptir. Talent Beyond Boundaries ve TalentLift, Kanadal\u0131 i\u015fverenlerin belirli pozisyonlar\u0131 i\u00e7in i\u015fe al\u0131m yaparken bu veri tabanlar\u0131na ba\u015fvurmaktad\u0131r. Kimi i\u015fe alacaklar\u0131na i\u015fverenler karar verirler.&nbsp;<\/p>\n\n\n\n<ul class=\"wp-block-list\">\n<li>Talent Beyond Boundaries&#8217;e kaydolmak i\u00e7in \u015fu adrese gidin: <a href=\"https:\/\/eur02.safelinks.protection.outlook.com\/?url=https%3A%2F%2Fwww.talentbeyondboundaries.org%2Ftalentcatalog%2Fregister&amp;data=05%7C01%7Celgersma%40unhcr.org%7C8c41bf2cc7cd4aeddf3508da6b338e46%7Ce5c37981666441348a0c6543d2af80be%7C0%7C0%7C637940166407341991%7CUnknown%7CTWFpbGZsb3d8eyJWIjoiMC4wLjAwMDAiLCJQIjoiV2luMzIiLCJBTiI6Ik1haWwiLCJXVCI6Mn0%3D%7C3000%7C%7C%7C&amp;sdata=hYfJDDczF%2BVEq6ek5qnFHqBhhjJ2QakVTTgMsxG3x3E%3D&amp;reserved=0\" target=\"_blank\" rel=\"noreferrer noopener\">https:\/\/www.talentbeyondboundaries.org\/talentcatalog\/register<\/a>&nbsp;<\/li>\n\n\n\n<li>TalentLift&#8217;e kaydolmak i\u00e7in \u015fu adrese gidin: <a href=\"https:\/\/eur02.safelinks.protection.outlook.com\/?url=https%3A%2F%2Fplatform.talentlift.ca%2F&amp;data=05%7C01%7Celgersma%40unhcr.org%7C8c41bf2cc7cd4aeddf3508da6b338e46%7Ce5c37981666441348a0c6543d2af80be%7C0%7C0%7C637940166407341991%7CUnknown%7CTWFpbGZsb3d8eyJWIjoiMC4wLjAwMDAiLCJQIjoiV2luMzIiLCJBTiI6Ik1haWwiLCJXVCI6Mn0%3D%7C3000%7C%7C%7C&amp;sdata=GQKocXzEPrHLcNq5MtTnGfjUhs8oK92nMqAgB0EEz90%3D&amp;reserved=0\" target=\"_blank\" rel=\"noreferrer noopener\">https:\/\/platform.talentlift.ca\/<\/a>&nbsp;<\/li>\n\n\n\n<li>Uygun adaylar Kanada&#8217;ya g\u00f6\u00e7 etmek i\u00e7in ba\u015fvurular\u0131n\u0131 kendileri de yapabilirler. Daha fazla bilgi i\u00e7in: <a href=\"https:\/\/www.canada.ca\/en\/immigration-refugees-citizenship\/services\/refugees\/economic-mobility-pathways-pilot.html\">Ekonomik Hareketlilik Yollar\u0131 Pilot Program\u0131 &#8211; Canada.ca<\/a>.<\/li>\n\n\n\n<li>Kanada genelinde bir\u00e7ok kurulu\u015f, k\u00fclt\u00fcrel oryantasyon, dil ve mesleki e\u011fitimin yan\u0131 s\u0131ra e\u011fitim ve istihdama eri\u015fimi te\u015fvik eden programlar da dahil olmak \u00fczere \u00e7e\u015fitli hizmetler sunarak g\u00f6\u00e7menlere (EMPP adaylar\u0131 ve aileleri dahil) yerle\u015fimleri konusunda yard\u0131mc\u0131 olmak i\u00e7in \u00e7al\u0131\u015fmaktad\u0131r. <a href=\"https:\/\/ircc.canada.ca\/english\/newcomers\/services\/index.asp\">Kanada&#8217;daki yerle\u015fim hizmetleri hakk\u0131nda bilgi ar\u0131yorsan\u0131z, l\u00fctfen IRCC web sitesini ziyaret edin.<\/a><\/li>\n<\/ul>\n\n\n\n<p><\/p>\n","protected":false},"excerpt":{"rendered":"<p>Duyuru: Kanada G\u00f6\u00e7menlik, M\u00fclteciler ve Vatanda\u015fl\u0131k Bakanl\u0131\u011f\u0131 (IRCC), 1 Ocak 2026 tarihinden itibaren EMPP kapsam\u0131nda yeni ba\u015fvurular\u0131 kabul etmeyi durdurmu\u015ftur. M\u00fclteci i\u015fg\u00fcc\u00fc hareketlili\u011fi, m\u00fcltecilerin \u00e7al\u0131\u015fmak i\u00e7in ba\u015fka bir \u00fclkeye gitmelerini engelleyen bariyerleri ortadan kald\u0131rmaktad\u0131r. Kanada&#8217;da m\u00fclteciler, normal g\u00f6\u00e7menlik programlar\u0131 arac\u0131l\u0131\u011f\u0131yla becerilerine veya i\u015f deneyimlerine dayal\u0131 olarak g\u00f6\u00e7 etmek i\u00e7in ba\u015fvuru yapabilirler. Ekonomik Hareketlilik Yollar\u0131 Pilot [&hellip;]<\/p>\n","protected":false},"author":24,"featured_media":0,"parent":0,"menu_order":9,"comment_status":"closed","ping_status":"closed","template":"","meta":{"_acf_changed":false,"footnotes":""},"class_list":["post-2653","page","type-page","status-publish","hentry"],"acf":[],"_links":{"self":[{"href":"https:\/\/help.unhcr.org\/canada\/tr\/wp-json\/wp\/v2\/pages\/2653","targetHints":{"allow":["GET"]}}],"collection":[{"href":"https:\/\/help.unhcr.org\/canada\/tr\/wp-json\/wp\/v2\/pages"}],"about":[{"href":"https:\/\/help.unhcr.org\/canada\/tr\/wp-json\/wp\/v2\/types\/page"}],"author":[{"embeddable":true,"href":"https:\/\/help.unhcr.org\/canada\/tr\/wp-json\/wp\/v2\/users\/24"}],"replies":[{"embeddable":true,"href":"https:\/\/help.unhcr.org\/canada\/tr\/wp-json\/wp\/v2\/comments?post=2653"}],"version-history":[{"count":2,"href":"https:\/\/help.unhcr.org\/canada\/tr\/wp-json\/wp\/v2\/pages\/2653\/revisions"}],"predecessor-version":[{"id":2739,"href":"https:\/\/help.unhcr.org\/canada\/tr\/wp-json\/wp\/v2\/pages\/2653\/revisions\/2739"}],"wp:attachment":[{"href":"https:\/\/help.unhcr.org\/canada\/tr\/wp-json\/wp\/v2\/media?parent=2653"}],"curies":[{"name":"wp","href":"https:\/\/api.w.org\/{rel}","templated":true}]}}