{"id":2524,"date":"2025-06-16T20:38:53","date_gmt":"2025-06-16T20:38:53","guid":{"rendered":"https:\/\/help.unhcr.org\/canada\/?page_id=2524"},"modified":"2025-06-16T20:38:54","modified_gmt":"2025-06-16T20:38:54","slug":"cinsel-somuru-istismar-ve-toplumsal-cinsiyete-dayali-siddetten-tcds-korunmaya-iliskin-onemli-bilgiler","status":"publish","type":"page","link":"https:\/\/help.unhcr.org\/canada\/tr\/onemli-guvenlik-bilgileri\/cinsel-somuru-istismar-ve-toplumsal-cinsiyete-dayali-siddetten-tcds-korunmaya-iliskin-onemli-bilgiler\/","title":{"rendered":"Cinsel S\u00f6m\u00fcr\u00fc, \u0130stismar ve Toplumsal Cinsiyete Dayal\u0131 \u015eiddetten (TCD\u015e) Korunmaya ili\u015fkin \u00f6nemli bilgiler"},"content":{"rendered":"\n<p><strong><em>Toplumsal cinsiyete dayal\u0131 \u015fiddet <\/em><\/strong><em>nedir?<\/em><em><\/em><\/p>\n\n\n\n<p>Toplumsal cinsiyete dayal\u0131 \u015fiddet (TCD\u015e), hem kamusal hem de \u00f6zel alanlarda cinsel, fiziksel, duygusal ve mali istismar gibi zararlar\u0131 i\u00e7erir. Ayr\u0131ca \u015fiddete dair tehditleri, zorlamay\u0131 ve manip\u00fclasyonu da i\u00e7erir. Bu, e\u015f taraf\u0131ndan \u015fiddet, aile i\u00e7i istismar, cinsel \u015fiddet, \u00e7ocuk ya\u015fta evlilik, kad\u0131n s\u00fcnneti ve s\u00f6zde &#8220;namus su\u00e7lar\u0131&#8221; gibi pek \u00e7ok \u015fekilde olabilir. <strong><\/strong><\/p>\n\n\n\n<p><strong><em>Cinsel s\u00f6m\u00fcr\u00fc <\/em><\/strong><em>nedir?<\/em><em><\/em><\/p>\n\n\n\n<p>Birinin g\u00fcc\u00fcn\u00fc kullanmas\u0131 veya birinin g\u00fcveninden ya da savunmas\u0131z durumundan cinsel ama\u00e7larla yararlanmas\u0131d\u0131r.&nbsp; Seks ve fuhu\u015f ama\u00e7l\u0131 insan ticaretini de kapsamaktad\u0131r.<\/p>\n\n\n\n<p><strong><em>Cinsel istismar <\/em><\/strong><em>nedir?<\/em><em><\/em><\/p>\n\n\n\n<p>Bir ki\u015finin ba\u015fka bir ki\u015fiyi zorla veya e\u015fit olmayan ya da zorlay\u0131c\u0131 ko\u015fullar alt\u0131nda kendi iradesi d\u0131\u015f\u0131nda cinsel bir eyleme zorlamas\u0131 veya bask\u0131 yapmas\u0131d\u0131r.<\/p>\n\n\n\n<p><strong><em>! Bu \u015fiddet t\u00fcrlerinin sonu\u00e7lar\u0131 y\u0131k\u0131c\u0131 olabilir ve etkileri hayatta kalanlar\u0131n \u00f6mr\u00fc boyunca s\u00fcrebilir. Bir ki\u015finin fiziksel, zihinsel ve \u00fcreme sa\u011fl\u0131\u011f\u0131 \u00fczerinde etkileri olabilir ve hatta \u00f6l\u00fcme bile yol a\u00e7abilir. Bu, cinsel y\u00f6nelimleri ya da cinsiyetleri ne olursa olsun, engelli ya da engelsiz her ya\u015fta erkek, kad\u0131n, erkek \u00e7ocuk ve k\u0131z \u00e7ocuk olmak \u00fczere herkesin ba\u015f\u0131na gelebilir.<\/em><\/strong><\/p>\n\n\n\n<p><strong>Cinsel s\u00f6m\u00fcr\u00fc veya aile i\u00e7i \u015fiddetin herhangi bir t\u00fcr\u00fcn\u00fcn ma\u011fduru olman\u0131z veya bunlara tan\u0131k olman\u0131z halinde, yard\u0131m ve koruma talep etme hakk\u0131na sahipsiniz. Eri\u015febilece\u011finiz kaynaklar mevcuttur :<\/strong><\/p>\n\n\n\n<ul class=\"wp-block-list\">\n<li><em>B\u00f6lgenizdeki kaynaklar\u0131 bulmak i\u00e7in<\/em> Kanada h\u00fck\u00fcmeti web sitesini ziyaret edin:<a href=\"https:\/\/www.canada.ca\/en\/public-health\/services\/health-promotion\/stop-family-violence\/services.html\">B\u00f6lgenizdeki aile i\u00e7i \u015fiddet kaynaklar\u0131n\u0131 ve hizmetlerini bulun &#8211; Canada.ca<\/a><\/li>\n\n\n\n<li>\u0130nsan ticaretine maruz kalmaktan korkuyorsan\u0131z, l\u00fctfen buradaki kaynaklara ba\u015fvurun <\/li>\n\n\n\n<li><strong>SOS aile i\u00e7i \u015fiddet: <\/strong>Aile i\u00e7i \u015fiddet ma\u011fdurlar\u0131 i\u00e7in bilgilendirme ve y\u00f6nlendirme hizmetleri. 1-800-363-9010<\/li>\n\n\n\n<li><strong>Acil bir durum varsa, 911&#8217;i arayabilir veya do\u011frudan polise gidebilirsiniz<\/strong>. Bu, yard\u0131m i\u00e7in arayabilece\u011finiz \u00fccretsiz bir acil durum numaras\u0131d\u0131r. Acil sa\u011fl\u0131k, polis veya itfaiye hizmetleri alarma ge\u00e7irilecektir.<\/li>\n<\/ul>\n\n\n\n<p>Birle\u015fmi\u015f Milletler ve Birle\u015fmi\u015f Milletler M\u00fclteciler Y\u00fcksek Komiserli\u011fi (BMMYK) cinsel s\u00f6m\u00fcr\u00fc ve istismara <strong>SIFIR TOLERANS<\/strong> g\u00f6stermektedir. <strong>Birle\u015fmi\u015f Milletler personeli ve i\u015f ortaklar\u0131 a\u015fa\u011f\u0131dakileri yapmamal\u0131d\u0131r:<\/strong><strong><\/strong><\/p>\n\n\n\n<ul class=\"wp-block-list\">\n<li>Para, istihdam, ayr\u0131cal\u0131kl\u0131 muamele, mal veya hizmet kar\u015f\u0131l\u0131\u011f\u0131nda herhangi biriyle cinsel ili\u015fkiye girmek;<\/li>\n<\/ul>\n\n\n\n<ul class=\"wp-block-list\">\n<li>18 ya\u015f\u0131ndan k\u00fc\u00e7\u00fck herhangi bir \u00e7ocukla cinsel ili\u015fkiye girmek;<\/li>\n<\/ul>\n\n\n\n<ul class=\"wp-block-list\">\n<li>Cinsel a\u00e7\u0131dan k\u00fc\u00e7\u00fck d\u00fc\u015f\u00fcr\u00fcc\u00fc, a\u015fa\u011f\u0131lay\u0131c\u0131 veya istismar edici ba\u015fka herhangi bir davran\u0131\u015fta bulunmak.<\/li>\n<\/ul>\n\n\n\n<p><strong>Cinsel S\u00f6m\u00fcr\u00fc ve \u0130stismar Nas\u0131l Bildirilir<\/strong><strong><\/strong><\/p>\n\n\n\n<p>BMMYK, BM, STK&#8217;lar ve kamu g\u00f6revlileri taraf\u0131ndan cinsel s\u00f6m\u00fcr\u00fc ve istismar\u0131n fark\u0131na var\u0131rsan\u0131z, bunlara tan\u0131k olursan\u0131z veya maruz kal\u0131rsan\u0131z, <strong>do\u011frudan a\u015fa\u011f\u0131daki adrese bildirimde bulunabilirsiniz<\/strong>:<\/p>\n\n\n\n<ul class=\"wp-block-list\">\n<li><a href=\"https:\/\/www.unhcr.org\/igo-complaints.html\">\u00e7evrimi\u00e7i \u015fikayet formunu<\/a> kullanarak<\/li>\n\n\n\n<li>gizli e-posta: <a href=\"mailto:inspector@unhcr.org\">inspector@unhcr.org<\/a><\/li>\n\n\n\n<li>Gizli faks: +41 22 739 7380<\/li>\n\n\n\n<li>Normal posta: 94, rue de Montbrillant, Case postale 2500, 1211 Cenevre, \u0130svi\u00e7re<\/li>\n\n\n\n<li><em>IGO ald\u0131\u011f\u0131 bilgileri gizli tutmaktad\u0131r<\/em><\/li>\n<\/ul>\n\n\n\n<p><strong>\u0130lave i\u00e7erik<\/strong><\/p>\n\n\n\n<p><a href=\"https:\/\/www.tiktok.com\/@refugees\/video\/7445269318650170656\">Zorla yerinden edilen ve vatans\u0131z kad\u0131nlar ve k\u0131z \u00e7ocuklar\u0131 daha y\u00fcksek risk alt\u0131nda&#8230; | TikTok<\/a><\/p>\n\n\n\n<figure class=\"wp-block-embed is-type-video is-provider-tiktok wp-block-embed-tiktok\"><div class=\"wp-block-embed__wrapper\">\n<blockquote class=\"tiktok-embed\" cite=\"https:\/\/www.tiktok.com\/@refugees\/video\/7445269318650170656\" data-video-id=\"7445269318650170656\" data-embed-from=\"oembed\" style=\"max-width:605px; min-width:325px;\"> <section> <a target=\"_blank\" title=\"@refugees\" href=\"https:\/\/www.tiktok.com\/@refugees?refer=embed\">@refugees<\/a> <p>Forcibly displaced and stateless women and girls are at higher risk of gender-based violence. During the <a title=\"16days\" target=\"_blank\" href=\"https:\/\/www.tiktok.com\/tag\/16days?refer=embed\">#16Days<\/a> of Activism, and every day, let\u2019s protect women and girls\u2019 right to safety. There\u2019s <a title=\"noexcuse\" target=\"_blank\" href=\"https:\/\/www.tiktok.com\/tag\/noexcuse?refer=embed\">#NoExcuse<\/a> for inaction. \u00a0<\/p> <a target=\"_blank\" title=\"\u266c original sound - We help refugees\" href=\"https:\/\/www.tiktok.com\/music\/original-sound-7445269437432826656?refer=embed\">\u266c original sound &#8211; We help refugees<\/a> <\/section> <\/blockquote> <script async src=\"https:\/\/www.tiktok.com\/embed.js\"><\/script>\n<\/div><\/figure>\n\n\n\n<p><a href=\"https:\/\/www.youtube.com\/watch?v=kqHBaej2cBA\">Toplumsal cinsiyete dayal\u0131 \u015fiddeti \u00f6nleme y\u00f6ntemleri nelerdir?<\/a><\/p>\n\n\n\n<figure class=\"wp-block-embed is-type-video is-provider-youtube wp-block-embed-youtube wp-embed-aspect-16-9 wp-has-aspect-ratio\"><div class=\"wp-block-embed__wrapper\">\n<iframe loading=\"lazy\" title=\"What works to prevent gender-based violence?\" width=\"640\" height=\"360\" src=\"https:\/\/www.youtube.com\/embed\/kqHBaej2cBA?feature=oembed\" frameborder=\"0\" allow=\"accelerometer; autoplay; clipboard-write; encrypted-media; gyroscope; picture-in-picture; web-share\" referrerpolicy=\"strict-origin-when-cross-origin\" allowfullscreen><\/iframe>\n<\/div><\/figure>\n","protected":false},"excerpt":{"rendered":"<p>Toplumsal cinsiyete dayal\u0131 \u015fiddet nedir? Toplumsal cinsiyete dayal\u0131 \u015fiddet (TCD\u015e), hem kamusal hem de \u00f6zel alanlarda cinsel, fiziksel, duygusal ve mali istismar gibi zararlar\u0131 i\u00e7erir. Ayr\u0131ca \u015fiddete dair tehditleri, zorlamay\u0131 ve manip\u00fclasyonu da i\u00e7erir. Bu, e\u015f taraf\u0131ndan \u015fiddet, aile i\u00e7i istismar, cinsel \u015fiddet, \u00e7ocuk ya\u015fta evlilik, kad\u0131n s\u00fcnneti ve s\u00f6zde &#8220;namus su\u00e7lar\u0131&#8221; gibi pek \u00e7ok [&hellip;]<\/p>\n","protected":false},"author":24,"featured_media":0,"parent":2553,"menu_order":0,"comment_status":"closed","ping_status":"closed","template":"","meta":{"_acf_changed":false,"footnotes":""},"class_list":["post-2524","page","type-page","status-publish","hentry"],"acf":[],"_links":{"self":[{"href":"https:\/\/help.unhcr.org\/canada\/tr\/wp-json\/wp\/v2\/pages\/2524","targetHints":{"allow":["GET"]}}],"collection":[{"href":"https:\/\/help.unhcr.org\/canada\/tr\/wp-json\/wp\/v2\/pages"}],"about":[{"href":"https:\/\/help.unhcr.org\/canada\/tr\/wp-json\/wp\/v2\/types\/page"}],"author":[{"embeddable":true,"href":"https:\/\/help.unhcr.org\/canada\/tr\/wp-json\/wp\/v2\/users\/24"}],"replies":[{"embeddable":true,"href":"https:\/\/help.unhcr.org\/canada\/tr\/wp-json\/wp\/v2\/comments?post=2524"}],"version-history":[{"count":1,"href":"https:\/\/help.unhcr.org\/canada\/tr\/wp-json\/wp\/v2\/pages\/2524\/revisions"}],"predecessor-version":[{"id":2525,"href":"https:\/\/help.unhcr.org\/canada\/tr\/wp-json\/wp\/v2\/pages\/2524\/revisions\/2525"}],"up":[{"embeddable":true,"href":"https:\/\/help.unhcr.org\/canada\/tr\/wp-json\/wp\/v2\/pages\/2553"}],"wp:attachment":[{"href":"https:\/\/help.unhcr.org\/canada\/tr\/wp-json\/wp\/v2\/media?parent=2524"}],"curies":[{"name":"wp","href":"https:\/\/api.w.org\/{rel}","templated":true}]}}