{"id":2507,"date":"2025-06-16T19:28:52","date_gmt":"2025-06-16T19:28:52","guid":{"rendered":"https:\/\/help.unhcr.org\/canada\/?page_id=2507"},"modified":"2025-06-16T19:28:52","modified_gmt":"2025-06-16T19:28:52","slug":"duzensiz-sinir-gecislerine-dair-riskler","status":"publish","type":"page","link":"https:\/\/help.unhcr.org\/canada\/tr\/onemli-guvenlik-bilgileri\/duzensiz-sinir-gecislerine-dair-riskler\/","title":{"rendered":"D\u00fczensiz s\u0131n\u0131r ge\u00e7i\u015flerine dair riskler"},"content":{"rendered":"\n<p class=\"has-background\" style=\"background-color:#fdf799\"><strong>Uyar\u0131: <\/strong>ABD-Kanada s\u0131n\u0131r\u0131n\u0131 resmi s\u0131n\u0131r noktalar\u0131 d\u0131\u015f\u0131nda ge\u00e7meyi tercih ederseniz, bu \u00e7ok tehlikeli olabilir. \u015eiddetli hava ko\u015fullar\u0131 veya k\u0131\u015f, ilkbahar, yaz ve sonbahar mevsiminde ya\u015fanan di\u011fer riskler nedeniyle insanlar \u00f6lm\u00fc\u015f veya yaralanm\u0131\u015ft\u0131r. Kanada&#8217;da hava \u00e7ok so\u011fuk ya da s\u0131cak olabilir. Y\u0131l\u0131n belirli zamanlar\u0131nda sel veya \u00e7amur kaymalar\u0131 da ya\u015fanabilir. A\u015fa\u011f\u0131da kar\u015f\u0131la\u015fabilece\u011finiz baz\u0131 riskler yer almaktad\u0131r.<\/p>\n\n\n\n<p><strong>Sa\u011fl\u0131k riskleri:<\/strong><\/p>\n\n\n\n<ul class=\"wp-block-list\">\n<li><strong>Hipotermi<\/strong>: v\u00fccudunuzun a\u015f\u0131r\u0131 so\u011fumas\u0131 ve i\u015flevlerini d\u00fczg\u00fcn y\u00fcr\u00fctecek kadar s\u0131cak kalamamas\u0131d\u0131r. Bu durum so\u011fuk havalarda veya so\u011fuk suya girdi\u011finizde meydana gelebilir. M\u00fcdahale edilmezse \u00f6l\u00fcme neden olabilir.<\/li>\n<\/ul>\n\n\n\n<ul class=\"wp-block-list\">\n<li><strong>Donma<\/strong>: Cildinizin ve uzuvlar\u0131n\u0131z\u0131n \u00e7ok uzun s\u00fcre a\u015f\u0131r\u0131 so\u011fuk oldu\u011fu i\u00e7in donmas\u0131d\u0131r ve uzuv kayb\u0131na yol a\u00e7abilir.<\/li>\n<\/ul>\n\n\n\n<ul class=\"wp-block-list\">\n<li><strong>Fiziksel bitkinlik<\/strong>: Olumsuz hava ko\u015fullar\u0131, zorlu arazi ko\u015fullar\u0131, \u00e7ok uzun s\u00fcre d\u0131\u015far\u0131da kalmak veya \u00e7ok s\u0131k\u0131 \u00e7al\u0131\u015fmak nedeniyle \u00e7ok yorulabilir, hatta bay\u0131labilirsiniz.<\/li>\n<\/ul>\n\n\n\n<ul class=\"wp-block-list\">\n<li><strong>S\u0131cak bitkinli\u011fi<\/strong>, v\u00fccudunuzun g\u00fcne\u015fte kalmaktan veya \u00e7ok uzun s\u00fcre \u0131s\u0131ya maruz kalmaktan dolay\u0131 a\u015f\u0131r\u0131 \u0131s\u0131nmas\u0131, dolay\u0131s\u0131yla halsizlik, terleme ve ba\u015f d\u00f6nmesine neden olmas\u0131d\u0131r.<\/li>\n<\/ul>\n\n\n\n<ul class=\"wp-block-list\">\n<li><strong>Dehidrasyon: v<\/strong>\u00fccudunuzda yeterli miktarda su bulunmad\u0131\u011f\u0131nda kendinizi yorgun, susuz ve halsiz hissetmenize neden olur.<\/li>\n<\/ul>\n\n\n\n<p><strong>\u00c7evre ve hava durumuna dair riskler:<\/strong><\/p>\n\n\n\n<p><strong>K\u0131\u015f:<\/strong><strong><\/strong><\/p>\n\n\n\n<ul class=\"wp-block-list\">\n<li><strong>-35\u00b0C (-31\u00b0F) alt\u0131ndaki dondurucu so\u011fuklar<\/strong><\/li>\n<\/ul>\n\n\n\n<ul class=\"wp-block-list\">\n<li><strong>Kar f\u0131rt\u0131nalar\u0131 ve tipiler<\/strong>: G\u00f6r\u00fc\u015f mesafesinin azalmas\u0131 ve tehlikeli ko\u015fullar kaybolman\u0131za veya so\u011fukta mahsur kalman\u0131za neden olabilir.<\/li>\n<\/ul>\n\n\n\n<p><strong>\u0130lkbahar ve Sonbahar:<\/strong><\/p>\n\n\n\n<ul class=\"wp-block-list\">\n<li><strong>\u015eiddetli ya\u011fmurlar ve sel<\/strong>: Kaygan zemine, h\u0131zl\u0131 ve tehlikeli su veya \u00e7amur kaymalar\u0131na neden olarak kaza riskini art\u0131rabilir.<\/li>\n<\/ul>\n\n\n\n<ul class=\"wp-block-list\">\n<li><strong>Ani s\u0131cakl\u0131k d\u00fc\u015f\u00fc\u015fleri:<\/strong> Hipotermiye neden olabilir.<\/li>\n<\/ul>\n\n\n\n<ul class=\"wp-block-list\">\n<li><strong>Bo\u011fulma<\/strong>: Seller, \u015fiddetli ya\u011f\u0131\u015flar s\u0131ras\u0131nda risk artar.<\/li>\n<\/ul>\n\n\n\n<p><strong>Yaz:<\/strong><strong><\/strong><\/p>\n\n\n\n<ul class=\"wp-block-list\">\n<li><strong>S\u0131cak hava dalgalar\u0131<\/strong>: A\u015f\u0131r\u0131 s\u0131ca\u011fa uzun s\u00fcre maruz kalmak s\u0131cak \u00e7arpmas\u0131na ve dehidrasyona yol a\u00e7abilir.<\/li>\n<\/ul>\n\n\n\n<ul class=\"wp-block-list\">\n<li>Nehirlerde veya g\u00f6llerde <strong>bo\u011fulma<\/strong>. <\/li>\n<\/ul>\n\n\n\n<ul class=\"wp-block-list\">\n<li><strong>Fiziksel bitkinlik<\/strong>: S\u0131cakta uzun s\u00fcreli aktivite yapmak yorgunlu\u011fa, dehidrasyona ve hatta s\u0131ca\u011fa ba\u011fl\u0131 hastal\u0131klara neden olabilir.<\/li>\n<\/ul>\n\n\n\n<p><strong>Y\u0131l boyunca ortaya \u00e7\u0131kabilecek di\u011fer riskler:<\/strong><\/p>\n\n\n\n<ul class=\"wp-block-list\">\n<li><strong>Vah\u015fi hayvan sald\u0131r\u0131lar\u0131.<\/strong><\/li>\n<\/ul>\n\n\n\n<ul class=\"wp-block-list\">\n<li><strong>Ormanl\u0131k veya seyrek n\u00fcfuslu alanlar<\/strong>: Kaybolma veya vah\u015fi ya\u015famla kar\u015f\u0131la\u015fma tehlikesi artar.<\/li>\n<\/ul>\n\n\n\n<ul class=\"wp-block-list\">\n<li><strong>Bo\u011fulma riski: <\/strong>H\u0131zl\u0131 hareket eden nehirler, sel veya ince buz tabakas\u0131n\u0131n k\u0131r\u0131lmas\u0131 sonucu suya d\u00fc\u015fme nedeniyle ortaya \u00e7\u0131kar.<\/li>\n<\/ul>\n\n\n\n<p><strong>Acil durumlarda &#8211; Siz veya bir ba\u015fkas\u0131 acil tehlike alt\u0131ndaysa 911&#8217;i aray\u0131n.<\/strong><\/p>\n\n\n\n<p>Bu, yard\u0131m i\u00e7in arayabilece\u011finiz \u00fccretsiz bir acil durum numaras\u0131d\u0131r. Acil sa\u011fl\u0131k, polis veya itfaiye hizmetleri alarma ge\u00e7irilecektir.<\/p>\n\n\n\n<p><\/p>\n","protected":false},"excerpt":{"rendered":"<p>Uyar\u0131: ABD-Kanada s\u0131n\u0131r\u0131n\u0131 resmi s\u0131n\u0131r noktalar\u0131 d\u0131\u015f\u0131nda ge\u00e7meyi tercih ederseniz, bu \u00e7ok tehlikeli olabilir. \u015eiddetli hava ko\u015fullar\u0131 veya k\u0131\u015f, ilkbahar, yaz ve sonbahar mevsiminde ya\u015fanan di\u011fer riskler nedeniyle insanlar \u00f6lm\u00fc\u015f veya yaralanm\u0131\u015ft\u0131r. Kanada&#8217;da hava \u00e7ok so\u011fuk ya da s\u0131cak olabilir. Y\u0131l\u0131n belirli zamanlar\u0131nda sel veya \u00e7amur kaymalar\u0131 da ya\u015fanabilir. A\u015fa\u011f\u0131da kar\u015f\u0131la\u015fabilece\u011finiz baz\u0131 riskler yer almaktad\u0131r. [&hellip;]<\/p>\n","protected":false},"author":24,"featured_media":0,"parent":2553,"menu_order":0,"comment_status":"closed","ping_status":"closed","template":"","meta":{"_acf_changed":false,"footnotes":""},"class_list":["post-2507","page","type-page","status-publish","hentry"],"acf":[],"_links":{"self":[{"href":"https:\/\/help.unhcr.org\/canada\/tr\/wp-json\/wp\/v2\/pages\/2507","targetHints":{"allow":["GET"]}}],"collection":[{"href":"https:\/\/help.unhcr.org\/canada\/tr\/wp-json\/wp\/v2\/pages"}],"about":[{"href":"https:\/\/help.unhcr.org\/canada\/tr\/wp-json\/wp\/v2\/types\/page"}],"author":[{"embeddable":true,"href":"https:\/\/help.unhcr.org\/canada\/tr\/wp-json\/wp\/v2\/users\/24"}],"replies":[{"embeddable":true,"href":"https:\/\/help.unhcr.org\/canada\/tr\/wp-json\/wp\/v2\/comments?post=2507"}],"version-history":[{"count":1,"href":"https:\/\/help.unhcr.org\/canada\/tr\/wp-json\/wp\/v2\/pages\/2507\/revisions"}],"predecessor-version":[{"id":2508,"href":"https:\/\/help.unhcr.org\/canada\/tr\/wp-json\/wp\/v2\/pages\/2507\/revisions\/2508"}],"up":[{"embeddable":true,"href":"https:\/\/help.unhcr.org\/canada\/tr\/wp-json\/wp\/v2\/pages\/2553"}],"wp:attachment":[{"href":"https:\/\/help.unhcr.org\/canada\/tr\/wp-json\/wp\/v2\/media?parent=2507"}],"curies":[{"name":"wp","href":"https:\/\/api.w.org\/{rel}","templated":true}]}}