{"id":2467,"date":"2025-06-11T15:32:24","date_gmt":"2025-06-11T15:32:24","guid":{"rendered":"https:\/\/help.unhcr.org\/canada\/?page_id=2467"},"modified":"2025-06-11T15:32:42","modified_gmt":"2025-06-11T15:32:42","slug":"multeciler-icin-seyahat-belgeleri","status":"publish","type":"page","link":"https:\/\/help.unhcr.org\/canada\/tr\/multeciler-icin-seyahat-belgeleri\/","title":{"rendered":"M\u00fclteciler \u0130\u00e7in Seyahat Belgeleri"},"content":{"rendered":"\n<p>M\u00fcltecilerin genellikle ulusal pasaportlar\u0131 yoktur ya da ka\u00e7\u0131\u015f veya koruma durumlar\u0131yla ilgili \u00e7e\u015fitli nedenlerden dolay\u0131 ulusal pasaportlar\u0131n\u0131 g\u00fcvenli bir \u015fekilde kullanamazlar. Pasaportun mevcut olmad\u0131\u011f\u0131 veya kullan\u0131m\u0131n\u0131n g\u00fcvenli olmad\u0131\u011f\u0131 durumlarda, m\u00fclteci seyahat belgesi bir \u00e7\u00f6z\u00fcm sa\u011flayabilir.<\/p>\n\n\n\n<hr class=\"wp-block-separator has-alpha-channel-opacity\" \/>\n\n\n\n<p><strong><strong><strong>M\u00fclteci seyahat belgeleri ve UNHCR&#8217;nin bu alandaki savunuculuk \u00e7al\u0131\u015fmalar\u0131 hakk\u0131nda daha genel bilgi i\u00e7in \u015fu adresi inceleyin: <\/strong><a href=\"https:\/\/help.unhcr.org\/faq\/how-can-we-help-you\/travel-documents\/\"><strong>https:\/\/help.unhcr.org\/faq\/how-can-we-help-you\/travel-documents\/<\/strong><\/a><strong>&nbsp; <\/strong><\/strong><\/strong><\/p>\n\n\n\n<p><\/p>\n","protected":false},"excerpt":{"rendered":"<p>M\u00fcltecilerin genellikle ulusal pasaportlar\u0131 yoktur ya da ka\u00e7\u0131\u015f veya koruma durumlar\u0131yla ilgili \u00e7e\u015fitli nedenlerden dolay\u0131 ulusal pasaportlar\u0131n\u0131 g\u00fcvenli bir \u015fekilde kullanamazlar. Pasaportun mevcut olmad\u0131\u011f\u0131 veya kullan\u0131m\u0131n\u0131n g\u00fcvenli olmad\u0131\u011f\u0131 durumlarda, m\u00fclteci seyahat belgesi bir \u00e7\u00f6z\u00fcm sa\u011flayabilir. M\u00fclteci seyahat belgeleri ve UNHCR&#8217;nin bu alandaki savunuculuk \u00e7al\u0131\u015fmalar\u0131 hakk\u0131nda daha genel bilgi i\u00e7in \u015fu adresi inceleyin: https:\/\/help.unhcr.org\/faq\/how-can-we-help-you\/travel-documents\/&nbsp;<\/p>\n","protected":false},"author":24,"featured_media":0,"parent":0,"menu_order":0,"comment_status":"closed","ping_status":"closed","template":"page-templates\/sectioned.php","meta":{"_acf_changed":false,"footnotes":""},"class_list":["post-2467","page","type-page","status-publish","hentry"],"acf":[],"_links":{"self":[{"href":"https:\/\/help.unhcr.org\/canada\/tr\/wp-json\/wp\/v2\/pages\/2467","targetHints":{"allow":["GET"]}}],"collection":[{"href":"https:\/\/help.unhcr.org\/canada\/tr\/wp-json\/wp\/v2\/pages"}],"about":[{"href":"https:\/\/help.unhcr.org\/canada\/tr\/wp-json\/wp\/v2\/types\/page"}],"author":[{"embeddable":true,"href":"https:\/\/help.unhcr.org\/canada\/tr\/wp-json\/wp\/v2\/users\/24"}],"replies":[{"embeddable":true,"href":"https:\/\/help.unhcr.org\/canada\/tr\/wp-json\/wp\/v2\/comments?post=2467"}],"version-history":[{"count":4,"href":"https:\/\/help.unhcr.org\/canada\/tr\/wp-json\/wp\/v2\/pages\/2467\/revisions"}],"predecessor-version":[{"id":2482,"href":"https:\/\/help.unhcr.org\/canada\/tr\/wp-json\/wp\/v2\/pages\/2467\/revisions\/2482"}],"wp:attachment":[{"href":"https:\/\/help.unhcr.org\/canada\/tr\/wp-json\/wp\/v2\/media?parent=2467"}],"curies":[{"name":"wp","href":"https:\/\/api.w.org\/{rel}","templated":true}]}}