{"id":2089,"date":"2024-12-19T15:32:03","date_gmt":"2024-12-19T15:32:03","guid":{"rendered":"https:\/\/help.unhcr.org\/canada\/?page_id=2089"},"modified":"2025-12-10T21:48:11","modified_gmt":"2025-12-10T21:48:11","slug":"2089-2","status":"publish","type":"page","link":"https:\/\/help.unhcr.org\/canada\/tr\/2089-2\/","title":{"rendered":"M\u00fclteciler i\u00e7in \u00f6zel sponsorluk"},"content":{"rendered":"\n<p class=\"has-background\" style=\"background-color:#fdf799\">Duyuru: Kanada G\u00f6\u00e7menlik, M\u00fcltecilik ve Vatanda\u015fl\u0131k B\u00fcrosu (IRCC), 29 Kas\u0131m 2024 tarihinden itibaren PSR program\u0131 kapsam\u0131nda Be\u015fli Gruplardan ve Topluluk Sponsorlar\u0131ndan yeni ba\u015fvuru kabul etmeyi ge\u00e7ici olarak durdurmu\u015ftur. Bu tedbir 31 Aral\u0131k 2026 tarihine kadar y\u00fcr\u00fcrl\u00fckte kalacakt\u0131r. Daha fazla bilgi i\u00e7in \u015fu adresi ziyaret edin:\u00a0<a href=\"https:\/\/www.canada.ca\/en\/immigration-refugees-citizenship\/news\/notices\/temporary-pause-extended-refugee-sponsorship-applications-groups-five.html\">Temporary Pause Extended on Intake of Refugee Sponsorship Applications From Groups of Five and Community Sponsors &#8211; Canada.ca<\/a><\/p>\n\n\n\n<p>Kanada&#8217;da m\u00fcltecileri yerle\u015ftirmeye dair farkl\u0131 programlar bulunmaktad\u0131r. Devlet Destekli M\u00fclteciler (GAR) program\u0131 ve Karma Vize B\u00fcrosu Y\u00f6nlendirmesi (BVOR) program\u0131na ek olarak, Kanada vatanda\u015flar\u0131 ve kal\u0131c\u0131 oturum iznine sahip olanlar da <a href=\"https:\/\/www.canada.ca\/en\/immigration-refugees-citizenship\/services\/refugees\/help-outside-canada\/private-sponsorship-program.html\">M\u00fclteciler \u0130\u00e7in \u00d6zel Sponsorluk (PSR) program\u0131<\/a> arac\u0131l\u0131\u011f\u0131yla m\u00fcltecilerin Kanada&#8217;da yeni bir hayat kurmalar\u0131na yard\u0131mc\u0131 olabilmektedir. PSR program\u0131, Kanadal\u0131 ki\u015filerin Kanada&#8217;n\u0131n m\u00fclteci ve insani yard\u0131m program\u0131 kapsam\u0131nda m\u00fclteci olarak nitelendirilen belirli bireylerin veya ailelerin yerle\u015fim i\u015flemlerini tamamlamas\u0131na olanak tan\u0131maktad\u0131r. \u00d6zel sponsorlu\u011fa sahip m\u00fclteciler Kanada d\u0131\u015f\u0131nda Kanada vize memurlar\u0131 taraf\u0131ndan onaylan\u0131r ve Kanada&#8217;ya vard\u0131klar\u0131nda kal\u0131c\u0131 oturum izni sahibi olurlar. \u00d6zel sponsorlar, inan\u00e7 temelli dernekler, etnok\u00fclt\u00fcrel gruplar veya yerle\u015fim kurulu\u015flar\u0131 da dahil olmak \u00fczere Kanadal\u0131 ki\u015filerden olu\u015fan g\u00f6n\u00fcll\u00fc gruplar veya kurulu\u015flard\u0131r. Sponsorluk yapan gruplar, m\u00fcltecilere sponsorluk s\u00fcresi boyunca (genellikle Kanada&#8217;ya vard\u0131klar\u0131 tarihten itibaren bir y\u0131la kadar) sosyal, duygusal ve yerle\u015fim deste\u011finin yan\u0131 s\u0131ra gerekli yerle\u015fim yard\u0131m\u0131 ile birlikte maddi ve finansal destek sa\u011flamaktan sorumludur. A\u015fa\u011f\u0131daki \u00fc\u00e7 programdan biri kapsam\u0131nda m\u00fcltecilere sponsor olabilirler:<\/p>\n\n\n\n<ul class=\"wp-block-list\">\n<li><a href=\"https:\/\/www.canada.ca\/en\/immigration-refugees-citizenship\/services\/refugees\/help-outside-canada\/private-sponsorship-program\/groups-five.html\">Be\u015fli Gruplar (G5)<\/a>: Yurtd\u0131\u015f\u0131nda ya\u015fayan bir m\u00fclteciyi kendi topluluklar\u0131nda a\u011f\u0131rlamak i\u00e7in toplu \u015fekilde sponsorluk yapabilecek, sponsorluk gereksinimlerini yerine getirebilecek finansal ve yerle\u015fime dair kapasiteye sahip be\u015f veya daha fazla Kanada vatanda\u015f\u0131 veya kal\u0131c\u0131 oturum izni olan ki\u015fidir.<\/li>\n\n\n\n<li><a href=\"https:\/\/www.canada.ca\/en\/immigration-refugees-citizenship\/services\/refugees\/help-outside-canada\/private-sponsorship-program\/community-sponsors.html\">Topluluk Sponsorlar\u0131<\/a>: M\u00fcltecilerin yerle\u015ftirilece\u011fi toplulukta bulunan ve sponsorluk gereksinimlerini yerine getirebilecek finansal ve yerle\u015fime dair kapasiteye sahip kurulu\u015flar, dernekler veya \u015firketlerdir.<\/li>\n\n\n\n<li><a href=\"https:\/\/www.canada.ca\/en\/immigration-refugees-citizenship\/services\/refugees\/help-outside-canada\/private-sponsorship-program\/agreement-holders.html\">Sponsorluk S\u00f6zle\u015fmesi Sahipleri (SAH&#8217;ler)<\/a>: Kanada G\u00f6\u00e7menlik, M\u00fcltecilik ve Vatanda\u015fl\u0131k B\u00fcrosu (IRCC) ile bir s\u00f6zle\u015fme imzalayan ve sponsorluklar\u0131n y\u00f6netimi i\u00e7in genel sorumlulu\u011fu \u00fcstlenen anonim kurulu\u015flard\u0131r. SAH&#8217;ler ayr\u0131ca topluluktaki Kurucu Gruplar\u0131 (CG&#8217;ler) kendi s\u00f6zle\u015fmeleri kapsam\u0131nda m\u00fcltecilere sponsor olmalar\u0131 i\u00e7in yetkilendirebilirler.<\/li>\n<\/ul>\n\n\n\n<p>Sponsorlar genellikle hikayelerini arkada\u015flar\u0131ndan, topluluk \u00fcyelerinden, akrabalar\u0131ndan veya deniza\u015f\u0131r\u0131 ba\u011flant\u0131lar\u0131ndan duyduklar\u0131 m\u00fclteciler i\u00e7in bu s\u00fcrece kendilerini adarlar. PSR program\u0131 arac\u0131l\u0131\u011f\u0131yla bir m\u00fclteciye sponsor olmak istiyorsan\u0131z, \u00f6ncelikle ki\u015finin program kapsam\u0131nda uygun olup olmad\u0131\u011f\u0131n\u0131 de\u011ferlendirmeniz gerekmektedir. \u00d6rne\u011fin, yaln\u0131zca BMMYK veya bir Devlet taraf\u0131ndan tan\u0131nan m\u00fclteciler Be\u015fli Grup veya Topluluk Sponsorlu\u011fu i\u00e7in uygundur. M\u00fclteciler i\u00e7in \u00d6zel Sponsorluk (PSR) program\u0131 hakk\u0131nda daha fazla bilgiyi <a href=\"https:\/\/www.canada.ca\/en\/immigration-refugees-citizenship\/services\/refugees\/help-outside-canada\/private-sponsorship-program.html\">Kanada G\u00f6\u00e7menlik, M\u00fcltecilik ve Vatanda\u015fl\u0131k B\u00fcrosu&#8217;nun web sitesinde<\/a> ve <a href=\"https:\/\/www.rstp.ca\/en\/\">M\u00fclteci Sponsorlu\u011fu E\u011fitim Program\u0131 web sitesinde<\/a> bulabilirsiniz.<\/p>\n\n\n\n<p>Qu\u00e9bec eyaleti, \u00f6zel sponsorluk i\u00e7in kendi ba\u015fvurular\u0131n\u0131 ayr\u0131 \u015fekilde almakta ve onaylamaktad\u0131r. Qu\u00e9bec&#8217;te \u00f6zel sponsorluk hakk\u0131nda daha fazla bilgiyi <a href=\"https:\/\/www.canada.ca\/en\/immigration-refugees-citizenship\/corporate\/publications-manuals\/operational-bulletins-manuals\/refugee-protection\/resettlement\/private-sponsorship\/quebec.html\">Kanada G\u00f6\u00e7menlik, M\u00fcltecilik ve Vatanda\u015fl\u0131k B\u00fcrosu\u2019nun web sitesinde<\/a> ve <a href=\"https:\/\/www.immigration-quebec.gouv.qc.ca\/en\/immigrate-settle\/humanitarian-immigration\/collective-sponsorship\/index.html\">Minist\u00e8re de l&#8217;Immigration, de la Francisation et de l&#8217;Int\u00e9gration du Qu\u00e9bec<\/a> web sitesinde bulabilirsiniz.<br><\/p>\n","protected":false},"excerpt":{"rendered":"<p>Duyuru: Kanada G\u00f6\u00e7menlik, M\u00fcltecilik ve Vatanda\u015fl\u0131k B\u00fcrosu (IRCC), 29 Kas\u0131m 2024 tarihinden itibaren PSR program\u0131 kapsam\u0131nda Be\u015fli Gruplardan ve Topluluk Sponsorlar\u0131ndan yeni ba\u015fvuru kabul etmeyi ge\u00e7ici olarak durdurmu\u015ftur. Bu tedbir 31 Aral\u0131k 2026 tarihine kadar y\u00fcr\u00fcrl\u00fckte kalacakt\u0131r. Daha fazla bilgi i\u00e7in \u015fu adresi ziyaret edin:\u00a0Temporary Pause Extended on Intake of Refugee Sponsorship Applications From Groups [&hellip;]<\/p>\n","protected":false},"author":24,"featured_media":0,"parent":0,"menu_order":8,"comment_status":"closed","ping_status":"closed","template":"","meta":{"_acf_changed":false,"footnotes":""},"class_list":["post-2089","page","type-page","status-publish","hentry"],"acf":[],"_links":{"self":[{"href":"https:\/\/help.unhcr.org\/canada\/tr\/wp-json\/wp\/v2\/pages\/2089","targetHints":{"allow":["GET"]}}],"collection":[{"href":"https:\/\/help.unhcr.org\/canada\/tr\/wp-json\/wp\/v2\/pages"}],"about":[{"href":"https:\/\/help.unhcr.org\/canada\/tr\/wp-json\/wp\/v2\/types\/page"}],"author":[{"embeddable":true,"href":"https:\/\/help.unhcr.org\/canada\/tr\/wp-json\/wp\/v2\/users\/24"}],"replies":[{"embeddable":true,"href":"https:\/\/help.unhcr.org\/canada\/tr\/wp-json\/wp\/v2\/comments?post=2089"}],"version-history":[{"count":3,"href":"https:\/\/help.unhcr.org\/canada\/tr\/wp-json\/wp\/v2\/pages\/2089\/revisions"}],"predecessor-version":[{"id":2726,"href":"https:\/\/help.unhcr.org\/canada\/tr\/wp-json\/wp\/v2\/pages\/2089\/revisions\/2726"}],"wp:attachment":[{"href":"https:\/\/help.unhcr.org\/canada\/tr\/wp-json\/wp\/v2\/media?parent=2089"}],"curies":[{"name":"wp","href":"https:\/\/api.w.org\/{rel}","templated":true}]}}