{"id":1789,"date":"2022-06-28T18:39:53","date_gmt":"2022-06-28T18:39:53","guid":{"rendered":"https:\/\/help.unhcr.org\/canada\/resources-for-asylum-seekers\/british-columbia\/"},"modified":"2024-03-07T19:18:13","modified_gmt":"2024-03-07T19:18:13","slug":"british-columbia","status":"publish","type":"page","link":"https:\/\/help.unhcr.org\/canada\/tr\/resources-for-asylum-seekers\/british-columbia\/","title":{"rendered":"British Columbia"},"content":{"rendered":"\n<h3 class=\"wp-block-heading has-white-color has-text-color has-background\" style=\"background-color:#0072bc\">Hukuk Hizmetleri Derne\u011fi: Adli Yard\u0131m BC<\/h3>\n\n\n\n<p>Hukuk Hizmetleri Derne\u011fi (LSS), British Columbia eyaletindeki s\u0131\u011f\u0131nmac\u0131lar da dahil olmak \u00fczere d\u00fc\u015f\u00fck gelirli ki\u015filere yasal bilgi, tavsiye ve temsil hizmetleri sa\u011flamak i\u00e7in kurulmu\u015f, kar amac\u0131 g\u00fctmeyen bir kurulu\u015ftur. Kanada G\u00f6\u00e7menlik ve M\u00fclteci Kurulu (IRB) \u00f6n\u00fcndeki duru\u015fman\u0131zda sizi temsil edecek bir avukat\u0131n \u00fccretini \u00f6demek i\u00e7in mali destek alman\u0131za yard\u0131mc\u0131 olabilirler.<\/p>\n\n\n\n<ul class=\"wp-block-list\">\n<li><strong>Telefon:<\/strong>&nbsp;+1-866-577-2525<\/li>\n\n\n\n<li><strong>Web sitesi:<\/strong>\u00a0<a href=\"https:\/\/www.lss.bc.ca\/\" target=\"_blank\" rel=\"noreferrer noopener\">https:\/\/www.lss.bc.ca\/<\/a><\/li>\n\n\n\n<li><strong>Adres:<\/strong>&nbsp;425 \u2013 510 Burrard Street, Vancouver, British Columbia V6C 3A8<\/li>\n\n\n\n<li><strong>\u00c7al\u0131\u015fma saatleri:<\/strong>&nbsp;\n<ul class=\"wp-block-list\">\n<li>Pazartesi, Sal\u0131, Per\u015fembe ve Cuma &#8211; 09.00 &#8211; 16.00<\/li>\n\n\n\n<li>\u00c7ar\u015famba &#8211; 09.00 &#8211; 14.30<\/li>\n<\/ul>\n<\/li>\n<\/ul>\n\n\n\n<h3 class=\"wp-block-heading has-white-color has-text-color has-background\" style=\"background-color:#0072bc\">Kinbrace<\/h3>\n\n\n\n<p>Kinbrace toplulu\u011fu, s\u0131\u011f\u0131nma talebinde bulunanlara bar\u0131nma, e\u011fitim ve destek sa\u011flamaktad\u0131r. S\u0131\u011f\u0131nma s\u00fcreci hakk\u0131nda daha fazla bilgi edinmek i\u00e7in Kinbrace taraf\u0131ndan yay\u0131nlanan S\u0131\u011f\u0131nma Talebim rehberini inceleyebilirsiniz.<\/p>\n\n\n\n<ul class=\"wp-block-list\">\n<li><strong>Telefon:<\/strong> +1-604-255-9691<\/li>\n\n\n\n<li><strong>E-posta:<\/strong> <a href=\"mailto:info@kinbrace.ca\">info@kinbrace.ca<\/a> <\/li>\n\n\n\n<li><strong>Web sitesi:<\/strong><a href=\"https:\/\/myrefugeeclaim.ca\/en\/\" target=\"_blank\" rel=\"noreferrer noopener\">https:\/\/myrefugeeclaim.ca\/en\/<\/a><\/li>\n<\/ul>\n\n\n\n<h3 class=\"wp-block-heading has-white-color has-text-color has-background\" style=\"background-color:#0072bc\">G\u00f6\u00e7 ve M\u00fclteci Hukuk Klini\u011fi<\/h3>\n\n\n\n<p>G\u00f6\u00e7 ve M\u00fclteci Hukuk Klini\u011fi, BC genelinde d\u00fc\u015f\u00fck gelirli ki\u015filere terc\u00fcmanl\u0131k hizmetleriyle birlikte \u00fccretsiz hukuki dan\u0131\u015fmanl\u0131k ve temsil sa\u011flamaktad\u0131r. Klinik, davalar\u0131 geleneksel adli yard\u0131m sistemi kapsam\u0131nda olmayan veya bu sistemde hizmet verilmesi kolay olmayan bireyler ve aileler i\u00e7in bir g\u00fcvenlik a\u011f\u0131 g\u00f6revi g\u00f6rmektedir.&nbsp;<\/p>\n\n\n\n<ul class=\"wp-block-list\">\n<li><strong>Telefon:<\/strong> +1-778-372-6583<\/li>\n\n\n\n<li><strong>E-posta:<\/strong> <a href=\"mailto:info@irlc.ca\">info@irlc.ca<\/a><\/li>\n\n\n\n<li><strong>Web sitesi:<\/strong> <a href=\"https:\/\/www.irlc.ca\/\" target=\"_blank\" rel=\"noreferrer noopener\">https:\/\/www.irlc.ca\/<\/a><\/li>\n<\/ul>\n","protected":false},"excerpt":{"rendered":"<p>Hukuk Hizmetleri Derne\u011fi: Adli Yard\u0131m BC Hukuk Hizmetleri Derne\u011fi (LSS), British Columbia eyaletindeki s\u0131\u011f\u0131nmac\u0131lar da dahil olmak \u00fczere d\u00fc\u015f\u00fck gelirli ki\u015filere yasal bilgi, tavsiye ve temsil hizmetleri sa\u011flamak i\u00e7in kurulmu\u015f, kar amac\u0131 g\u00fctmeyen bir kurulu\u015ftur. Kanada G\u00f6\u00e7menlik ve M\u00fclteci Kurulu (IRB) \u00f6n\u00fcndeki duru\u015fman\u0131zda sizi temsil edecek bir avukat\u0131n \u00fccretini \u00f6demek i\u00e7in mali destek alman\u0131za yard\u0131mc\u0131 [&hellip;]<\/p>\n","protected":false},"author":24,"featured_media":0,"parent":1484,"menu_order":50,"comment_status":"closed","ping_status":"closed","template":"","meta":{"_acf_changed":false,"footnotes":""},"class_list":["post-1789","page","type-page","status-publish","hentry"],"acf":[],"_links":{"self":[{"href":"https:\/\/help.unhcr.org\/canada\/tr\/wp-json\/wp\/v2\/pages\/1789","targetHints":{"allow":["GET"]}}],"collection":[{"href":"https:\/\/help.unhcr.org\/canada\/tr\/wp-json\/wp\/v2\/pages"}],"about":[{"href":"https:\/\/help.unhcr.org\/canada\/tr\/wp-json\/wp\/v2\/types\/page"}],"author":[{"embeddable":true,"href":"https:\/\/help.unhcr.org\/canada\/tr\/wp-json\/wp\/v2\/users\/24"}],"replies":[{"embeddable":true,"href":"https:\/\/help.unhcr.org\/canada\/tr\/wp-json\/wp\/v2\/comments?post=1789"}],"version-history":[{"count":3,"href":"https:\/\/help.unhcr.org\/canada\/tr\/wp-json\/wp\/v2\/pages\/1789\/revisions"}],"predecessor-version":[{"id":1959,"href":"https:\/\/help.unhcr.org\/canada\/tr\/wp-json\/wp\/v2\/pages\/1789\/revisions\/1959"}],"up":[{"embeddable":true,"href":"https:\/\/help.unhcr.org\/canada\/tr\/wp-json\/wp\/v2\/pages\/1484"}],"wp:attachment":[{"href":"https:\/\/help.unhcr.org\/canada\/tr\/wp-json\/wp\/v2\/media?parent=1789"}],"curies":[{"name":"wp","href":"https:\/\/api.w.org\/{rel}","templated":true}]}}